{"id":7564,"date":"2022-11-05T10:49:02","date_gmt":"2022-11-05T09:49:02","guid":{"rendered":"https:\/\/2023.janacek-brno.cz\/?page_id=7564"},"modified":"2022-11-05T11:14:18","modified_gmt":"2022-11-05T10:14:18","slug":"operavision","status":"publish","type":"page","link":"https:\/\/2023.janacek-brno.cz\/en\/operavision\/","title":{"rendered":"OperaVision"},"content":{"rendered":"<p>[vc_row gap=&#8221;35&#8243;][vc_column][vc_custom_heading text=&#8221;Watch for free an extraordinary recording of the performance:<br \/>\nGlagolitic Mass \/ From the Dead House:&#8221; use_theme_fonts=&#8221;yes&#8221;][vc_single_image image=&#8221;7570&#8243; img_size=&#8221;full&#8221; onclick=&#8221;custom_link&#8221; img_link_target=&#8221;_blank&#8221; link=&#8221;https:\/\/operavision.eu\/performance\/house-dead-glagolitic-mass&#8221;][vc_empty_space height=&#8221;10px&#8221;][vc_column_text]Live stream 6.11.&nbsp;from the Jan\u00e1\u010dek Theater in Brno and the subsequent recording is provided by the platform <a href=\"https:\/\/www.operavision.eu\" target=\"_blank\" rel=\"noopener\"> www.Operavision.eu.<\/a>[\/vc_column_text][vc_empty_space height=&#8221;50px&#8221;][vc_empty_space height=&#8221;50px&#8221;][\/vc_column][\/vc_row]<\/p>\n","protected":false},"excerpt":{"rendered":"<p>[vc_row gap=&#8221;35&#8243;][vc_column][vc_custom_heading text=&#8221;Watch for free an extraordinary recording of the performance: Glagolitic Mass \/ From the Dead House:&#8221; use_theme_fonts=&#8221;yes&#8221;][vc_single_image image=&#8221;7570&#8243; img_size=&#8221;full&#8221; onclick=&#8221;custom_link&#8221; img_link_target=&#8221;_blank&#8221; link=&#8221;https:\/\/operavision.eu\/performance\/house-dead-glagolitic-mass&#8221;][vc_empty_space height=&#8221;10px&#8221;][vc_column_text]Live stream 6.11.&nbsp;from the Jan\u00e1\u010dek Theater in Brno and the subsequent recording is provided by the platform www.Operavision.eu.[\/vc_column_text][vc_empty_space height=&#8221;50px&#8221;][vc_empty_space height=&#8221;50px&#8221;][\/vc_column][\/vc_row]<\/p>\n","protected":false},"author":1,"featured_media":0,"parent":0,"menu_order":0,"comment_status":"closed","ping_status":"open","template":"","meta":{"_expiration-date-status":"","_expiration-date":0,"_expiration-date-type":"","_expiration-date-categories":[],"_expiration-date-options":[]},"yoast_head":"<!-- This site is optimized with the Yoast SEO plugin v20.9 - https:\/\/yoast.com\/wordpress\/plugins\/seo\/ -->\n<title>OperaVision - Jan\u00e1\u010dek Brno 2023<\/title>\n<meta name=\"robots\" content=\"noindex, follow, max-snippet:-1, max-image-preview:large, max-video-preview:-1\" \/>\n<meta property=\"og:locale\" content=\"en_US\" \/>\n<meta property=\"og:type\" content=\"article\" \/>\n<meta property=\"og:title\" content=\"OperaVision - Jan\u00e1\u010dek Brno 2023\" \/>\n<meta property=\"og:description\" content=\"[vc_row gap=&#8221;35&#8243;][vc_column][vc_custom_heading text=&#8221;Watch for free an extraordinary recording of the performance: Glagolitic Mass \/ From the Dead House:&#8221; use_theme_fonts=&#8221;yes&#8221;][vc_single_image image=&#8221;7570&#8243; img_size=&#8221;full&#8221; onclick=&#8221;custom_link&#8221; img_link_target=&#8221;_blank&#8221; link=&#8221;https:\/\/operavision.eu\/performance\/house-dead-glagolitic-mass&#8221;][vc_empty_space height=&#8221;10px&#8221;][vc_column_text]Live stream 6.11.&nbsp;from the Jan\u00e1\u010dek Theater in Brno and the subsequent recording is provided by the platform www.Operavision.eu.[\/vc_column_text][vc_empty_space height=&#8221;50px&#8221;][vc_empty_space height=&#8221;50px&#8221;][\/vc_column][\/vc_row]\" \/>\n<meta property=\"og:url\" content=\"https:\/\/2023.janacek-brno.cz\/en\/operavision\/\" \/>\n<meta property=\"og:site_name\" content=\"Jan\u00e1\u010dek Brno 2023\" \/>\n<meta property=\"article:modified_time\" content=\"2022-11-05T10:14:18+00:00\" \/>\n<meta name=\"twitter:card\" content=\"summary_large_image\" \/>\n<meta name=\"twitter:label1\" content=\"Est. reading time\" \/>\n\t<meta name=\"twitter:data1\" content=\"1 minute\" \/>\n<script type=\"application\/ld+json\" class=\"yoast-schema-graph\">{\"@context\":\"https:\/\/schema.org\",\"@graph\":[{\"@type\":\"WebPage\",\"@id\":\"https:\/\/2023.janacek-brno.cz\/en\/operavision\/\",\"url\":\"https:\/\/2023.janacek-brno.cz\/en\/operavision\/\",\"name\":\"OperaVision - Jan\u00e1\u010dek Brno 2023\",\"isPartOf\":{\"@id\":\"https:\/\/2023.janacek-brno.cz\/en\/#website\"},\"datePublished\":\"2022-11-05T09:49:02+00:00\",\"dateModified\":\"2022-11-05T10:14:18+00:00\",\"breadcrumb\":{\"@id\":\"https:\/\/2023.janacek-brno.cz\/en\/operavision\/#breadcrumb\"},\"inLanguage\":\"en-US\",\"potentialAction\":[{\"@type\":\"ReadAction\",\"target\":[\"https:\/\/2023.janacek-brno.cz\/en\/operavision\/\"]}]},{\"@type\":\"BreadcrumbList\",\"@id\":\"https:\/\/2023.janacek-brno.cz\/en\/operavision\/#breadcrumb\",\"itemListElement\":[{\"@type\":\"ListItem\",\"position\":1,\"name\":\"Home\",\"item\":\"https:\/\/2023.janacek-brno.cz\/en\/\"},{\"@type\":\"ListItem\",\"position\":2,\"name\":\"OperaVision\"}]},{\"@type\":\"WebSite\",\"@id\":\"https:\/\/2023.janacek-brno.cz\/en\/#website\",\"url\":\"https:\/\/2023.janacek-brno.cz\/en\/\",\"name\":\"Jan\u00e1\u010dek Brno 2023\",\"description\":\"Mezin\u00e1rodn\u00ed opern\u00ed a hudebn\u00ed festival\",\"potentialAction\":[{\"@type\":\"SearchAction\",\"target\":{\"@type\":\"EntryPoint\",\"urlTemplate\":\"https:\/\/2023.janacek-brno.cz\/en\/?s={search_term_string}\"},\"query-input\":\"required name=search_term_string\"}],\"inLanguage\":\"en-US\"}]}<\/script>\n<!-- \/ Yoast SEO plugin. -->","yoast_head_json":{"title":"OperaVision - Jan\u00e1\u010dek Brno 2023","robots":{"index":"noindex","follow":"follow","max-snippet":"max-snippet:-1","max-image-preview":"max-image-preview:large","max-video-preview":"max-video-preview:-1"},"og_locale":"en_US","og_type":"article","og_title":"OperaVision - Jan\u00e1\u010dek Brno 2023","og_description":"[vc_row gap=&#8221;35&#8243;][vc_column][vc_custom_heading text=&#8221;Watch for free an extraordinary recording of the performance: Glagolitic Mass \/ From the Dead House:&#8221; use_theme_fonts=&#8221;yes&#8221;][vc_single_image image=&#8221;7570&#8243; img_size=&#8221;full&#8221; onclick=&#8221;custom_link&#8221; img_link_target=&#8221;_blank&#8221; link=&#8221;https:\/\/operavision.eu\/performance\/house-dead-glagolitic-mass&#8221;][vc_empty_space height=&#8221;10px&#8221;][vc_column_text]Live stream 6.11.&nbsp;from the Jan\u00e1\u010dek Theater in Brno and the subsequent recording is provided by the platform www.Operavision.eu.[\/vc_column_text][vc_empty_space height=&#8221;50px&#8221;][vc_empty_space height=&#8221;50px&#8221;][\/vc_column][\/vc_row]","og_url":"https:\/\/2023.janacek-brno.cz\/en\/operavision\/","og_site_name":"Jan\u00e1\u010dek Brno 2023","article_modified_time":"2022-11-05T10:14:18+00:00","twitter_card":"summary_large_image","twitter_misc":{"Est. reading time":"1 minute"},"schema":{"@context":"https:\/\/schema.org","@graph":[{"@type":"WebPage","@id":"https:\/\/2023.janacek-brno.cz\/en\/operavision\/","url":"https:\/\/2023.janacek-brno.cz\/en\/operavision\/","name":"OperaVision - Jan\u00e1\u010dek Brno 2023","isPartOf":{"@id":"https:\/\/2023.janacek-brno.cz\/en\/#website"},"datePublished":"2022-11-05T09:49:02+00:00","dateModified":"2022-11-05T10:14:18+00:00","breadcrumb":{"@id":"https:\/\/2023.janacek-brno.cz\/en\/operavision\/#breadcrumb"},"inLanguage":"en-US","potentialAction":[{"@type":"ReadAction","target":["https:\/\/2023.janacek-brno.cz\/en\/operavision\/"]}]},{"@type":"BreadcrumbList","@id":"https:\/\/2023.janacek-brno.cz\/en\/operavision\/#breadcrumb","itemListElement":[{"@type":"ListItem","position":1,"name":"Home","item":"https:\/\/2023.janacek-brno.cz\/en\/"},{"@type":"ListItem","position":2,"name":"OperaVision"}]},{"@type":"WebSite","@id":"https:\/\/2023.janacek-brno.cz\/en\/#website","url":"https:\/\/2023.janacek-brno.cz\/en\/","name":"Jan\u00e1\u010dek Brno 2023","description":"Mezin\u00e1rodn\u00ed opern\u00ed a hudebn\u00ed festival","potentialAction":[{"@type":"SearchAction","target":{"@type":"EntryPoint","urlTemplate":"https:\/\/2023.janacek-brno.cz\/en\/?s={search_term_string}"},"query-input":"required name=search_term_string"}],"inLanguage":"en-US"}]}},"_links":{"self":[{"href":"https:\/\/2023.janacek-brno.cz\/en\/wp-json\/wp\/v2\/pages\/7564"}],"collection":[{"href":"https:\/\/2023.janacek-brno.cz\/en\/wp-json\/wp\/v2\/pages"}],"about":[{"href":"https:\/\/2023.janacek-brno.cz\/en\/wp-json\/wp\/v2\/types\/page"}],"author":[{"embeddable":true,"href":"https:\/\/2023.janacek-brno.cz\/en\/wp-json\/wp\/v2\/users\/1"}],"replies":[{"embeddable":true,"href":"https:\/\/2023.janacek-brno.cz\/en\/wp-json\/wp\/v2\/comments?post=7564"}],"version-history":[{"count":4,"href":"https:\/\/2023.janacek-brno.cz\/en\/wp-json\/wp\/v2\/pages\/7564\/revisions"}],"predecessor-version":[{"id":7579,"href":"https:\/\/2023.janacek-brno.cz\/en\/wp-json\/wp\/v2\/pages\/7564\/revisions\/7579"}],"wp:attachment":[{"href":"https:\/\/2023.janacek-brno.cz\/en\/wp-json\/wp\/v2\/media?parent=7564"}],"curies":[{"name":"wp","href":"https:\/\/api.w.org\/{rel}","templated":true}]}}