{"id":6914,"date":"2022-09-27T09:55:14","date_gmt":"2022-09-27T07:55:14","guid":{"rendered":"https:\/\/2023.janacek-brno.cz\/?page_id=6914"},"modified":"2022-09-27T14:07:56","modified_gmt":"2022-09-27T12:07:56","slug":"media","status":"publish","type":"page","link":"https:\/\/2023.janacek-brno.cz\/en\/media\/","title":{"rendered":"M\u00e9dia"},"content":{"rendered":"<p>[vc_row gap=&#8221;35&#8243;][vc_column][vc_custom_heading text=&#8221;We invite you to listen to the new podcast for the 8th edition of the festival (czech only):&#8221; use_theme_fonts=&#8221;yes&#8221;][vc_raw_html]JTNDaWZyYW1lJTIwd2lkdGglM0QlMjIxMDAlMjUlMjIlMjBoZWlnaHQlM0QlMjIxNjYlMjIlMjBzY3JvbGxpbmclM0QlMjJubyUyMiUyMGZyYW1lYm9yZGVyJTNEJTIybm8lMjIlMjBhbGxvdyUzRCUyMmF1dG9wbGF5JTIyJTIwc3JjJTNEJTIyaHR0cHMlM0ElMkYlMkZ3LnNvdW5kY2xvdWQuY29tJTJGcGxheWVyJTJGJTNGdXJsJTNEaHR0cHMlMjUzQSUyRiUyRmFwaS5zb3VuZGNsb3VkLmNvbSUyRnRyYWNrcyUyRjEzNDkxNDI0MDklMjZjb2xvciUzRCUyNTIzZmY1NTAwJTI2YXV0b19wbGF5JTNEZmFsc2UlMjZoaWRlX3JlbGF0ZWQlM0RmYWxzZSUyNnNob3dfY29tbWVudHMlM0R0cnVlJTI2c2hvd191c2VyJTNEdHJ1ZSUyNnNob3dfcmVwb3N0cyUzRGZhbHNlJTI2c2hvd190ZWFzZXIlM0R0cnVlJTIyJTNFJTNDJTJGaWZyYW1lJTNFJTNDZGl2JTIwc3R5bGUlM0QlMjJmb250LXNpemUlM0ElMjAxMHB4JTNCJTIwY29sb3IlM0ElMjAlMjNjY2NjY2MlM0JsaW5lLWJyZWFrJTNBJTIwYW55d2hlcmUlM0J3b3JkLWJyZWFrJTNBJTIwbm9ybWFsJTNCb3ZlcmZsb3clM0ElMjBoaWRkZW4lM0J3aGl0ZS1zcGFjZSUzQSUyMG5vd3JhcCUzQnRleHQtb3ZlcmZsb3clM0ElMjBlbGxpcHNpcyUzQiUyMGZvbnQtZmFtaWx5JTNBJTIwSW50ZXJzdGF0ZSUyQ0x1Y2lkYSUyMEdyYW5kZSUyQ0x1Y2lkYSUyMFNhbnMlMjBVbmljb2RlJTJDTHVjaWRhJTIwU2FucyUyQ0dhcnVkYSUyQ1ZlcmRhbmElMkNUYWhvbWElMkNzYW5zLXNlcmlmJTNCZm9udC13ZWlnaHQlM0ElMjAxMDAlM0IlMjIlM0UlM0NhJTIwaHJlZiUzRCUyMmh0dHBzJTNBJTJGJTJGc291bmRjbG91ZC5jb20lMkZqYW5hY2VrLWJybm8lMjIlMjB0aXRsZSUzRCUyMkZlc3RpdmFsJTIwSmFuJUMzJUExJUM0JThEZWslMjBCcm5vJTIyJTIwdGFyZ2V0JTNEJTIyX2JsYW5rJTIyJTIwc3R5bGUlM0QlMjJjb2xvciUzQSUyMCUyM2NjY2NjYyUzQiUyMHRleHQtZGVjb3JhdGlvbiUzQSUyMG5vbmUlM0IlMjIlM0VGZXN0aXZhbCUyMEphbiVDMyVBMSVDNCU4RGVrJTIwQnJubyUzQyUyRmElM0UlMjAlQzIlQjclMjAlM0NhJTIwaHJlZiUzRCUyMmh0dHBzJTNBJTJGJTJGc291bmRjbG91ZC5jb20lMkZqYW5hY2VrLWJybm8lMkZwb2RjYXN0LXBvenZhbmthJTIyJTIwdGl0bGUlM0QlMjIlQzMlOUF2b2QlMjBrJTIwcG9kY2FzdHUlMjB2JUM0JTlCbm92YW4lQzMlQTltdSUyMExlbyVDNSVBMWklMjBKYW4lQzMlQTElQzQlOERrb3ZpJTIwdiUyMHIlQzMlQTFtY2klMjBmZXN0aXZhbHUlMjBKYW4lQzMlQTElQzQlOERlayUyMEJybm8lMjAyMDIyJTIyJTIwdGFyZ2V0JTNEJTIyX2JsYW5rJTIyJTIwc3R5bGUlM0QlMjJjb2xvciUzQSUyMCUyM2NjY2NjYyUzQiUyMHRleHQtZGVjb3JhdGlvbiUzQSUyMG5vbmUlM0IlMjIlM0UlQzMlOUF2b2QlMjBrJTIwcG9kY2FzdHUlMjB2JUM0JTlCbm92YW4lQzMlQTltdSUyMExlbyVDNSVBMWklMjBKYW4lQzMlQTElQzQlOERrb3ZpJTIwdiUyMHIlQzMlQTFtY2klMjBmZXN0aXZhbHUlMjBKYW4lQzMlQTElQzQlOERlayUyMEJybm8lMjAyMDIyJTNDJTJGYSUzRSUzQyUyRmRpdiUzRQ==[\/vc_raw_html][vc_raw_html]QWx0ZXJuYXRpdmUlMjBsaW5rcyUyMHRvJTIwbGlzdGVuJTIwdG8lMjB0aGUlMjByZWd1bGFyJTIwcG9kY2FzdCUyMGNhbiUyMGJlJTIwZm91bmQlMjBoZXJlJTIwJTI4Y3plY2glMjBvbmx5JTI5JTNBJTNDYnIlM0UlM0NiciUzRSUwQSUwQSUwQSUzQ2ElMjBocmVmJTNEJTIyaHR0cHMlM0ElMkYlMkZzb3VuZGNsb3VkLmNvbSUyRmphbmFjZWstYnJubyUyMiUyMHRhcmdldCUzRCUyMl9ibGFuayUyMiUzRWh0dHBzJTNBJTJGJTJGc291bmRjbG91ZC5jb20lMkZqYW5hY2VrLWJybm8lM0MlMkZhJTNFJTNDYnIlM0UlM0NiciUzRSUwQSUwQSUzQ2ElMjBocmVmJTNEJTIyaHR0cHMlM0ElMkYlMkZhbmNob3IuZm0lMkZqYW5hY2VrLWJybm8lMjIlMjB0YXJnZXQlM0QlMjJfYmxhbmslMjIlM0VodHRwcyUzQSUyRiUyRmFuY2hvci5mbSUyRmphbmFjZWstYnJubyUzQyUyRmElM0UlM0NiciUzRSUzQ2JyJTNFJTBBJTBBJTNDYSUyMGhyZWYlM0QlMjJodHRwcyUzQSUyRiUyRm9wZW4uc3BvdGlmeS5jb20lMkZzaG93JTJGNE5SbEZJS2o4dlFKQmRZdWROVDFUeCUyMiUyMHRhcmdldCUzRCUyMl9ibGFuayUyMiUzRWh0dHBzJTNBJTJGJTJGb3Blbi5zcG90aWZ5LmNvbSUyRnNob3clMkY0TlJsRklLajh2UUpCZFl1ZE5UMVR4JTNDJTJGYSUzRQ==[\/vc_raw_html][vc_empty_space height=&#8221;50px&#8221;][vc_custom_heading text=&#8221;Don&#8217;t miss the interesting videos related to this year&#8217;s 8th edition:&#8221; use_theme_fonts=&#8221;yes&#8221;][vc_column_text]We will be adding more video content regularly, so stay tuned. Here on the website and also on social media, thank you.[\/vc_column_text][vc_empty_space height=&#8221;10px&#8221;][\/vc_column][\/vc_row][vc_row gap=&#8221;35&#8243;][vc_column][vc_video link=&#8221;https:\/\/youtu.be\/eHD2YmJZ5kU&#8221; align=&#8221;center&#8221;][vc_empty_space height=&#8221;35px&#8221;][vc_row_inner][vc_column_inner width=&#8221;1\/2&#8243;]<div id=\"ultimate-video-384769e6b0dbce925\" class=\"ult-video  ult-adjust-bottom-margin ultimate-video-384769e6b0dbce925 ultv-9273 \"><div class=\"ultv-video ultv-aspect-ratio-16_9 ultv-subscribe-responsive-none\" data-videotype=\"uv_iframe\">\n\t\t\t\t\t\t<div class=\"ultv-video__outer-wrap\" data-autoplay=\"0\" data-device=\"false\"  data-iconbg=\"#3A3A3A\" data-overcolor=\"\" data-defaultbg=\"#1f1f1e\" data-defaultplay=\"defaulticon\"><div class=\"ultv-video__play\" data-src=\"https:\/\/www.youtube.com\/embed\/3OoXHjcvzRE?rel=0&amp;start&amp;end&amp;controls=1&amp;mute=0&amp;modestbranding=0&amp;autoplay=1\">\n\t\t\t\t\t\t\t\t<img class=\"ultv-video__thumb\" src=\"https:\/\/i.ytimg.com\/vi\/3OoXHjcvzRE\/maxresdefault.jpg\"\/>\n\t\t\t\t\t\t\t\t<div class=\"ultv-video__play-icon  ultv-animation-none\" style=\"width:75px\"><svg height=\"100%\" version=\"1.1\" viewBox=\"0 0 68 48\" width=\"100%\"><path class=\"ultv-youtube-icon-bg\" d=\"m .66,37.62 c 0,0 .66,4.70 2.70,6.77 2.58,2.71 5.98,2.63 7.49,2.91 5.43,.52 23.10,.68 23.12,.68 .00,-1.3e-5 14.29,-0.02 23.81,-0.71 1.32,-0.15 4.22,-0.17 6.81,-2.89 2.03,-2.07 2.70,-6.77 2.70,-6.77 0,0 .67,-5.52 .67,-11.04 l 0,-5.17 c 0,-5.52 -0.67,-11.04 -0.67,-11.04 0,0 -0.66,-4.70 -2.70,-6.77 C 62.03,.86 59.13,.84 57.80,.69 48.28,0 34.00,0 34.00,0 33.97,0 19.69,0 10.18,.69 8.85,.84 5.95,.86 3.36,3.58 1.32,5.65 .66,10.35 .66,10.35 c 0,0 -0.55,4.50 -0.66,9.45 l 0,8.36 c .10,4.94 .66,9.45 .66,9.45 z\" fill=\"#1f1f1e\" ><\/path><path d=\"m 26.96,13.67 18.37,9.62 -18.37,9.55 -0.00,-19.17 z\" fill=\"#fff\"><\/path><path d=\"M 45.02,23.46 45.32,23.28 26.96,13.67 43.32,22.34 45.02,23.46 z\" fill=\"#ccc\"><\/path><\/svg><\/div> <\/div> <\/div><\/div><\/div>[vc_empty_space]<div id=\"ultimate-video-63769e6b0dbce9ac\" class=\"ult-video  ult-adjust-bottom-margin ultimate-video-63769e6b0dbce9ac ultv-8381 \"><div class=\"ultv-video ultv-aspect-ratio-16_9 ultv-subscribe-responsive-none\" data-videotype=\"uv_iframe\">\n\t\t\t\t\t\t<div class=\"ultv-video__outer-wrap\" data-autoplay=\"0\" data-device=\"false\"  data-iconbg=\"#3A3A3A\" data-overcolor=\"\" data-defaultbg=\"#1f1f1e\" data-defaultplay=\"defaulticon\"><div class=\"ultv-video__play\" data-src=\"https:\/\/www.youtube.com\/embed\/uHufR26mF4k?rel=0&amp;start&amp;end&amp;controls=1&amp;mute=0&amp;modestbranding=0&amp;autoplay=1\">\n\t\t\t\t\t\t\t\t<img class=\"ultv-video__thumb\" src=\"https:\/\/i.ytimg.com\/vi\/uHufR26mF4k\/maxresdefault.jpg\"\/>\n\t\t\t\t\t\t\t\t<div class=\"ultv-video__play-icon  ultv-animation-none\" style=\"width:75px\"><svg height=\"100%\" version=\"1.1\" viewBox=\"0 0 68 48\" width=\"100%\"><path class=\"ultv-youtube-icon-bg\" d=\"m .66,37.62 c 0,0 .66,4.70 2.70,6.77 2.58,2.71 5.98,2.63 7.49,2.91 5.43,.52 23.10,.68 23.12,.68 .00,-1.3e-5 14.29,-0.02 23.81,-0.71 1.32,-0.15 4.22,-0.17 6.81,-2.89 2.03,-2.07 2.70,-6.77 2.70,-6.77 0,0 .67,-5.52 .67,-11.04 l 0,-5.17 c 0,-5.52 -0.67,-11.04 -0.67,-11.04 0,0 -0.66,-4.70 -2.70,-6.77 C 62.03,.86 59.13,.84 57.80,.69 48.28,0 34.00,0 34.00,0 33.97,0 19.69,0 10.18,.69 8.85,.84 5.95,.86 3.36,3.58 1.32,5.65 .66,10.35 .66,10.35 c 0,0 -0.55,4.50 -0.66,9.45 l 0,8.36 c .10,4.94 .66,9.45 .66,9.45 z\" fill=\"#1f1f1e\" ><\/path><path d=\"m 26.96,13.67 18.37,9.62 -18.37,9.55 -0.00,-19.17 z\" fill=\"#fff\"><\/path><path d=\"M 45.02,23.46 45.32,23.28 26.96,13.67 43.32,22.34 45.02,23.46 z\" fill=\"#ccc\"><\/path><\/svg><\/div> <\/div> <\/div><\/div><\/div>[\/vc_column_inner][vc_column_inner width=&#8221;1\/2&#8243;]<div id=\"ultimate-video-868369e6b0dbce9ea\" class=\"ult-video  ult-adjust-bottom-margin ultimate-video-868369e6b0dbce9ea ultv-1565 \"><div class=\"ultv-video ultv-aspect-ratio-16_9 ultv-subscribe-responsive-none\" data-videotype=\"uv_iframe\">\n\t\t\t\t\t\t<div class=\"ultv-video__outer-wrap\" data-autoplay=\"0\" data-device=\"false\"  data-iconbg=\"#3A3A3A\" data-overcolor=\"\" data-defaultbg=\"#1f1f1e\" data-defaultplay=\"defaulticon\"><div class=\"ultv-video__play\" data-src=\"https:\/\/www.youtube.com\/embed\/b3Nh7_vNv_A?rel=0&amp;start&amp;end&amp;controls=1&amp;mute=0&amp;modestbranding=0&amp;autoplay=1\">\n\t\t\t\t\t\t\t\t<img class=\"ultv-video__thumb\" src=\"https:\/\/i.ytimg.com\/vi\/b3Nh7_vNv_A\/maxresdefault.jpg\"\/>\n\t\t\t\t\t\t\t\t<div class=\"ultv-video__play-icon  ultv-animation-none\" style=\"width:75px\"><svg height=\"100%\" version=\"1.1\" viewBox=\"0 0 68 48\" width=\"100%\"><path class=\"ultv-youtube-icon-bg\" d=\"m .66,37.62 c 0,0 .66,4.70 2.70,6.77 2.58,2.71 5.98,2.63 7.49,2.91 5.43,.52 23.10,.68 23.12,.68 .00,-1.3e-5 14.29,-0.02 23.81,-0.71 1.32,-0.15 4.22,-0.17 6.81,-2.89 2.03,-2.07 2.70,-6.77 2.70,-6.77 0,0 .67,-5.52 .67,-11.04 l 0,-5.17 c 0,-5.52 -0.67,-11.04 -0.67,-11.04 0,0 -0.66,-4.70 -2.70,-6.77 C 62.03,.86 59.13,.84 57.80,.69 48.28,0 34.00,0 34.00,0 33.97,0 19.69,0 10.18,.69 8.85,.84 5.95,.86 3.36,3.58 1.32,5.65 .66,10.35 .66,10.35 c 0,0 -0.55,4.50 -0.66,9.45 l 0,8.36 c .10,4.94 .66,9.45 .66,9.45 z\" fill=\"#1f1f1e\" ><\/path><path d=\"m 26.96,13.67 18.37,9.62 -18.37,9.55 -0.00,-19.17 z\" fill=\"#fff\"><\/path><path d=\"M 45.02,23.46 45.32,23.28 26.96,13.67 43.32,22.34 45.02,23.46 z\" fill=\"#ccc\"><\/path><\/svg><\/div> <\/div> <\/div><\/div><\/div>[vc_empty_space]<div id=\"ultimate-video-279269e6b0dbcea25\" class=\"ult-video  ult-adjust-bottom-margin ultimate-video-279269e6b0dbcea25 ultv-2925 \"><div class=\"ultv-video ultv-aspect-ratio-16_9 ultv-subscribe-responsive-none\" data-videotype=\"uv_iframe\">\n\t\t\t\t\t\t<div class=\"ultv-video__outer-wrap\" data-autoplay=\"0\" data-device=\"false\"  data-iconbg=\"#3A3A3A\" data-overcolor=\"\" data-defaultbg=\"#1f1f1e\" data-defaultplay=\"defaulticon\"><div class=\"ultv-video__play\" data-src=\"https:\/\/www.youtube.com\/embed\/y2ln0c1iRZ8?rel=0&amp;start&amp;end&amp;controls=1&amp;mute=0&amp;modestbranding=0&amp;autoplay=1\">\n\t\t\t\t\t\t\t\t<img class=\"ultv-video__thumb\" src=\"https:\/\/i.ytimg.com\/vi\/y2ln0c1iRZ8\/maxresdefault.jpg\"\/>\n\t\t\t\t\t\t\t\t<div class=\"ultv-video__play-icon  ultv-animation-none\" style=\"width:75px\"><svg height=\"100%\" version=\"1.1\" viewBox=\"0 0 68 48\" width=\"100%\"><path class=\"ultv-youtube-icon-bg\" d=\"m .66,37.62 c 0,0 .66,4.70 2.70,6.77 2.58,2.71 5.98,2.63 7.49,2.91 5.43,.52 23.10,.68 23.12,.68 .00,-1.3e-5 14.29,-0.02 23.81,-0.71 1.32,-0.15 4.22,-0.17 6.81,-2.89 2.03,-2.07 2.70,-6.77 2.70,-6.77 0,0 .67,-5.52 .67,-11.04 l 0,-5.17 c 0,-5.52 -0.67,-11.04 -0.67,-11.04 0,0 -0.66,-4.70 -2.70,-6.77 C 62.03,.86 59.13,.84 57.80,.69 48.28,0 34.00,0 34.00,0 33.97,0 19.69,0 10.18,.69 8.85,.84 5.95,.86 3.36,3.58 1.32,5.65 .66,10.35 .66,10.35 c 0,0 -0.55,4.50 -0.66,9.45 l 0,8.36 c .10,4.94 .66,9.45 .66,9.45 z\" fill=\"#1f1f1e\" ><\/path><path d=\"m 26.96,13.67 18.37,9.62 -18.37,9.55 -0.00,-19.17 z\" fill=\"#fff\"><\/path><path d=\"M 45.02,23.46 45.32,23.28 26.96,13.67 43.32,22.34 45.02,23.46 z\" fill=\"#ccc\"><\/path><\/svg><\/div> <\/div> <\/div><\/div><\/div>[\/vc_column_inner][\/vc_row_inner][\/vc_column][\/vc_row]<\/p>\n","protected":false},"excerpt":{"rendered":"<p>[vc_row gap=&#8221;35&#8243;][vc_column][vc_custom_heading text=&#8221;We invite you to listen to the new podcast for the 8th edition of the festival (czech only):&#8221; use_theme_fonts=&#8221;yes&#8221;][vc_raw_html]JTNDaWZyYW1lJTIwd2lkdGglM0QlMjIxMDAlMjUlMjIlMjBoZWlnaHQlM0QlMjIxNjYlMjIlMjBzY3JvbGxpbmclM0QlMjJubyUyMiUyMGZyYW1lYm9yZGVyJTNEJTIybm8lMjIlMjBhbGxvdyUzRCUyMmF1dG9wbGF5JTIyJTIwc3JjJTNEJTIyaHR0cHMlM0ElMkYlMkZ3LnNvdW5kY2xvdWQuY29tJTJGcGxheWVyJTJGJTNGdXJsJTNEaHR0cHMlMjUzQSUyRiUyRmFwaS5zb3VuZGNsb3VkLmNvbSUyRnRyYWNrcyUyRjEzNDkxNDI0MDklMjZjb2xvciUzRCUyNTIzZmY1NTAwJTI2YXV0b19wbGF5JTNEZmFsc2UlMjZoaWRlX3JlbGF0ZWQlM0RmYWxzZSUyNnNob3dfY29tbWVudHMlM0R0cnVlJTI2c2hvd191c2VyJTNEdHJ1ZSUyNnNob3dfcmVwb3N0cyUzRGZhbHNlJTI2c2hvd190ZWFzZXIlM0R0cnVlJTIyJTNFJTNDJTJGaWZyYW1lJTNFJTNDZGl2JTIwc3R5bGUlM0QlMjJmb250LXNpemUlM0ElMjAxMHB4JTNCJTIwY29sb3IlM0ElMjAlMjNjY2NjY2MlM0JsaW5lLWJyZWFrJTNBJTIwYW55d2hlcmUlM0J3b3JkLWJyZWFrJTNBJTIwbm9ybWFsJTNCb3ZlcmZsb3clM0ElMjBoaWRkZW4lM0J3aGl0ZS1zcGFjZSUzQSUyMG5vd3JhcCUzQnRleHQtb3ZlcmZsb3clM0ElMjBlbGxpcHNpcyUzQiUyMGZvbnQtZmFtaWx5JTNBJTIwSW50ZXJzdGF0ZSUyQ0x1Y2lkYSUyMEdyYW5kZSUyQ0x1Y2lkYSUyMFNhbnMlMjBVbmljb2RlJTJDTHVjaWRhJTIwU2FucyUyQ0dhcnVkYSUyQ1ZlcmRhbmElMkNUYWhvbWElMkNzYW5zLXNlcmlmJTNCZm9udC13ZWlnaHQlM0ElMjAxMDAlM0IlMjIlM0UlM0NhJTIwaHJlZiUzRCUyMmh0dHBzJTNBJTJGJTJGc291bmRjbG91ZC5jb20lMkZqYW5hY2VrLWJybm8lMjIlMjB0aXRsZSUzRCUyMkZlc3RpdmFsJTIwSmFuJUMzJUExJUM0JThEZWslMjBCcm5vJTIyJTIwdGFyZ2V0JTNEJTIyX2JsYW5rJTIyJTIwc3R5bGUlM0QlMjJjb2xvciUzQSUyMCUyM2NjY2NjYyUzQiUyMHRleHQtZGVjb3JhdGlvbiUzQSUyMG5vbmUlM0IlMjIlM0VGZXN0aXZhbCUyMEphbiVDMyVBMSVDNCU4RGVrJTIwQnJubyUzQyUyRmElM0UlMjAlQzIlQjclMjAlM0NhJTIwaHJlZiUzRCUyMmh0dHBzJTNBJTJGJTJGc291bmRjbG91ZC5jb20lMkZqYW5hY2VrLWJybm8lMkZwb2RjYXN0LXBvenZhbmthJTIyJTIwdGl0bGUlM0QlMjIlQzMlOUF2b2QlMjBrJTIwcG9kY2FzdHUlMjB2JUM0JTlCbm92YW4lQzMlQTltdSUyMExlbyVDNSVBMWklMjBKYW4lQzMlQTElQzQlOERrb3ZpJTIwdiUyMHIlQzMlQTFtY2klMjBmZXN0aXZhbHUlMjBKYW4lQzMlQTElQzQlOERlayUyMEJybm8lMjAyMDIyJTIyJTIwdGFyZ2V0JTNEJTIyX2JsYW5rJTIyJTIwc3R5bGUlM0QlMjJjb2xvciUzQSUyMCUyM2NjY2NjYyUzQiUyMHRleHQtZGVjb3JhdGlvbiUzQSUyMG5vbmUlM0IlMjIlM0UlQzMlOUF2b2QlMjBrJTIwcG9kY2FzdHUlMjB2JUM0JTlCbm92YW4lQzMlQTltdSUyMExlbyVDNSVBMWklMjBKYW4lQzMlQTElQzQlOERrb3ZpJTIwdiUyMHIlQzMlQTFtY2klMjBmZXN0aXZhbHUlMjBKYW4lQzMlQTElQzQlOERlayUyMEJybm8lMjAyMDIyJTNDJTJGYSUzRSUzQyUyRmRpdiUzRQ==[\/vc_raw_html][vc_raw_html]QWx0ZXJuYXRpdmUlMjBsaW5rcyUyMHRvJTIwbGlzdGVuJTIwdG8lMjB0aGUlMjByZWd1bGFyJTIwcG9kY2FzdCUyMGNhbiUyMGJlJTIwZm91bmQlMjBoZXJlJTIwJTI4Y3plY2glMjBvbmx5JTI5JTNBJTNDYnIlM0UlM0NiciUzRSUwQSUwQSUwQSUzQ2ElMjBocmVmJTNEJTIyaHR0cHMlM0ElMkYlMkZzb3VuZGNsb3VkLmNvbSUyRmphbmFjZWstYnJubyUyMiUyMHRhcmdldCUzRCUyMl9ibGFuayUyMiUzRWh0dHBzJTNBJTJGJTJGc291bmRjbG91ZC5jb20lMkZqYW5hY2VrLWJybm8lM0MlMkZhJTNFJTNDYnIlM0UlM0NiciUzRSUwQSUwQSUzQ2ElMjBocmVmJTNEJTIyaHR0cHMlM0ElMkYlMkZhbmNob3IuZm0lMkZqYW5hY2VrLWJybm8lMjIlMjB0YXJnZXQlM0QlMjJfYmxhbmslMjIlM0VodHRwcyUzQSUyRiUyRmFuY2hvci5mbSUyRmphbmFjZWstYnJubyUzQyUyRmElM0UlM0NiciUzRSUzQ2JyJTNFJTBBJTBBJTNDYSUyMGhyZWYlM0QlMjJodHRwcyUzQSUyRiUyRm9wZW4uc3BvdGlmeS5jb20lMkZzaG93JTJGNE5SbEZJS2o4dlFKQmRZdWROVDFUeCUyMiUyMHRhcmdldCUzRCUyMl9ibGFuayUyMiUzRWh0dHBzJTNBJTJGJTJGb3Blbi5zcG90aWZ5LmNvbSUyRnNob3clMkY0TlJsRklLajh2UUpCZFl1ZE5UMVR4JTNDJTJGYSUzRQ==[\/vc_raw_html][vc_empty_space height=&#8221;50px&#8221;][vc_custom_heading text=&#8221;Don&#8217;t miss the interesting videos related to this year&#8217;s 8th edition:&#8221; use_theme_fonts=&#8221;yes&#8221;][vc_column_text]We will be adding more video content regularly, so stay tuned. Here on the website and also on social media, thank you.[\/vc_column_text][vc_empty_space&hellip;<\/p>\n","protected":false},"author":1,"featured_media":0,"parent":0,"menu_order":0,"comment_status":"closed","ping_status":"open","template":"","meta":{"_expiration-date-status":"","_expiration-date":0,"_expiration-date-type":"","_expiration-date-categories":[],"_expiration-date-options":[]},"yoast_head":"<!-- This site is optimized with the Yoast SEO plugin v20.9 - https:\/\/yoast.com\/wordpress\/plugins\/seo\/ -->\n<title>M\u00e9dia - Jan\u00e1\u010dek Brno 2023<\/title>\n<meta name=\"robots\" content=\"noindex, follow, max-snippet:-1, max-image-preview:large, max-video-preview:-1\" \/>\n<meta property=\"og:locale\" content=\"en_US\" \/>\n<meta property=\"og:type\" content=\"article\" \/>\n<meta property=\"og:title\" content=\"M\u00e9dia - Jan\u00e1\u010dek Brno 2023\" \/>\n<meta property=\"og:description\" content=\"[vc_row gap=&#8221;35&#8243;][vc_column][vc_custom_heading text=&#8221;We invite you to listen to the new podcast for the 8th edition of the festival (czech only):&#8221; use_theme_fonts=&#8221;yes&#8221;][vc_raw_html]JTNDaWZyYW1lJTIwd2lkdGglM0QlMjIxMDAlMjUlMjIlMjBoZWlnaHQlM0QlMjIxNjYlMjIlMjBzY3JvbGxpbmclM0QlMjJubyUyMiUyMGZyYW1lYm9yZGVyJTNEJTIybm8lMjIlMjBhbGxvdyUzRCUyMmF1dG9wbGF5JTIyJTIwc3JjJTNEJTIyaHR0cHMlM0ElMkYlMkZ3LnNvdW5kY2xvdWQuY29tJTJGcGxheWVyJTJGJTNGdXJsJTNEaHR0cHMlMjUzQSUyRiUyRmFwaS5zb3VuZGNsb3VkLmNvbSUyRnRyYWNrcyUyRjEzNDkxNDI0MDklMjZjb2xvciUzRCUyNTIzZmY1NTAwJTI2YXV0b19wbGF5JTNEZmFsc2UlMjZoaWRlX3JlbGF0ZWQlM0RmYWxzZSUyNnNob3dfY29tbWVudHMlM0R0cnVlJTI2c2hvd191c2VyJTNEdHJ1ZSUyNnNob3dfcmVwb3N0cyUzRGZhbHNlJTI2c2hvd190ZWFzZXIlM0R0cnVlJTIyJTNFJTNDJTJGaWZyYW1lJTNFJTNDZGl2JTIwc3R5bGUlM0QlMjJmb250LXNpemUlM0ElMjAxMHB4JTNCJTIwY29sb3IlM0ElMjAlMjNjY2NjY2MlM0JsaW5lLWJyZWFrJTNBJTIwYW55d2hlcmUlM0J3b3JkLWJyZWFrJTNBJTIwbm9ybWFsJTNCb3ZlcmZsb3clM0ElMjBoaWRkZW4lM0J3aGl0ZS1zcGFjZSUzQSUyMG5vd3JhcCUzQnRleHQtb3ZlcmZsb3clM0ElMjBlbGxpcHNpcyUzQiUyMGZvbnQtZmFtaWx5JTNBJTIwSW50ZXJzdGF0ZSUyQ0x1Y2lkYSUyMEdyYW5kZSUyQ0x1Y2lkYSUyMFNhbnMlMjBVbmljb2RlJTJDTHVjaWRhJTIwU2FucyUyQ0dhcnVkYSUyQ1ZlcmRhbmElMkNUYWhvbWElMkNzYW5zLXNlcmlmJTNCZm9udC13ZWlnaHQlM0ElMjAxMDAlM0IlMjIlM0UlM0NhJTIwaHJlZiUzRCUyMmh0dHBzJTNBJTJGJTJGc291bmRjbG91ZC5jb20lMkZqYW5hY2VrLWJybm8lMjIlMjB0aXRsZSUzRCUyMkZlc3RpdmFsJTIwSmFuJUMzJUExJUM0JThEZWslMjBCcm5vJTIyJTIwdGFyZ2V0JTNEJTIyX2JsYW5rJTIyJTIwc3R5bGUlM0QlMjJjb2xvciUzQSUyMCUyM2NjY2NjYyUzQiUyMHRleHQtZGVjb3JhdGlvbiUzQSUyMG5vbmUlM0IlMjIlM0VGZXN0aXZhbCUyMEphbiVDMyVBMSVDNCU4RGVrJTIwQnJubyUzQyUyRmElM0UlMjAlQzIlQjclMjAlM0NhJTIwaHJlZiUzRCUyMmh0dHBzJTNBJTJGJTJGc291bmRjbG91ZC5jb20lMkZqYW5hY2VrLWJybm8lMkZwb2RjYXN0LXBvenZhbmthJTIyJTIwdGl0bGUlM0QlMjIlQzMlOUF2b2QlMjBrJTIwcG9kY2FzdHUlMjB2JUM0JTlCbm92YW4lQzMlQTltdSUyMExlbyVDNSVBMWklMjBKYW4lQzMlQTElQzQlOERrb3ZpJTIwdiUyMHIlQzMlQTFtY2klMjBmZXN0aXZhbHUlMjBKYW4lQzMlQTElQzQlOERlayUyMEJybm8lMjAyMDIyJTIyJTIwdGFyZ2V0JTNEJTIyX2JsYW5rJTIyJTIwc3R5bGUlM0QlMjJjb2xvciUzQSUyMCUyM2NjY2NjYyUzQiUyMHRleHQtZGVjb3JhdGlvbiUzQSUyMG5vbmUlM0IlMjIlM0UlQzMlOUF2b2QlMjBrJTIwcG9kY2FzdHUlMjB2JUM0JTlCbm92YW4lQzMlQTltdSUyMExlbyVDNSVBMWklMjBKYW4lQzMlQTElQzQlOERrb3ZpJTIwdiUyMHIlQzMlQTFtY2klMjBmZXN0aXZhbHUlMjBKYW4lQzMlQTElQzQlOERlayUyMEJybm8lMjAyMDIyJTNDJTJGYSUzRSUzQyUyRmRpdiUzRQ==[\/vc_raw_html][vc_raw_html]QWx0ZXJuYXRpdmUlMjBsaW5rcyUyMHRvJTIwbGlzdGVuJTIwdG8lMjB0aGUlMjByZWd1bGFyJTIwcG9kY2FzdCUyMGNhbiUyMGJlJTIwZm91bmQlMjBoZXJlJTIwJTI4Y3plY2glMjBvbmx5JTI5JTNBJTNDYnIlM0UlM0NiciUzRSUwQSUwQSUwQSUzQ2ElMjBocmVmJTNEJTIyaHR0cHMlM0ElMkYlMkZzb3VuZGNsb3VkLmNvbSUyRmphbmFjZWstYnJubyUyMiUyMHRhcmdldCUzRCUyMl9ibGFuayUyMiUzRWh0dHBzJTNBJTJGJTJGc291bmRjbG91ZC5jb20lMkZqYW5hY2VrLWJybm8lM0MlMkZhJTNFJTNDYnIlM0UlM0NiciUzRSUwQSUwQSUzQ2ElMjBocmVmJTNEJTIyaHR0cHMlM0ElMkYlMkZhbmNob3IuZm0lMkZqYW5hY2VrLWJybm8lMjIlMjB0YXJnZXQlM0QlMjJfYmxhbmslMjIlM0VodHRwcyUzQSUyRiUyRmFuY2hvci5mbSUyRmphbmFjZWstYnJubyUzQyUyRmElM0UlM0NiciUzRSUzQ2JyJTNFJTBBJTBBJTNDYSUyMGhyZWYlM0QlMjJodHRwcyUzQSUyRiUyRm9wZW4uc3BvdGlmeS5jb20lMkZzaG93JTJGNE5SbEZJS2o4dlFKQmRZdWROVDFUeCUyMiUyMHRhcmdldCUzRCUyMl9ibGFuayUyMiUzRWh0dHBzJTNBJTJGJTJGb3Blbi5zcG90aWZ5LmNvbSUyRnNob3clMkY0TlJsRklLajh2UUpCZFl1ZE5UMVR4JTNDJTJGYSUzRQ==[\/vc_raw_html][vc_empty_space height=&#8221;50px&#8221;][vc_custom_heading text=&#8221;Don&#8217;t miss the interesting videos related to this year&#8217;s 8th edition:&#8221; use_theme_fonts=&#8221;yes&#8221;][vc_column_text]We will be adding more video content regularly, so stay tuned. Here on the website and also on social media, thank you.[\/vc_column_text][vc_empty_space&hellip;\" \/>\n<meta property=\"og:url\" content=\"https:\/\/2023.janacek-brno.cz\/en\/media\/\" \/>\n<meta property=\"og:site_name\" content=\"Jan\u00e1\u010dek Brno 2023\" \/>\n<meta property=\"article:modified_time\" content=\"2022-09-27T12:07:56+00:00\" \/>\n<meta name=\"twitter:card\" content=\"summary_large_image\" \/>\n<meta name=\"twitter:label1\" content=\"Est. reading time\" \/>\n\t<meta name=\"twitter:data1\" content=\"1 minute\" \/>\n<script type=\"application\/ld+json\" class=\"yoast-schema-graph\">{\"@context\":\"https:\/\/schema.org\",\"@graph\":[{\"@type\":\"WebPage\",\"@id\":\"https:\/\/2023.janacek-brno.cz\/en\/media\/\",\"url\":\"https:\/\/2023.janacek-brno.cz\/en\/media\/\",\"name\":\"M\u00e9dia - Jan\u00e1\u010dek Brno 2023\",\"isPartOf\":{\"@id\":\"https:\/\/2023.janacek-brno.cz\/en\/#website\"},\"datePublished\":\"2022-09-27T07:55:14+00:00\",\"dateModified\":\"2022-09-27T12:07:56+00:00\",\"breadcrumb\":{\"@id\":\"https:\/\/2023.janacek-brno.cz\/en\/media\/#breadcrumb\"},\"inLanguage\":\"en-US\",\"potentialAction\":[{\"@type\":\"ReadAction\",\"target\":[\"https:\/\/2023.janacek-brno.cz\/en\/media\/\"]}]},{\"@type\":\"BreadcrumbList\",\"@id\":\"https:\/\/2023.janacek-brno.cz\/en\/media\/#breadcrumb\",\"itemListElement\":[{\"@type\":\"ListItem\",\"position\":1,\"name\":\"Home\",\"item\":\"https:\/\/2023.janacek-brno.cz\/en\/\"},{\"@type\":\"ListItem\",\"position\":2,\"name\":\"M\u00e9dia\"}]},{\"@type\":\"WebSite\",\"@id\":\"https:\/\/2023.janacek-brno.cz\/en\/#website\",\"url\":\"https:\/\/2023.janacek-brno.cz\/en\/\",\"name\":\"Jan\u00e1\u010dek Brno 2023\",\"description\":\"Mezin\u00e1rodn\u00ed opern\u00ed a hudebn\u00ed festival\",\"potentialAction\":[{\"@type\":\"SearchAction\",\"target\":{\"@type\":\"EntryPoint\",\"urlTemplate\":\"https:\/\/2023.janacek-brno.cz\/en\/?s={search_term_string}\"},\"query-input\":\"required name=search_term_string\"}],\"inLanguage\":\"en-US\"}]}<\/script>\n<!-- \/ Yoast SEO plugin. -->","yoast_head_json":{"title":"M\u00e9dia - Jan\u00e1\u010dek Brno 2023","robots":{"index":"noindex","follow":"follow","max-snippet":"max-snippet:-1","max-image-preview":"max-image-preview:large","max-video-preview":"max-video-preview:-1"},"og_locale":"en_US","og_type":"article","og_title":"M\u00e9dia - Jan\u00e1\u010dek Brno 2023","og_description":"[vc_row gap=&#8221;35&#8243;][vc_column][vc_custom_heading text=&#8221;We invite you to listen to the new podcast for the 8th edition of the festival (czech only):&#8221; use_theme_fonts=&#8221;yes&#8221;][vc_raw_html]JTNDaWZyYW1lJTIwd2lkdGglM0QlMjIxMDAlMjUlMjIlMjBoZWlnaHQlM0QlMjIxNjYlMjIlMjBzY3JvbGxpbmclM0QlMjJubyUyMiUyMGZyYW1lYm9yZGVyJTNEJTIybm8lMjIlMjBhbGxvdyUzRCUyMmF1dG9wbGF5JTIyJTIwc3JjJTNEJTIyaHR0cHMlM0ElMkYlMkZ3LnNvdW5kY2xvdWQuY29tJTJGcGxheWVyJTJGJTNGdXJsJTNEaHR0cHMlMjUzQSUyRiUyRmFwaS5zb3VuZGNsb3VkLmNvbSUyRnRyYWNrcyUyRjEzNDkxNDI0MDklMjZjb2xvciUzRCUyNTIzZmY1NTAwJTI2YXV0b19wbGF5JTNEZmFsc2UlMjZoaWRlX3JlbGF0ZWQlM0RmYWxzZSUyNnNob3dfY29tbWVudHMlM0R0cnVlJTI2c2hvd191c2VyJTNEdHJ1ZSUyNnNob3dfcmVwb3N0cyUzRGZhbHNlJTI2c2hvd190ZWFzZXIlM0R0cnVlJTIyJTNFJTNDJTJGaWZyYW1lJTNFJTNDZGl2JTIwc3R5bGUlM0QlMjJmb250LXNpemUlM0ElMjAxMHB4JTNCJTIwY29sb3IlM0ElMjAlMjNjY2NjY2MlM0JsaW5lLWJyZWFrJTNBJTIwYW55d2hlcmUlM0J3b3JkLWJyZWFrJTNBJTIwbm9ybWFsJTNCb3ZlcmZsb3clM0ElMjBoaWRkZW4lM0J3aGl0ZS1zcGFjZSUzQSUyMG5vd3JhcCUzQnRleHQtb3ZlcmZsb3clM0ElMjBlbGxpcHNpcyUzQiUyMGZvbnQtZmFtaWx5JTNBJTIwSW50ZXJzdGF0ZSUyQ0x1Y2lkYSUyMEdyYW5kZSUyQ0x1Y2lkYSUyMFNhbnMlMjBVbmljb2RlJTJDTHVjaWRhJTIwU2FucyUyQ0dhcnVkYSUyQ1ZlcmRhbmElMkNUYWhvbWElMkNzYW5zLXNlcmlmJTNCZm9udC13ZWlnaHQlM0ElMjAxMDAlM0IlMjIlM0UlM0NhJTIwaHJlZiUzRCUyMmh0dHBzJTNBJTJGJTJGc291bmRjbG91ZC5jb20lMkZqYW5hY2VrLWJybm8lMjIlMjB0aXRsZSUzRCUyMkZlc3RpdmFsJTIwSmFuJUMzJUExJUM0JThEZWslMjBCcm5vJTIyJTIwdGFyZ2V0JTNEJTIyX2JsYW5rJTIyJTIwc3R5bGUlM0QlMjJjb2xvciUzQSUyMCUyM2NjY2NjYyUzQiUyMHRleHQtZGVjb3JhdGlvbiUzQSUyMG5vbmUlM0IlMjIlM0VGZXN0aXZhbCUyMEphbiVDMyVBMSVDNCU4RGVrJTIwQnJubyUzQyUyRmElM0UlMjAlQzIlQjclMjAlM0NhJTIwaHJlZiUzRCUyMmh0dHBzJTNBJTJGJTJGc291bmRjbG91ZC5jb20lMkZqYW5hY2VrLWJybm8lMkZwb2RjYXN0LXBvenZhbmthJTIyJTIwdGl0bGUlM0QlMjIlQzMlOUF2b2QlMjBrJTIwcG9kY2FzdHUlMjB2JUM0JTlCbm92YW4lQzMlQTltdSUyMExlbyVDNSVBMWklMjBKYW4lQzMlQTElQzQlOERrb3ZpJTIwdiUyMHIlQzMlQTFtY2klMjBmZXN0aXZhbHUlMjBKYW4lQzMlQTElQzQlOERlayUyMEJybm8lMjAyMDIyJTIyJTIwdGFyZ2V0JTNEJTIyX2JsYW5rJTIyJTIwc3R5bGUlM0QlMjJjb2xvciUzQSUyMCUyM2NjY2NjYyUzQiUyMHRleHQtZGVjb3JhdGlvbiUzQSUyMG5vbmUlM0IlMjIlM0UlQzMlOUF2b2QlMjBrJTIwcG9kY2FzdHUlMjB2JUM0JTlCbm92YW4lQzMlQTltdSUyMExlbyVDNSVBMWklMjBKYW4lQzMlQTElQzQlOERrb3ZpJTIwdiUyMHIlQzMlQTFtY2klMjBmZXN0aXZhbHUlMjBKYW4lQzMlQTElQzQlOERlayUyMEJybm8lMjAyMDIyJTNDJTJGYSUzRSUzQyUyRmRpdiUzRQ==[\/vc_raw_html][vc_raw_html]QWx0ZXJuYXRpdmUlMjBsaW5rcyUyMHRvJTIwbGlzdGVuJTIwdG8lMjB0aGUlMjByZWd1bGFyJTIwcG9kY2FzdCUyMGNhbiUyMGJlJTIwZm91bmQlMjBoZXJlJTIwJTI4Y3plY2glMjBvbmx5JTI5JTNBJTNDYnIlM0UlM0NiciUzRSUwQSUwQSUwQSUzQ2ElMjBocmVmJTNEJTIyaHR0cHMlM0ElMkYlMkZzb3VuZGNsb3VkLmNvbSUyRmphbmFjZWstYnJubyUyMiUyMHRhcmdldCUzRCUyMl9ibGFuayUyMiUzRWh0dHBzJTNBJTJGJTJGc291bmRjbG91ZC5jb20lMkZqYW5hY2VrLWJybm8lM0MlMkZhJTNFJTNDYnIlM0UlM0NiciUzRSUwQSUwQSUzQ2ElMjBocmVmJTNEJTIyaHR0cHMlM0ElMkYlMkZhbmNob3IuZm0lMkZqYW5hY2VrLWJybm8lMjIlMjB0YXJnZXQlM0QlMjJfYmxhbmslMjIlM0VodHRwcyUzQSUyRiUyRmFuY2hvci5mbSUyRmphbmFjZWstYnJubyUzQyUyRmElM0UlM0NiciUzRSUzQ2JyJTNFJTBBJTBBJTNDYSUyMGhyZWYlM0QlMjJodHRwcyUzQSUyRiUyRm9wZW4uc3BvdGlmeS5jb20lMkZzaG93JTJGNE5SbEZJS2o4dlFKQmRZdWROVDFUeCUyMiUyMHRhcmdldCUzRCUyMl9ibGFuayUyMiUzRWh0dHBzJTNBJTJGJTJGb3Blbi5zcG90aWZ5LmNvbSUyRnNob3clMkY0TlJsRklLajh2UUpCZFl1ZE5UMVR4JTNDJTJGYSUzRQ==[\/vc_raw_html][vc_empty_space height=&#8221;50px&#8221;][vc_custom_heading text=&#8221;Don&#8217;t miss the interesting videos related to this year&#8217;s 8th edition:&#8221; use_theme_fonts=&#8221;yes&#8221;][vc_column_text]We will be adding more video content regularly, so stay tuned. Here on the website and also on social media, thank you.[\/vc_column_text][vc_empty_space&hellip;","og_url":"https:\/\/2023.janacek-brno.cz\/en\/media\/","og_site_name":"Jan\u00e1\u010dek Brno 2023","article_modified_time":"2022-09-27T12:07:56+00:00","twitter_card":"summary_large_image","twitter_misc":{"Est. reading time":"1 minute"},"schema":{"@context":"https:\/\/schema.org","@graph":[{"@type":"WebPage","@id":"https:\/\/2023.janacek-brno.cz\/en\/media\/","url":"https:\/\/2023.janacek-brno.cz\/en\/media\/","name":"M\u00e9dia - Jan\u00e1\u010dek Brno 2023","isPartOf":{"@id":"https:\/\/2023.janacek-brno.cz\/en\/#website"},"datePublished":"2022-09-27T07:55:14+00:00","dateModified":"2022-09-27T12:07:56+00:00","breadcrumb":{"@id":"https:\/\/2023.janacek-brno.cz\/en\/media\/#breadcrumb"},"inLanguage":"en-US","potentialAction":[{"@type":"ReadAction","target":["https:\/\/2023.janacek-brno.cz\/en\/media\/"]}]},{"@type":"BreadcrumbList","@id":"https:\/\/2023.janacek-brno.cz\/en\/media\/#breadcrumb","itemListElement":[{"@type":"ListItem","position":1,"name":"Home","item":"https:\/\/2023.janacek-brno.cz\/en\/"},{"@type":"ListItem","position":2,"name":"M\u00e9dia"}]},{"@type":"WebSite","@id":"https:\/\/2023.janacek-brno.cz\/en\/#website","url":"https:\/\/2023.janacek-brno.cz\/en\/","name":"Jan\u00e1\u010dek Brno 2023","description":"Mezin\u00e1rodn\u00ed opern\u00ed a hudebn\u00ed festival","potentialAction":[{"@type":"SearchAction","target":{"@type":"EntryPoint","urlTemplate":"https:\/\/2023.janacek-brno.cz\/en\/?s={search_term_string}"},"query-input":"required name=search_term_string"}],"inLanguage":"en-US"}]}},"_links":{"self":[{"href":"https:\/\/2023.janacek-brno.cz\/en\/wp-json\/wp\/v2\/pages\/6914"}],"collection":[{"href":"https:\/\/2023.janacek-brno.cz\/en\/wp-json\/wp\/v2\/pages"}],"about":[{"href":"https:\/\/2023.janacek-brno.cz\/en\/wp-json\/wp\/v2\/types\/page"}],"author":[{"embeddable":true,"href":"https:\/\/2023.janacek-brno.cz\/en\/wp-json\/wp\/v2\/users\/1"}],"replies":[{"embeddable":true,"href":"https:\/\/2023.janacek-brno.cz\/en\/wp-json\/wp\/v2\/comments?post=6914"}],"version-history":[{"count":4,"href":"https:\/\/2023.janacek-brno.cz\/en\/wp-json\/wp\/v2\/pages\/6914\/revisions"}],"predecessor-version":[{"id":6934,"href":"https:\/\/2023.janacek-brno.cz\/en\/wp-json\/wp\/v2\/pages\/6914\/revisions\/6934"}],"wp:attachment":[{"href":"https:\/\/2023.janacek-brno.cz\/en\/wp-json\/wp\/v2\/media?parent=6914"}],"curies":[{"name":"wp","href":"https:\/\/api.w.org\/{rel}","templated":true}]}}