{"id":4144,"date":"2021-09-01T14:49:15","date_gmt":"2021-09-01T12:49:15","guid":{"rendered":"https:\/\/2023.janacek-brno.cz\/?page_id=4144"},"modified":"2021-11-26T14:45:36","modified_gmt":"2021-11-26T13:45:36","slug":"history-of-the-festival","status":"publish","type":"page","link":"https:\/\/2023.janacek-brno.cz\/en\/history-of-the-festival\/","title":{"rendered":"History of the festival"},"content":{"rendered":"<p>[vc_row gap=&#8221;35&#8243;][vc_column width=&#8221;1\/2&#8243;][vc_column_text]<\/p>\n<p data-fusion-font=\"true\">The Jan\u00e1\u010dek Brno international festival \u2013 the only biennial which presents Leo\u0161 Jan\u00e1\u010dek directly in the places where he worked, lived and created for more than fifty years.<\/p>\n<p data-fusion-font=\"true\">The festival is based around opera performances by Czech and foreign opera companies, the juxtaposition of differently conceived stagings by major figures and the presentation of world premieres and previously unseen original versions of works by Leo\u0161 Jan\u00e1\u010dek. The festival features symphonic and chamber concerts, matinees, colloquia, programmes for children, exhibitions, alternative concerts, and theatre and film performances linked with the composer.<\/p>\n<p>[\/vc_column_text][vc_custom_heading text=&#8221;A brief history of The Jan\u00e1\u010dek Brno festival:&#8221; font_container=&#8221;tag:h2|text_align:left|color:%23000a31&#8243; use_theme_fonts=&#8221;yes&#8221;][vc_column_text]<a href=\"https:\/\/2021.janacek-brno.cz\/\"><span style=\"color: 000a31;\">2021 \u2013 The Autumn Final Jan\u00e1\u010dek Brno 2020\/2021<\/span><\/a><\/p>\n<p><a href=\"https:\/\/2020.janacek-brno.cz\/en\/\"><span style=\"color: 000a31;\"><strong>7<b><\/b><\/strong><\/span><strong><b><span data-fusion-font=\"true\"><sup>th<\/sup> <\/span>year 2020<\/b> Jan\u00e1\u010dek Brno<\/strong><\/a><\/p>\n<p><a href=\"http:\/\/2019.janacek-brno.cz\/en\/\" target=\"_blank\" rel=\"noopener noreferrer\"><span data-fusion-font=\"true\">2019 \u2013 Preview concerts<\/span><\/a><\/p>\n<p><b><\/b><b><a href=\"http:\/\/2018.janacek-brno.cz\/en\/index\" target=\"_blank\" rel=\"noopener noreferrer\"><span data-fusion-font=\"true\">6<sup>th<\/sup> year 2018<\/span><\/a><\/b><\/p>\n<p><a href=\"http:\/\/2017.janacek-brno.cz\/en\/index.html\" target=\"_blank\" rel=\"noopener noreferrer\"><span data-fusion-font=\"true\">2017 \u2013 Preview concerts<\/span><\/a><br \/>\n<b><\/b><\/p>\n<p><b><\/b><b><a href=\"http:\/\/2016.janacek-brno.cz\/en.html\" target=\"_blank\" rel=\"noopener noreferrer\"><span data-fusion-font=\"true\">5<sup>th<\/sup> year 2016 Expectation<\/span><\/a><\/b><br \/>\n<b><\/b><\/p>\n<p><span style=\"color: 000a31;\"><b><a href=\"http:\/\/2014.janacek-brno.cz\/en\/index.html\" target=\"_blank\" rel=\"noopener noreferrer\"><span data-fusion-font=\"true\">4<sup>th<\/sup>\u00a0year 2014 Happy Birthday Leo\u0161!<\/span><\/a><\/b><\/span><br \/>\n<b><\/b><\/p>\n<p><b data-fusion-font=\"true\">3<sup>rd<\/sup>\u00a0year 2012 Genius Loci<\/b><span data-fusion-font=\"true\">\u00a0(P. Haas, J. Berg, M. I\u0161tvan, E. W. Korngold\u2026)<\/span><\/p>\n<p><b data-fusion-font=\"true\">2<sup>nd<\/sup>\u00a0year 2010 subtitle: Jan\u00e1\u010dek versus Expressionism<\/b><span data-fusion-font=\"true\">\u00a0(A. Sch\u00f6nberg, Anton Webern, A. Berg\u2026); in honour of Sir Charles Mackerras<\/span><\/p>\n<p><b data-fusion-font=\"true\">1<sup>st<\/sup>\u00a0year 2008<\/b><\/p>\n<p data-fusion-font=\"true\">year zero\/2004 all Jan\u00e1\u010dek\u2019s operas staged<\/p>\n<p>[\/vc_column_text][\/vc_column][vc_column width=&#8221;1\/2&#8243;][vc_single_image image=&#8221;2836&#8243; img_size=&#8221;full&#8221;][\/vc_column][\/vc_row][vc_row content_placement=&#8221;middle&#8221;][vc_column width=&#8221;1\/3&#8243;][vc_single_image image=&#8221;2853&#8243; img_size=&#8221;medium&#8221;][\/vc_column][vc_column width=&#8221;2\/3&#8243;][vc_custom_heading text=&#8221;The International Opera Awards&#8221; use_theme_fonts=&#8221;yes&#8221;][vc_column_text]<span data-fusion-font=\"true\">It has only taken six editions of the biennial Jan\u00e1\u010dek Brno festival for it to work its way up to being the best festival in the world.\u00a0<\/span><span data-fusion-font=\"true\">Jan\u00e1\u010dek Brno was the first festival in the Czech Republic to win the prestigious International Opera Awards prize for the best festival of 2018 (for more information, please see:\u00a0<u><a href=\"http:\/\/www.operaawards.org\/archive\/2019\/\" target=\"_blank\" rel=\"noopener noreferrer\" data-fusion-font=\"true\">www.operaawards.org<\/a><\/u>).<\/span>[\/vc_column_text][\/vc_column][\/vc_row]<\/p>\n","protected":false},"excerpt":{"rendered":"<p>[vc_row gap=&#8221;35&#8243;][vc_column width=&#8221;1\/2&#8243;][vc_column_text] The Jan\u00e1\u010dek Brno international festival \u2013 the only biennial which presents Leo\u0161 Jan\u00e1\u010dek directly in the places where he worked, lived and created for more than fifty years. The festival is based around opera performances by Czech and foreign opera companies, the juxtaposition of differently conceived stagings by major figures and the&hellip;<\/p>\n","protected":false},"author":1,"featured_media":0,"parent":0,"menu_order":0,"comment_status":"closed","ping_status":"open","template":"","meta":{"_expiration-date-status":"","_expiration-date":0,"_expiration-date-type":"","_expiration-date-categories":[],"_expiration-date-options":[]},"yoast_head":"<!-- This site is optimized with the Yoast SEO plugin v20.9 - https:\/\/yoast.com\/wordpress\/plugins\/seo\/ -->\n<title>History of the festival - Jan\u00e1\u010dek Brno 2023<\/title>\n<meta name=\"robots\" content=\"noindex, follow, max-snippet:-1, max-image-preview:large, max-video-preview:-1\" \/>\n<meta property=\"og:locale\" content=\"en_US\" \/>\n<meta property=\"og:type\" content=\"article\" \/>\n<meta property=\"og:title\" content=\"History of the festival - Jan\u00e1\u010dek Brno 2023\" \/>\n<meta property=\"og:description\" content=\"[vc_row gap=&#8221;35&#8243;][vc_column width=&#8221;1\/2&#8243;][vc_column_text] The Jan\u00e1\u010dek Brno international festival \u2013 the only biennial which presents Leo\u0161 Jan\u00e1\u010dek directly in the places where he worked, lived and created for more than fifty years. The festival is based around opera performances by Czech and foreign opera companies, the juxtaposition of differently conceived stagings by major figures and the&hellip;\" \/>\n<meta property=\"og:url\" content=\"https:\/\/2023.janacek-brno.cz\/en\/history-of-the-festival\/\" \/>\n<meta property=\"og:site_name\" content=\"Jan\u00e1\u010dek Brno 2023\" \/>\n<meta property=\"article:modified_time\" content=\"2021-11-26T13:45:36+00:00\" \/>\n<meta name=\"twitter:card\" content=\"summary_large_image\" \/>\n<meta name=\"twitter:label1\" content=\"Est. reading time\" \/>\n\t<meta name=\"twitter:data1\" content=\"2 minutes\" \/>\n<script type=\"application\/ld+json\" class=\"yoast-schema-graph\">{\"@context\":\"https:\/\/schema.org\",\"@graph\":[{\"@type\":\"WebPage\",\"@id\":\"https:\/\/2023.janacek-brno.cz\/en\/history-of-the-festival\/\",\"url\":\"https:\/\/2023.janacek-brno.cz\/en\/history-of-the-festival\/\",\"name\":\"History of the festival - Jan\u00e1\u010dek Brno 2023\",\"isPartOf\":{\"@id\":\"https:\/\/2023.janacek-brno.cz\/en\/#website\"},\"datePublished\":\"2021-09-01T12:49:15+00:00\",\"dateModified\":\"2021-11-26T13:45:36+00:00\",\"breadcrumb\":{\"@id\":\"https:\/\/2023.janacek-brno.cz\/en\/history-of-the-festival\/#breadcrumb\"},\"inLanguage\":\"en-US\",\"potentialAction\":[{\"@type\":\"ReadAction\",\"target\":[\"https:\/\/2023.janacek-brno.cz\/en\/history-of-the-festival\/\"]}]},{\"@type\":\"BreadcrumbList\",\"@id\":\"https:\/\/2023.janacek-brno.cz\/en\/history-of-the-festival\/#breadcrumb\",\"itemListElement\":[{\"@type\":\"ListItem\",\"position\":1,\"name\":\"Home\",\"item\":\"https:\/\/2023.janacek-brno.cz\/en\/\"},{\"@type\":\"ListItem\",\"position\":2,\"name\":\"History of the festival\"}]},{\"@type\":\"WebSite\",\"@id\":\"https:\/\/2023.janacek-brno.cz\/en\/#website\",\"url\":\"https:\/\/2023.janacek-brno.cz\/en\/\",\"name\":\"Jan\u00e1\u010dek Brno 2023\",\"description\":\"Mezin\u00e1rodn\u00ed opern\u00ed a hudebn\u00ed festival\",\"potentialAction\":[{\"@type\":\"SearchAction\",\"target\":{\"@type\":\"EntryPoint\",\"urlTemplate\":\"https:\/\/2023.janacek-brno.cz\/en\/?s={search_term_string}\"},\"query-input\":\"required name=search_term_string\"}],\"inLanguage\":\"en-US\"}]}<\/script>\n<!-- \/ Yoast SEO plugin. -->","yoast_head_json":{"title":"History of the festival - Jan\u00e1\u010dek Brno 2023","robots":{"index":"noindex","follow":"follow","max-snippet":"max-snippet:-1","max-image-preview":"max-image-preview:large","max-video-preview":"max-video-preview:-1"},"og_locale":"en_US","og_type":"article","og_title":"History of the festival - Jan\u00e1\u010dek Brno 2023","og_description":"[vc_row gap=&#8221;35&#8243;][vc_column width=&#8221;1\/2&#8243;][vc_column_text] The Jan\u00e1\u010dek Brno international festival \u2013 the only biennial which presents Leo\u0161 Jan\u00e1\u010dek directly in the places where he worked, lived and created for more than fifty years. The festival is based around opera performances by Czech and foreign opera companies, the juxtaposition of differently conceived stagings by major figures and the&hellip;","og_url":"https:\/\/2023.janacek-brno.cz\/en\/history-of-the-festival\/","og_site_name":"Jan\u00e1\u010dek Brno 2023","article_modified_time":"2021-11-26T13:45:36+00:00","twitter_card":"summary_large_image","twitter_misc":{"Est. reading time":"2 minutes"},"schema":{"@context":"https:\/\/schema.org","@graph":[{"@type":"WebPage","@id":"https:\/\/2023.janacek-brno.cz\/en\/history-of-the-festival\/","url":"https:\/\/2023.janacek-brno.cz\/en\/history-of-the-festival\/","name":"History of the festival - Jan\u00e1\u010dek Brno 2023","isPartOf":{"@id":"https:\/\/2023.janacek-brno.cz\/en\/#website"},"datePublished":"2021-09-01T12:49:15+00:00","dateModified":"2021-11-26T13:45:36+00:00","breadcrumb":{"@id":"https:\/\/2023.janacek-brno.cz\/en\/history-of-the-festival\/#breadcrumb"},"inLanguage":"en-US","potentialAction":[{"@type":"ReadAction","target":["https:\/\/2023.janacek-brno.cz\/en\/history-of-the-festival\/"]}]},{"@type":"BreadcrumbList","@id":"https:\/\/2023.janacek-brno.cz\/en\/history-of-the-festival\/#breadcrumb","itemListElement":[{"@type":"ListItem","position":1,"name":"Home","item":"https:\/\/2023.janacek-brno.cz\/en\/"},{"@type":"ListItem","position":2,"name":"History of the festival"}]},{"@type":"WebSite","@id":"https:\/\/2023.janacek-brno.cz\/en\/#website","url":"https:\/\/2023.janacek-brno.cz\/en\/","name":"Jan\u00e1\u010dek Brno 2023","description":"Mezin\u00e1rodn\u00ed opern\u00ed a hudebn\u00ed festival","potentialAction":[{"@type":"SearchAction","target":{"@type":"EntryPoint","urlTemplate":"https:\/\/2023.janacek-brno.cz\/en\/?s={search_term_string}"},"query-input":"required name=search_term_string"}],"inLanguage":"en-US"}]}},"_links":{"self":[{"href":"https:\/\/2023.janacek-brno.cz\/en\/wp-json\/wp\/v2\/pages\/4144"}],"collection":[{"href":"https:\/\/2023.janacek-brno.cz\/en\/wp-json\/wp\/v2\/pages"}],"about":[{"href":"https:\/\/2023.janacek-brno.cz\/en\/wp-json\/wp\/v2\/types\/page"}],"author":[{"embeddable":true,"href":"https:\/\/2023.janacek-brno.cz\/en\/wp-json\/wp\/v2\/users\/1"}],"replies":[{"embeddable":true,"href":"https:\/\/2023.janacek-brno.cz\/en\/wp-json\/wp\/v2\/comments?post=4144"}],"version-history":[{"count":6,"href":"https:\/\/2023.janacek-brno.cz\/en\/wp-json\/wp\/v2\/pages\/4144\/revisions"}],"predecessor-version":[{"id":4148,"href":"https:\/\/2023.janacek-brno.cz\/en\/wp-json\/wp\/v2\/pages\/4144\/revisions\/4148"}],"wp:attachment":[{"href":"https:\/\/2023.janacek-brno.cz\/en\/wp-json\/wp\/v2\/media?parent=4144"}],"curies":[{"name":"wp","href":"https:\/\/api.w.org\/{rel}","templated":true}]}}