{"id":4099,"date":"2021-10-18T12:50:07","date_gmt":"2021-10-18T10:50:07","guid":{"rendered":"https:\/\/2023.janacek-brno.cz\/?page_id=4099"},"modified":"2021-11-26T12:58:07","modified_gmt":"2021-11-26T11:58:07","slug":"programme-board","status":"publish","type":"page","link":"https:\/\/2023.janacek-brno.cz\/en\/programme-board\/","title":{"rendered":"Programme board"},"content":{"rendered":"<p>[vc_row gap=&#8221;35&#8243;][vc_column width=&#8221;1\/2&#8243;][vc_custom_heading text=&#8221;Patricie \u010c\u00e1stkov\u00e1&#8221; font_container=&#8221;tag:h2|font_size:28|text_align:center&#8221; use_theme_fonts=&#8221;yes&#8221;][vc_custom_heading text=&#8221;Dramaturge of the Jan\u00e1\u010dek Opera company&#8221; font_container=&#8221;tag:h2|font_size:17|text_align:center&#8221; use_theme_fonts=&#8221;yes&#8221;][vc_separator el_width=&#8221;50&#8243;][vc_custom_heading text=&#8221;Martin Glaser&#8221; font_container=&#8221;tag:h2|font_size:28|text_align:center&#8221; use_theme_fonts=&#8221;yes&#8221;][vc_custom_heading text=&#8221;Director of National Theatre Brno&#8221; font_container=&#8221;tag:h2|font_size:17|text_align:center&#8221; use_theme_fonts=&#8221;yes&#8221;][vc_separator el_width=&#8221;50&#8243;][vc_custom_heading text=&#8221;Ji\u0159\u00ed He\u0159man&#8221; font_container=&#8221;tag:h2|font_size:28|text_align:center&#8221; use_theme_fonts=&#8221;yes&#8221;][vc_custom_heading text=&#8221;Artistic Director of the Jan\u00e1\u010dek Opera company&#8221; font_container=&#8221;tag:h2|font_size:17|text_align:center&#8221; use_theme_fonts=&#8221;yes&#8221;][vc_separator el_width=&#8221;50&#8243;][vc_custom_heading text=&#8221;Marko Ivanovi\u0107&#8221; font_container=&#8221;tag:h2|font_size:28|text_align:center&#8221; use_theme_fonts=&#8221;yes&#8221;][vc_custom_heading text=&#8221;Chief Conductor of the Jan\u00e1\u010dek Opera company&#8221; font_container=&#8221;tag:h2|font_size:17|text_align:center&#8221; use_theme_fonts=&#8221;yes&#8221;][vc_separator el_width=&#8221;50&#8243;][vc_custom_heading text=&#8221;Ond\u0159ej Pivoda&#8221; font_container=&#8221;tag:h2|font_size:28|text_align:center&#8221; use_theme_fonts=&#8221;yes&#8221;][vc_custom_heading text=&#8221;Musicologist&#8221; font_container=&#8221;tag:h2|font_size:17|text_align:center&#8221; use_theme_fonts=&#8221;yes&#8221;][vc_separator el_width=&#8221;50&#8243;][vc_custom_heading text=&#8221;Svatava \u0160enkov\u00e1&#8221; font_container=&#8221;tag:h2|font_size:28|text_align:center&#8221; use_theme_fonts=&#8221;yes&#8221;][vc_custom_heading text=&#8221;Head of the TS Brno Dramaturgy Centre&#8221; font_container=&#8221;tag:h2|font_size:17|text_align:center&#8221; use_theme_fonts=&#8221;yes&#8221;][vc_separator el_width=&#8221;50&#8243;][vc_custom_heading text=&#8221;Ji\u0159\u00ed Zahr\u00e1dka&#8221; font_container=&#8221;tag:h2|font_size:28|text_align:center&#8221; use_theme_fonts=&#8221;yes&#8221;][vc_custom_heading text=&#8221;Musicologist&#8221; font_container=&#8221;tag:h2|font_size:17|text_align:center&#8221; use_theme_fonts=&#8221;yes&#8221;][vc_empty_space height=&#8221;50px&#8221;][\/vc_column][vc_column width=&#8221;1\/2&#8243;][vc_custom_heading text=&#8221;Marek Fi\u0161er&#8221; font_container=&#8221;tag:h2|font_size:28|text_align:center&#8221; use_theme_fonts=&#8221;yes&#8221;][vc_custom_heading text=&#8221;Member of the City of Brno\u2019s Committee&#8221; font_container=&#8221;tag:h2|font_size:17|text_align:center&#8221; use_theme_fonts=&#8221;yes&#8221;][vc_separator el_width=&#8221;50&#8243;][vc_custom_heading text=&#8221;Josef Herman&#8221; font_container=&#8221;tag:h2|font_size:28|text_align:center&#8221; use_theme_fonts=&#8221;yes&#8221;][vc_custom_heading text=&#8221;Editor-in-Chief of Divadeln\u00ed noviny&#8221; font_container=&#8221;tag:h2|font_size:17|text_align:center&#8221; use_theme_fonts=&#8221;yes&#8221;][vc_separator el_width=&#8221;50&#8243;][vc_custom_heading text=&#8221;Jan Hlav\u00e1\u010d&#8221; font_container=&#8221;tag:h2|font_size:28|text_align:center&#8221; use_theme_fonts=&#8221;yes&#8221;][vc_custom_heading text=&#8221;Music Editor of Czech Radio&#8221; font_container=&#8221;tag:h2|font_size:17|text_align:center&#8221; use_theme_fonts=&#8221;yes&#8221;][vc_separator el_width=&#8221;50&#8243;][vc_custom_heading text=&#8221;V\u00edt\u011bzslav Mike\u0161&#8221; font_container=&#8221;tag:h2|font_size:28|text_align:center&#8221; use_theme_fonts=&#8221;yes&#8221;][vc_custom_heading text=&#8221;Dramaturge of the Brno Philharmonic&#8221; font_container=&#8221;tag:h2|font_size:17|text_align:center&#8221; use_theme_fonts=&#8221;yes&#8221;][vc_separator el_width=&#8221;50&#8243;][vc_custom_heading text=&#8221;Ludmila N\u011bmcov\u00e1&#8221; font_container=&#8221;tag:h2|font_size:28|text_align:center&#8221; use_theme_fonts=&#8221;yes&#8221;][vc_custom_heading text=&#8221;Director of the Leo\u0161 Jan\u00e1\u010dek Foundation&#8221; font_container=&#8221;tag:h2|font_size:17|text_align:center&#8221; use_theme_fonts=&#8221;yes&#8221;][vc_separator el_width=&#8221;50&#8243;][vc_custom_heading text=&#8221;Barbara Maria Willi&#8221; font_container=&#8221;tag:h2|font_size:28|text_align:center&#8221; use_theme_fonts=&#8221;yes&#8221;][vc_custom_heading text=&#8221;Dean of the Faculty of Music, JAMU&#8221; font_container=&#8221;tag:h2|font_size:17|text_align:center&#8221; use_theme_fonts=&#8221;yes&#8221;][\/vc_column][\/vc_row]<\/p>\n","protected":false},"excerpt":{"rendered":"<p>[vc_row gap=&#8221;35&#8243;][vc_column width=&#8221;1\/2&#8243;][vc_custom_heading text=&#8221;Patricie \u010c\u00e1stkov\u00e1&#8221; font_container=&#8221;tag:h2|font_size:28|text_align:center&#8221; use_theme_fonts=&#8221;yes&#8221;][vc_custom_heading text=&#8221;Dramaturge of the Jan\u00e1\u010dek Opera company&#8221; font_container=&#8221;tag:h2|font_size:17|text_align:center&#8221; use_theme_fonts=&#8221;yes&#8221;][vc_separator el_width=&#8221;50&#8243;][vc_custom_heading text=&#8221;Martin Glaser&#8221; font_container=&#8221;tag:h2|font_size:28|text_align:center&#8221; use_theme_fonts=&#8221;yes&#8221;][vc_custom_heading text=&#8221;Director of National Theatre Brno&#8221; font_container=&#8221;tag:h2|font_size:17|text_align:center&#8221; use_theme_fonts=&#8221;yes&#8221;][vc_separator el_width=&#8221;50&#8243;][vc_custom_heading text=&#8221;Ji\u0159\u00ed He\u0159man&#8221; font_container=&#8221;tag:h2|font_size:28|text_align:center&#8221; use_theme_fonts=&#8221;yes&#8221;][vc_custom_heading text=&#8221;Artistic Director of the Jan\u00e1\u010dek Opera company&#8221; font_container=&#8221;tag:h2|font_size:17|text_align:center&#8221; use_theme_fonts=&#8221;yes&#8221;][vc_separator el_width=&#8221;50&#8243;][vc_custom_heading text=&#8221;Marko Ivanovi\u0107&#8221; font_container=&#8221;tag:h2|font_size:28|text_align:center&#8221; use_theme_fonts=&#8221;yes&#8221;][vc_custom_heading text=&#8221;Chief Conductor of the Jan\u00e1\u010dek Opera company&#8221; font_container=&#8221;tag:h2|font_size:17|text_align:center&#8221; use_theme_fonts=&#8221;yes&#8221;][vc_separator&hellip;<\/p>\n","protected":false},"author":1,"featured_media":0,"parent":0,"menu_order":0,"comment_status":"closed","ping_status":"open","template":"","meta":{"_expiration-date-status":"","_expiration-date":0,"_expiration-date-type":"","_expiration-date-categories":[],"_expiration-date-options":[]},"yoast_head":"<!-- This site is optimized with the Yoast SEO plugin v20.9 - https:\/\/yoast.com\/wordpress\/plugins\/seo\/ -->\n<title>Programme board - Jan\u00e1\u010dek Brno 2023<\/title>\n<meta name=\"robots\" content=\"noindex, follow, max-snippet:-1, max-image-preview:large, max-video-preview:-1\" \/>\n<meta property=\"og:locale\" content=\"en_US\" \/>\n<meta property=\"og:type\" content=\"article\" \/>\n<meta property=\"og:title\" content=\"Programme board - Jan\u00e1\u010dek Brno 2023\" \/>\n<meta property=\"og:description\" content=\"[vc_row gap=&#8221;35&#8243;][vc_column width=&#8221;1\/2&#8243;][vc_custom_heading text=&#8221;Patricie \u010c\u00e1stkov\u00e1&#8221; font_container=&#8221;tag:h2|font_size:28|text_align:center&#8221; use_theme_fonts=&#8221;yes&#8221;][vc_custom_heading text=&#8221;Dramaturge of the Jan\u00e1\u010dek Opera company&#8221; font_container=&#8221;tag:h2|font_size:17|text_align:center&#8221; use_theme_fonts=&#8221;yes&#8221;][vc_separator el_width=&#8221;50&#8243;][vc_custom_heading text=&#8221;Martin Glaser&#8221; font_container=&#8221;tag:h2|font_size:28|text_align:center&#8221; use_theme_fonts=&#8221;yes&#8221;][vc_custom_heading text=&#8221;Director of National Theatre Brno&#8221; font_container=&#8221;tag:h2|font_size:17|text_align:center&#8221; use_theme_fonts=&#8221;yes&#8221;][vc_separator el_width=&#8221;50&#8243;][vc_custom_heading text=&#8221;Ji\u0159\u00ed He\u0159man&#8221; font_container=&#8221;tag:h2|font_size:28|text_align:center&#8221; use_theme_fonts=&#8221;yes&#8221;][vc_custom_heading text=&#8221;Artistic Director of the Jan\u00e1\u010dek Opera company&#8221; font_container=&#8221;tag:h2|font_size:17|text_align:center&#8221; use_theme_fonts=&#8221;yes&#8221;][vc_separator el_width=&#8221;50&#8243;][vc_custom_heading text=&#8221;Marko Ivanovi\u0107&#8221; font_container=&#8221;tag:h2|font_size:28|text_align:center&#8221; use_theme_fonts=&#8221;yes&#8221;][vc_custom_heading text=&#8221;Chief Conductor of the Jan\u00e1\u010dek Opera company&#8221; font_container=&#8221;tag:h2|font_size:17|text_align:center&#8221; use_theme_fonts=&#8221;yes&#8221;][vc_separator&hellip;\" \/>\n<meta property=\"og:url\" content=\"https:\/\/2023.janacek-brno.cz\/en\/programme-board\/\" \/>\n<meta property=\"og:site_name\" content=\"Jan\u00e1\u010dek Brno 2023\" \/>\n<meta property=\"article:modified_time\" content=\"2021-11-26T11:58:07+00:00\" \/>\n<meta name=\"twitter:card\" content=\"summary_large_image\" \/>\n<meta name=\"twitter:label1\" content=\"Est. reading time\" \/>\n\t<meta name=\"twitter:data1\" content=\"1 minute\" \/>\n<script type=\"application\/ld+json\" class=\"yoast-schema-graph\">{\"@context\":\"https:\/\/schema.org\",\"@graph\":[{\"@type\":\"WebPage\",\"@id\":\"https:\/\/2023.janacek-brno.cz\/en\/programme-board\/\",\"url\":\"https:\/\/2023.janacek-brno.cz\/en\/programme-board\/\",\"name\":\"Programme board - Jan\u00e1\u010dek Brno 2023\",\"isPartOf\":{\"@id\":\"https:\/\/2023.janacek-brno.cz\/en\/#website\"},\"datePublished\":\"2021-10-18T10:50:07+00:00\",\"dateModified\":\"2021-11-26T11:58:07+00:00\",\"breadcrumb\":{\"@id\":\"https:\/\/2023.janacek-brno.cz\/en\/programme-board\/#breadcrumb\"},\"inLanguage\":\"en-US\",\"potentialAction\":[{\"@type\":\"ReadAction\",\"target\":[\"https:\/\/2023.janacek-brno.cz\/en\/programme-board\/\"]}]},{\"@type\":\"BreadcrumbList\",\"@id\":\"https:\/\/2023.janacek-brno.cz\/en\/programme-board\/#breadcrumb\",\"itemListElement\":[{\"@type\":\"ListItem\",\"position\":1,\"name\":\"Home\",\"item\":\"https:\/\/2023.janacek-brno.cz\/en\/\"},{\"@type\":\"ListItem\",\"position\":2,\"name\":\"Programme board\"}]},{\"@type\":\"WebSite\",\"@id\":\"https:\/\/2023.janacek-brno.cz\/en\/#website\",\"url\":\"https:\/\/2023.janacek-brno.cz\/en\/\",\"name\":\"Jan\u00e1\u010dek Brno 2023\",\"description\":\"Mezin\u00e1rodn\u00ed opern\u00ed a hudebn\u00ed festival\",\"potentialAction\":[{\"@type\":\"SearchAction\",\"target\":{\"@type\":\"EntryPoint\",\"urlTemplate\":\"https:\/\/2023.janacek-brno.cz\/en\/?s={search_term_string}\"},\"query-input\":\"required name=search_term_string\"}],\"inLanguage\":\"en-US\"}]}<\/script>\n<!-- \/ Yoast SEO plugin. -->","yoast_head_json":{"title":"Programme board - Jan\u00e1\u010dek Brno 2023","robots":{"index":"noindex","follow":"follow","max-snippet":"max-snippet:-1","max-image-preview":"max-image-preview:large","max-video-preview":"max-video-preview:-1"},"og_locale":"en_US","og_type":"article","og_title":"Programme board - Jan\u00e1\u010dek Brno 2023","og_description":"[vc_row gap=&#8221;35&#8243;][vc_column width=&#8221;1\/2&#8243;][vc_custom_heading text=&#8221;Patricie \u010c\u00e1stkov\u00e1&#8221; font_container=&#8221;tag:h2|font_size:28|text_align:center&#8221; use_theme_fonts=&#8221;yes&#8221;][vc_custom_heading text=&#8221;Dramaturge of the Jan\u00e1\u010dek Opera company&#8221; font_container=&#8221;tag:h2|font_size:17|text_align:center&#8221; use_theme_fonts=&#8221;yes&#8221;][vc_separator el_width=&#8221;50&#8243;][vc_custom_heading text=&#8221;Martin Glaser&#8221; font_container=&#8221;tag:h2|font_size:28|text_align:center&#8221; use_theme_fonts=&#8221;yes&#8221;][vc_custom_heading text=&#8221;Director of National Theatre Brno&#8221; font_container=&#8221;tag:h2|font_size:17|text_align:center&#8221; use_theme_fonts=&#8221;yes&#8221;][vc_separator el_width=&#8221;50&#8243;][vc_custom_heading text=&#8221;Ji\u0159\u00ed He\u0159man&#8221; font_container=&#8221;tag:h2|font_size:28|text_align:center&#8221; use_theme_fonts=&#8221;yes&#8221;][vc_custom_heading text=&#8221;Artistic Director of the Jan\u00e1\u010dek Opera company&#8221; font_container=&#8221;tag:h2|font_size:17|text_align:center&#8221; use_theme_fonts=&#8221;yes&#8221;][vc_separator el_width=&#8221;50&#8243;][vc_custom_heading text=&#8221;Marko Ivanovi\u0107&#8221; font_container=&#8221;tag:h2|font_size:28|text_align:center&#8221; use_theme_fonts=&#8221;yes&#8221;][vc_custom_heading text=&#8221;Chief Conductor of the Jan\u00e1\u010dek Opera company&#8221; font_container=&#8221;tag:h2|font_size:17|text_align:center&#8221; use_theme_fonts=&#8221;yes&#8221;][vc_separator&hellip;","og_url":"https:\/\/2023.janacek-brno.cz\/en\/programme-board\/","og_site_name":"Jan\u00e1\u010dek Brno 2023","article_modified_time":"2021-11-26T11:58:07+00:00","twitter_card":"summary_large_image","twitter_misc":{"Est. reading time":"1 minute"},"schema":{"@context":"https:\/\/schema.org","@graph":[{"@type":"WebPage","@id":"https:\/\/2023.janacek-brno.cz\/en\/programme-board\/","url":"https:\/\/2023.janacek-brno.cz\/en\/programme-board\/","name":"Programme board - Jan\u00e1\u010dek Brno 2023","isPartOf":{"@id":"https:\/\/2023.janacek-brno.cz\/en\/#website"},"datePublished":"2021-10-18T10:50:07+00:00","dateModified":"2021-11-26T11:58:07+00:00","breadcrumb":{"@id":"https:\/\/2023.janacek-brno.cz\/en\/programme-board\/#breadcrumb"},"inLanguage":"en-US","potentialAction":[{"@type":"ReadAction","target":["https:\/\/2023.janacek-brno.cz\/en\/programme-board\/"]}]},{"@type":"BreadcrumbList","@id":"https:\/\/2023.janacek-brno.cz\/en\/programme-board\/#breadcrumb","itemListElement":[{"@type":"ListItem","position":1,"name":"Home","item":"https:\/\/2023.janacek-brno.cz\/en\/"},{"@type":"ListItem","position":2,"name":"Programme board"}]},{"@type":"WebSite","@id":"https:\/\/2023.janacek-brno.cz\/en\/#website","url":"https:\/\/2023.janacek-brno.cz\/en\/","name":"Jan\u00e1\u010dek Brno 2023","description":"Mezin\u00e1rodn\u00ed opern\u00ed a hudebn\u00ed festival","potentialAction":[{"@type":"SearchAction","target":{"@type":"EntryPoint","urlTemplate":"https:\/\/2023.janacek-brno.cz\/en\/?s={search_term_string}"},"query-input":"required name=search_term_string"}],"inLanguage":"en-US"}]}},"_links":{"self":[{"href":"https:\/\/2023.janacek-brno.cz\/en\/wp-json\/wp\/v2\/pages\/4099"}],"collection":[{"href":"https:\/\/2023.janacek-brno.cz\/en\/wp-json\/wp\/v2\/pages"}],"about":[{"href":"https:\/\/2023.janacek-brno.cz\/en\/wp-json\/wp\/v2\/types\/page"}],"author":[{"embeddable":true,"href":"https:\/\/2023.janacek-brno.cz\/en\/wp-json\/wp\/v2\/users\/1"}],"replies":[{"embeddable":true,"href":"https:\/\/2023.janacek-brno.cz\/en\/wp-json\/wp\/v2\/comments?post=4099"}],"version-history":[{"count":4,"href":"https:\/\/2023.janacek-brno.cz\/en\/wp-json\/wp\/v2\/pages\/4099\/revisions"}],"predecessor-version":[{"id":4103,"href":"https:\/\/2023.janacek-brno.cz\/en\/wp-json\/wp\/v2\/pages\/4099\/revisions\/4103"}],"wp:attachment":[{"href":"https:\/\/2023.janacek-brno.cz\/en\/wp-json\/wp\/v2\/media?parent=4099"}],"curies":[{"name":"wp","href":"https:\/\/api.w.org\/{rel}","templated":true}]}}