{"id":4092,"date":"2021-10-18T12:29:29","date_gmt":"2021-10-18T10:29:29","guid":{"rendered":"https:\/\/2023.janacek-brno.cz\/?page_id=4092"},"modified":"2021-11-26T12:44:42","modified_gmt":"2021-11-26T11:44:42","slug":"honorary-comittee","status":"publish","type":"page","link":"https:\/\/2023.janacek-brno.cz\/en\/honorary-comittee\/","title":{"rendered":"Honorary comittee"},"content":{"rendered":"<p>[vc_row gap=&#8221;35&#8243;][vc_column][vc_custom_heading text=&#8221;Robert Carsen&#8221; font_container=&#8221;tag:h2|font_size:28|text_align:center&#8221; use_theme_fonts=&#8221;yes&#8221;][vc_custom_heading text=&#8221;Stage Director&#8221; font_container=&#8221;tag:h2|font_size:17|text_align:center&#8221; use_theme_fonts=&#8221;yes&#8221;][vc_separator el_width=&#8221;50&#8243;][vc_custom_heading text=&#8221;Jakub Hr\u016f\u0161a&#8221; font_container=&#8221;tag:h2|font_size:28|text_align:center&#8221; use_theme_fonts=&#8221;yes&#8221;][vc_custom_heading text=&#8221;Conductor&#8221; font_container=&#8221;tag:h2|font_size:17|text_align:center&#8221; use_theme_fonts=&#8221;yes&#8221;][vc_separator el_width=&#8221;50&#8243;][vc_custom_heading text=&#8221;Astrid Koblanck&#8221; font_container=&#8221;tag:h2|font_size:28|text_align:center&#8221; use_theme_fonts=&#8221;yes&#8221;][vc_custom_heading text=&#8221;Director of Universal Edition Wien&#8221; font_container=&#8221;tag:h2|font_size:17|text_align:center&#8221; use_theme_fonts=&#8221;yes&#8221;][vc_separator el_width=&#8221;50&#8243;][vc_custom_heading text=&#8221;Tom\u00e1\u0161 Netopil&#8221; font_container=&#8221;tag:h2|font_size:28|text_align:center&#8221; use_theme_fonts=&#8221;yes&#8221;][vc_custom_heading text=&#8221;Conductor&#8221; font_container=&#8221;tag:h2|font_size:17|text_align:center&#8221; use_theme_fonts=&#8221;yes&#8221;][vc_separator el_width=&#8221;50&#8243;][vc_custom_heading text=&#8221;Milo\u0161 \u0160t\u011bdro\u0148&#8221; font_container=&#8221;tag:h2|font_size:28|text_align:center&#8221; use_theme_fonts=&#8221;yes&#8221;][vc_custom_heading text=&#8221;Musicologist&#8221; font_container=&#8221;tag:h2|font_size:17|text_align:center&#8221; use_theme_fonts=&#8221;yes&#8221;][vc_separator el_width=&#8221;50&#8243;][vc_custom_heading text=&#8221;Tom\u00e1\u0161 Hanus&#8221; font_container=&#8221;tag:h2|font_size:28|text_align:center&#8221; use_theme_fonts=&#8221;yes&#8221;][vc_custom_heading text=&#8221;Conductor&#8221; font_container=&#8221;tag:h2|font_size:17|text_align:center&#8221; use_theme_fonts=&#8221;yes&#8221;][vc_empty_space height=&#8221;50px&#8221;][\/vc_column][\/vc_row][vc_row content_placement=&#8221;middle&#8221;][vc_column width=&#8221;1\/3&#8243;][vc_single_image image=&#8221;2853&#8243; img_size=&#8221;medium&#8221;][\/vc_column][vc_column width=&#8221;2\/3&#8243;][vc_custom_heading text=&#8221;The International Opera Awards&#8221; use_theme_fonts=&#8221;yes&#8221;][vc_column_text]<span data-fusion-font=\"true\">It has only taken six editions of the biennial Jan\u00e1\u010dek Brno festival for it to work its way up to being the best festival in the world.\u00a0<\/span><span data-fusion-font=\"true\">Jan\u00e1\u010dek Brno was the first festival in the Czech Republic to win the prestigious International Opera Awards prize for the best festival of 2018 (for more information, please see:\u00a0<u><a href=\"http:\/\/www.operaawards.org\/archive\/2019\/\" target=\"_blank\" rel=\"noopener noreferrer\" data-fusion-font=\"true\">www.operaawards.org<\/a><\/u>).<\/span><\/p>\n<div id=\"gtx-trans\" style=\"position: absolute; left: -57px; top: -16px;\">\n<div class=\"gtx-trans-icon\"><\/div>\n<\/div>\n<p>[\/vc_column_text][\/vc_column][\/vc_row]<\/p>\n","protected":false},"excerpt":{"rendered":"<p>[vc_row gap=&#8221;35&#8243;][vc_column][vc_custom_heading text=&#8221;Robert Carsen&#8221; font_container=&#8221;tag:h2|font_size:28|text_align:center&#8221; use_theme_fonts=&#8221;yes&#8221;][vc_custom_heading text=&#8221;Stage Director&#8221; font_container=&#8221;tag:h2|font_size:17|text_align:center&#8221; use_theme_fonts=&#8221;yes&#8221;][vc_separator el_width=&#8221;50&#8243;][vc_custom_heading text=&#8221;Jakub Hr\u016f\u0161a&#8221; font_container=&#8221;tag:h2|font_size:28|text_align:center&#8221; use_theme_fonts=&#8221;yes&#8221;][vc_custom_heading text=&#8221;Conductor&#8221; font_container=&#8221;tag:h2|font_size:17|text_align:center&#8221; use_theme_fonts=&#8221;yes&#8221;][vc_separator el_width=&#8221;50&#8243;][vc_custom_heading text=&#8221;Astrid Koblanck&#8221; font_container=&#8221;tag:h2|font_size:28|text_align:center&#8221; use_theme_fonts=&#8221;yes&#8221;][vc_custom_heading text=&#8221;Director of Universal Edition Wien&#8221; font_container=&#8221;tag:h2|font_size:17|text_align:center&#8221; use_theme_fonts=&#8221;yes&#8221;][vc_separator el_width=&#8221;50&#8243;][vc_custom_heading text=&#8221;Tom\u00e1\u0161 Netopil&#8221; font_container=&#8221;tag:h2|font_size:28|text_align:center&#8221; use_theme_fonts=&#8221;yes&#8221;][vc_custom_heading text=&#8221;Conductor&#8221; font_container=&#8221;tag:h2|font_size:17|text_align:center&#8221; use_theme_fonts=&#8221;yes&#8221;][vc_separator el_width=&#8221;50&#8243;][vc_custom_heading text=&#8221;Milo\u0161 \u0160t\u011bdro\u0148&#8221; font_container=&#8221;tag:h2|font_size:28|text_align:center&#8221; use_theme_fonts=&#8221;yes&#8221;][vc_custom_heading text=&#8221;Musicologist&#8221; font_container=&#8221;tag:h2|font_size:17|text_align:center&#8221; use_theme_fonts=&#8221;yes&#8221;][vc_separator el_width=&#8221;50&#8243;][vc_custom_heading text=&#8221;Tom\u00e1\u0161 Hanus&#8221; font_container=&#8221;tag:h2|font_size:28|text_align:center&#8221; use_theme_fonts=&#8221;yes&#8221;][vc_custom_heading text=&#8221;Conductor&#8221; font_container=&#8221;tag:h2|font_size:17|text_align:center&#8221; use_theme_fonts=&#8221;yes&#8221;][vc_empty_space height=&#8221;50px&#8221;][\/vc_column][\/vc_row][vc_row&hellip;<\/p>\n","protected":false},"author":1,"featured_media":0,"parent":0,"menu_order":0,"comment_status":"closed","ping_status":"open","template":"","meta":{"_expiration-date-status":"","_expiration-date":0,"_expiration-date-type":"","_expiration-date-categories":[],"_expiration-date-options":[]},"yoast_head":"<!-- This site is optimized with the Yoast SEO plugin v20.9 - https:\/\/yoast.com\/wordpress\/plugins\/seo\/ -->\n<title>Honorary comittee - Jan\u00e1\u010dek Brno 2023<\/title>\n<meta name=\"robots\" content=\"noindex, follow, max-snippet:-1, max-image-preview:large, max-video-preview:-1\" \/>\n<meta property=\"og:locale\" content=\"en_US\" \/>\n<meta property=\"og:type\" content=\"article\" \/>\n<meta property=\"og:title\" content=\"Honorary comittee - Jan\u00e1\u010dek Brno 2023\" \/>\n<meta property=\"og:description\" content=\"[vc_row gap=&#8221;35&#8243;][vc_column][vc_custom_heading text=&#8221;Robert Carsen&#8221; font_container=&#8221;tag:h2|font_size:28|text_align:center&#8221; use_theme_fonts=&#8221;yes&#8221;][vc_custom_heading text=&#8221;Stage Director&#8221; font_container=&#8221;tag:h2|font_size:17|text_align:center&#8221; use_theme_fonts=&#8221;yes&#8221;][vc_separator el_width=&#8221;50&#8243;][vc_custom_heading text=&#8221;Jakub Hr\u016f\u0161a&#8221; font_container=&#8221;tag:h2|font_size:28|text_align:center&#8221; use_theme_fonts=&#8221;yes&#8221;][vc_custom_heading text=&#8221;Conductor&#8221; font_container=&#8221;tag:h2|font_size:17|text_align:center&#8221; use_theme_fonts=&#8221;yes&#8221;][vc_separator el_width=&#8221;50&#8243;][vc_custom_heading text=&#8221;Astrid Koblanck&#8221; font_container=&#8221;tag:h2|font_size:28|text_align:center&#8221; use_theme_fonts=&#8221;yes&#8221;][vc_custom_heading text=&#8221;Director of Universal Edition Wien&#8221; font_container=&#8221;tag:h2|font_size:17|text_align:center&#8221; use_theme_fonts=&#8221;yes&#8221;][vc_separator el_width=&#8221;50&#8243;][vc_custom_heading text=&#8221;Tom\u00e1\u0161 Netopil&#8221; font_container=&#8221;tag:h2|font_size:28|text_align:center&#8221; use_theme_fonts=&#8221;yes&#8221;][vc_custom_heading text=&#8221;Conductor&#8221; font_container=&#8221;tag:h2|font_size:17|text_align:center&#8221; use_theme_fonts=&#8221;yes&#8221;][vc_separator el_width=&#8221;50&#8243;][vc_custom_heading text=&#8221;Milo\u0161 \u0160t\u011bdro\u0148&#8221; font_container=&#8221;tag:h2|font_size:28|text_align:center&#8221; use_theme_fonts=&#8221;yes&#8221;][vc_custom_heading text=&#8221;Musicologist&#8221; font_container=&#8221;tag:h2|font_size:17|text_align:center&#8221; use_theme_fonts=&#8221;yes&#8221;][vc_separator el_width=&#8221;50&#8243;][vc_custom_heading text=&#8221;Tom\u00e1\u0161 Hanus&#8221; font_container=&#8221;tag:h2|font_size:28|text_align:center&#8221; use_theme_fonts=&#8221;yes&#8221;][vc_custom_heading text=&#8221;Conductor&#8221; font_container=&#8221;tag:h2|font_size:17|text_align:center&#8221; use_theme_fonts=&#8221;yes&#8221;][vc_empty_space height=&#8221;50px&#8221;][\/vc_column][\/vc_row][vc_row&hellip;\" \/>\n<meta property=\"og:url\" content=\"https:\/\/2023.janacek-brno.cz\/en\/honorary-comittee\/\" \/>\n<meta property=\"og:site_name\" content=\"Jan\u00e1\u010dek Brno 2023\" \/>\n<meta property=\"article:modified_time\" content=\"2021-11-26T11:44:42+00:00\" \/>\n<meta name=\"twitter:card\" content=\"summary_large_image\" \/>\n<meta name=\"twitter:label1\" content=\"Est. reading time\" \/>\n\t<meta name=\"twitter:data1\" content=\"1 minute\" \/>\n<script type=\"application\/ld+json\" class=\"yoast-schema-graph\">{\"@context\":\"https:\/\/schema.org\",\"@graph\":[{\"@type\":\"WebPage\",\"@id\":\"https:\/\/2023.janacek-brno.cz\/en\/honorary-comittee\/\",\"url\":\"https:\/\/2023.janacek-brno.cz\/en\/honorary-comittee\/\",\"name\":\"Honorary comittee - Jan\u00e1\u010dek Brno 2023\",\"isPartOf\":{\"@id\":\"https:\/\/2023.janacek-brno.cz\/en\/#website\"},\"datePublished\":\"2021-10-18T10:29:29+00:00\",\"dateModified\":\"2021-11-26T11:44:42+00:00\",\"breadcrumb\":{\"@id\":\"https:\/\/2023.janacek-brno.cz\/en\/honorary-comittee\/#breadcrumb\"},\"inLanguage\":\"en-US\",\"potentialAction\":[{\"@type\":\"ReadAction\",\"target\":[\"https:\/\/2023.janacek-brno.cz\/en\/honorary-comittee\/\"]}]},{\"@type\":\"BreadcrumbList\",\"@id\":\"https:\/\/2023.janacek-brno.cz\/en\/honorary-comittee\/#breadcrumb\",\"itemListElement\":[{\"@type\":\"ListItem\",\"position\":1,\"name\":\"Home\",\"item\":\"https:\/\/2023.janacek-brno.cz\/en\/\"},{\"@type\":\"ListItem\",\"position\":2,\"name\":\"Honorary comittee\"}]},{\"@type\":\"WebSite\",\"@id\":\"https:\/\/2023.janacek-brno.cz\/en\/#website\",\"url\":\"https:\/\/2023.janacek-brno.cz\/en\/\",\"name\":\"Jan\u00e1\u010dek Brno 2023\",\"description\":\"Mezin\u00e1rodn\u00ed opern\u00ed a hudebn\u00ed festival\",\"potentialAction\":[{\"@type\":\"SearchAction\",\"target\":{\"@type\":\"EntryPoint\",\"urlTemplate\":\"https:\/\/2023.janacek-brno.cz\/en\/?s={search_term_string}\"},\"query-input\":\"required name=search_term_string\"}],\"inLanguage\":\"en-US\"}]}<\/script>\n<!-- \/ Yoast SEO plugin. -->","yoast_head_json":{"title":"Honorary comittee - Jan\u00e1\u010dek Brno 2023","robots":{"index":"noindex","follow":"follow","max-snippet":"max-snippet:-1","max-image-preview":"max-image-preview:large","max-video-preview":"max-video-preview:-1"},"og_locale":"en_US","og_type":"article","og_title":"Honorary comittee - Jan\u00e1\u010dek Brno 2023","og_description":"[vc_row gap=&#8221;35&#8243;][vc_column][vc_custom_heading text=&#8221;Robert Carsen&#8221; font_container=&#8221;tag:h2|font_size:28|text_align:center&#8221; use_theme_fonts=&#8221;yes&#8221;][vc_custom_heading text=&#8221;Stage Director&#8221; font_container=&#8221;tag:h2|font_size:17|text_align:center&#8221; use_theme_fonts=&#8221;yes&#8221;][vc_separator el_width=&#8221;50&#8243;][vc_custom_heading text=&#8221;Jakub Hr\u016f\u0161a&#8221; font_container=&#8221;tag:h2|font_size:28|text_align:center&#8221; use_theme_fonts=&#8221;yes&#8221;][vc_custom_heading text=&#8221;Conductor&#8221; font_container=&#8221;tag:h2|font_size:17|text_align:center&#8221; use_theme_fonts=&#8221;yes&#8221;][vc_separator el_width=&#8221;50&#8243;][vc_custom_heading text=&#8221;Astrid Koblanck&#8221; font_container=&#8221;tag:h2|font_size:28|text_align:center&#8221; use_theme_fonts=&#8221;yes&#8221;][vc_custom_heading text=&#8221;Director of Universal Edition Wien&#8221; font_container=&#8221;tag:h2|font_size:17|text_align:center&#8221; use_theme_fonts=&#8221;yes&#8221;][vc_separator el_width=&#8221;50&#8243;][vc_custom_heading text=&#8221;Tom\u00e1\u0161 Netopil&#8221; font_container=&#8221;tag:h2|font_size:28|text_align:center&#8221; use_theme_fonts=&#8221;yes&#8221;][vc_custom_heading text=&#8221;Conductor&#8221; font_container=&#8221;tag:h2|font_size:17|text_align:center&#8221; use_theme_fonts=&#8221;yes&#8221;][vc_separator el_width=&#8221;50&#8243;][vc_custom_heading text=&#8221;Milo\u0161 \u0160t\u011bdro\u0148&#8221; font_container=&#8221;tag:h2|font_size:28|text_align:center&#8221; use_theme_fonts=&#8221;yes&#8221;][vc_custom_heading text=&#8221;Musicologist&#8221; font_container=&#8221;tag:h2|font_size:17|text_align:center&#8221; use_theme_fonts=&#8221;yes&#8221;][vc_separator el_width=&#8221;50&#8243;][vc_custom_heading text=&#8221;Tom\u00e1\u0161 Hanus&#8221; font_container=&#8221;tag:h2|font_size:28|text_align:center&#8221; use_theme_fonts=&#8221;yes&#8221;][vc_custom_heading text=&#8221;Conductor&#8221; font_container=&#8221;tag:h2|font_size:17|text_align:center&#8221; use_theme_fonts=&#8221;yes&#8221;][vc_empty_space height=&#8221;50px&#8221;][\/vc_column][\/vc_row][vc_row&hellip;","og_url":"https:\/\/2023.janacek-brno.cz\/en\/honorary-comittee\/","og_site_name":"Jan\u00e1\u010dek Brno 2023","article_modified_time":"2021-11-26T11:44:42+00:00","twitter_card":"summary_large_image","twitter_misc":{"Est. reading time":"1 minute"},"schema":{"@context":"https:\/\/schema.org","@graph":[{"@type":"WebPage","@id":"https:\/\/2023.janacek-brno.cz\/en\/honorary-comittee\/","url":"https:\/\/2023.janacek-brno.cz\/en\/honorary-comittee\/","name":"Honorary comittee - Jan\u00e1\u010dek Brno 2023","isPartOf":{"@id":"https:\/\/2023.janacek-brno.cz\/en\/#website"},"datePublished":"2021-10-18T10:29:29+00:00","dateModified":"2021-11-26T11:44:42+00:00","breadcrumb":{"@id":"https:\/\/2023.janacek-brno.cz\/en\/honorary-comittee\/#breadcrumb"},"inLanguage":"en-US","potentialAction":[{"@type":"ReadAction","target":["https:\/\/2023.janacek-brno.cz\/en\/honorary-comittee\/"]}]},{"@type":"BreadcrumbList","@id":"https:\/\/2023.janacek-brno.cz\/en\/honorary-comittee\/#breadcrumb","itemListElement":[{"@type":"ListItem","position":1,"name":"Home","item":"https:\/\/2023.janacek-brno.cz\/en\/"},{"@type":"ListItem","position":2,"name":"Honorary comittee"}]},{"@type":"WebSite","@id":"https:\/\/2023.janacek-brno.cz\/en\/#website","url":"https:\/\/2023.janacek-brno.cz\/en\/","name":"Jan\u00e1\u010dek Brno 2023","description":"Mezin\u00e1rodn\u00ed opern\u00ed a hudebn\u00ed festival","potentialAction":[{"@type":"SearchAction","target":{"@type":"EntryPoint","urlTemplate":"https:\/\/2023.janacek-brno.cz\/en\/?s={search_term_string}"},"query-input":"required name=search_term_string"}],"inLanguage":"en-US"}]}},"_links":{"self":[{"href":"https:\/\/2023.janacek-brno.cz\/en\/wp-json\/wp\/v2\/pages\/4092"}],"collection":[{"href":"https:\/\/2023.janacek-brno.cz\/en\/wp-json\/wp\/v2\/pages"}],"about":[{"href":"https:\/\/2023.janacek-brno.cz\/en\/wp-json\/wp\/v2\/types\/page"}],"author":[{"embeddable":true,"href":"https:\/\/2023.janacek-brno.cz\/en\/wp-json\/wp\/v2\/users\/1"}],"replies":[{"embeddable":true,"href":"https:\/\/2023.janacek-brno.cz\/en\/wp-json\/wp\/v2\/comments?post=4092"}],"version-history":[{"count":6,"href":"https:\/\/2023.janacek-brno.cz\/en\/wp-json\/wp\/v2\/pages\/4092\/revisions"}],"predecessor-version":[{"id":4098,"href":"https:\/\/2023.janacek-brno.cz\/en\/wp-json\/wp\/v2\/pages\/4092\/revisions\/4098"}],"wp:attachment":[{"href":"https:\/\/2023.janacek-brno.cz\/en\/wp-json\/wp\/v2\/media?parent=4092"}],"curies":[{"name":"wp","href":"https:\/\/api.w.org\/{rel}","templated":true}]}}