{"id":8076,"date":"2022-11-15T15:49:03","date_gmt":"2022-11-15T14:49:03","guid":{"rendered":"https:\/\/2023.janacek-brno.cz\/?page_id=8076"},"modified":"2022-12-08T22:26:44","modified_gmt":"2022-12-08T21:26:44","slug":"they-wrote-about-us","status":"publish","type":"page","link":"https:\/\/2023.janacek-brno.cz\/de\/they-wrote-about-us\/","title":{"rendered":"They wrote about us"},"content":{"rendered":"<p>[vc_row gap=&#8220;35&#8243;][vc_column width=&#8220;5\/6&#8243;][vc_column_text]<strong>Here you will find a selection of responses to this year&#8217;s&nbsp;Jan\u00e1\u010dek Brno Festival, we will gradually add more:<\/strong>[\/vc_column_text][vc_column_text]&#8220;Eternal life for the downtrodden?&#8220; Read a new review about the opera From the House of the Dead and the Glagolitic Mass. Many thanks to <a class=\"x1i10hfl xjbqb8w x6umtig x1b1mbwd xaqea5y xav7gou x9f619 x1ypdohk xt0psk2 xe8uvvx xdj266r x11i5rnm xat24cr x1mh8g0r xexx8yu x4uap5 x18d9i69 xkhd6sd x16tdsg8 x1hl2dhg xggy1nq x1a2a7pz xt0b8zv x1qq9wsj xo1l8bm\" tabindex=\"0\" role=\"link\" href=\"https:\/\/www.facebook.com\/bachtrack?__cft__[0]=AZWhpVCJXM02HfSpqZuPlvGuwj1ryxz3DpmaJqTK1XxFzY4Np_FSyHZdpKx1swK5Xd944nIzcVqrd6CkCY2OEKLcwpRUAoaNGDXDypUrr0tUpHBei3kgGhuJrw-l0sE23J0rCKMzvlRpmMjq69pIir8S_4-uarsJyFaPxZ8GTwjVf3pC_0Weud9dYRApGKghD_U&amp;__tn__=-]K-R\"><span class=\"xt0psk2\">Bachtrack<\/span><\/a> and <a class=\"x1i10hfl xjbqb8w x6umtig x1b1mbwd xaqea5y xav7gou x9f619 x1ypdohk xt0psk2 xe8uvvx xdj266r x11i5rnm xat24cr x1mh8g0r xexx8yu x4uap5 x18d9i69 xkhd6sd x16tdsg8 x1hl2dhg xggy1nq x1a2a7pz xt0b8zv x1qq9wsj xo1l8bm\" tabindex=\"0\" role=\"link\" href=\"https:\/\/www.facebook.com\/gianmarco.segato?__cft__[0]=AZWhpVCJXM02HfSpqZuPlvGuwj1ryxz3DpmaJqTK1XxFzY4Np_FSyHZdpKx1swK5Xd944nIzcVqrd6CkCY2OEKLcwpRUAoaNGDXDypUrr0tUpHBei3kgGhuJrw-l0sE23J0rCKMzvlRpmMjq69pIir8S_4-uarsJyFaPxZ8GTwjVf3pC_0Weud9dYRApGKghD_U&amp;__tn__=-]K-R\"><span class=\"xt0psk2\">Gianmarco Segato<\/span><\/a> for these beautiful words.[\/vc_column_text][vc_column_text]<\/p>\n<p>06.11 \u2013 From the House of the Death, <em>Mundoclasico.com, Robert Ferrer<\/em><\/p>\n<p><a href=\"https:\/\/www.mundoclasico.com\/articulo\/37965\/Un-suspiro-de-aire-fresco\">https:\/\/www.mundoclasico.com\/articulo\/37965\/Un-suspiro-de-aire-fresco<\/a><\/p>\n<p>&nbsp;<\/p>\n<p>Interview with Eva Urbanova (Katya Kabanova ND Prague), <em>OperaWire, Alan Neilson<\/em><\/p>\n<p><a href=\"https:\/\/operawire.com\/in-less-than-five-minutes-get-to-know-soprano-eva-urbanova\/\">https:\/\/operawire.com\/in-less-than-five-minutes-get-to-know-soprano-eva-urbanova\/<\/a><\/p>\n<p>&nbsp;<\/p>\n<p>8.11 &#8211; The Weeping Fountain, <em>Opera Wire, Alan Neilson<\/em><\/p>\n<p><a href=\"https:\/\/operawire.com\/janacek-brno-festival-2022-review-the-weeping-fountain\/\">https:\/\/operawire.com\/janacek-brno-festival-2022-review-the-weeping-fountain\/<\/a><\/p>\n<p>&nbsp;<\/p>\n<p>6.11 &#8211; Pavel Haas Quartet,\u00a0<em>Mundoclasico.com, Robert Ferrer<\/em><\/p>\n<p><a href=\"https:\/\/www.mundoclasico.com\/articulo\/37962\/Las-Cartas-%C3%ADntimas-del-Pavel-Haas-Quartet\">https:\/\/www.mundoclasico.com\/articulo\/37962\/Las-Cartas-%C3%ADntimas-del-Pavel-Haas-Quartet<\/a><\/p>\n<p>&nbsp;<\/p>\n<p>13.11 \u2013 Katya Kabanova, <em>Bachtrack, Gianmarco Segato<\/em><\/p>\n<p><a href=\"https:\/\/bachtrack.com\/review-katya-kabanova-gurbaca-winters-briscein-zhidkova-janacek-festival-brno-november-2022\">https:\/\/bachtrack.com\/review-katya-kabanova-gurbaca-winters-briscein-zhidkova-janacek-festival-brno-november-2022<\/a><\/p>\n<p>&nbsp;<\/p>\n<p>06.11, From the House of the Death \/ Glagolitic Mass, <em>Operaportal.hu, Bal\u00e1zs Cs\u00e1k<\/em><\/p>\n<p><a href=\"https:\/\/www.operaportal.hu\/kritikak\/item\/41434-a-rem%C3%A9ny-angyalai\">https:\/\/www.operaportal.hu\/kritikak\/item\/41434-a-rem%C3%A9ny-angyalai<\/a><\/p>\n<p>(EN:\u00a0<a href=\"https:\/\/www.operaportal.hu\/item\/41433\">https:\/\/www.operaportal.hu\/item\/41433<\/a>)<\/p>\n<p>&nbsp;<\/p>\n<p>Interview with the director, <em>Operaportal.hu, Bal\u00e1zs Cs\u00e1k<\/em><\/p>\n<p><a href=\"https:\/\/www.operaportal.hu\/interjuk\/item\/41431-%E2%80%9Enagy-terveink-vannak-%E2%80%9D\">https:\/\/www.operaportal.hu\/interjuk\/item\/41431-%E2%80%9Enagy-terveink-vannak-%E2%80%9D<\/a><\/p>\n<p>(EN:\u00a0<a href=\"https:\/\/www.operaportal.hu\/item\/41430\">https:\/\/www.operaportal.hu\/item\/41430<\/a>)<\/p>\n<p>&nbsp;<\/p>\n<p>12.11 \u2013 Notebook of the Disappeared, <em>Bachtrack.com, Gianmarco Segato<\/em><\/p>\n<p><a href=\"https:\/\/bachtrack.com\/22\/296\/view\/23851\">https:\/\/bachtrack.com\/22\/296\/view\/23851<\/a><\/p>\n<p><em>\u00a0<\/em><\/p>\n<p>4.11 \u2013 Concert of the SO\u010cR and PFS, <em>Codalario.com, Pedro Lape\u0148a<\/em><\/p>\n<p><a href=\"https:\/\/www.codalario.com\/marko-ivanovic\/criticas\/critica-un-fin-de-semana-en-el-festival-leos-janacek-de-brno-i_11796_5_37417_0_1_in.html\">https:\/\/www.codalario.com\/marko-ivanovic\/criticas\/critica-un-fin-de-semana-en-el-festival-leos-janacek-de-brno-i_11796_5_37417_0_1_in.html<\/a><\/p>\n<p>&nbsp;<\/p>\n<p>9.11 \u2013 Katya Kabanova ND Prague, Bachtrack,<em>\u00a0Gianmarco Segato<\/em><\/p>\n<p><a href=\"https:\/\/bachtrack.com\/review-katya-kabanova-bieito-polackova-vigilius-janacek-festival-brno-november-2022\">https:\/\/bachtrack.com\/review-katya-kabanova-bieito-polackova-vigilius-janacek-festival-brno-november-2022<\/a><\/p>\n<p>&nbsp;<\/p>\n<p>Interview\u00a0\u2013 Roman Hoza, Opera Wire, <em>Alan Neilson<\/em><\/p>\n<p><a href=\"https:\/\/operawire.com\/in-less-than-five-minutes-get-to-know-baritone-roman-hoza\/\">https:\/\/operawire.com\/in-less-than-five-minutes-get-to-know-baritone-roman-hoza\/<\/a><\/p>\n<p>&nbsp;<\/p>\n<p>02.11, From the Dead House \/ Glagolitic Mass, <em>Ask-Enrico, Dagmar Postel<\/em><\/p>\n<p><a href=\"https:\/\/ask-enrico.com\/index.php\/kulturerlebnisse-tschechien\/aus-einem-totenhaus-glagolitische-messe\">https:\/\/ask-enrico.com\/index.php\/kulturerlebnisse-tschechien\/aus-einem-totenhaus-glagolitische-messe<\/a><\/p>\n<p>&nbsp;<\/p>\n<p>06.11, From the Dead House \/ Glagolitic Mass, <em>Bachtrack, Gianmarco Segato<\/em><\/p>\n<p><a href=\"https:\/\/bachtrack.com\/review-house-dead-glagolitic-mass-hrusa-herman-janacek-festival-brno-november-2022\">https:\/\/bachtrack.com\/review-house-dead-glagolitic-mass-hrusa-herman-janacek-festival-brno-november-2022<\/a><\/p>\n<p>&nbsp;<\/p>\n<p>Article about Brno and the Janacek Festival in general, Onlinemerker.com, Meinhard <em>R\u00fcdenauer<\/em><\/p>\n<p><a href=\"https:\/\/onlinemerker.com\/kulturnatur-in-maehren-schafe-sliwowitz-leos-janacek\/\">https:\/\/onlinemerker.com\/kulturnatur-in-maehren-schafe-sliwowitz-leos-janacek\/<\/a><\/p>\n<p>[\/vc_column_text][vc_empty_space height=&#8220;50px&#8220;][vc_flickr flickr_id=&#8220;196440348@N02&#8243; count=&#8220;20&#8243; display=&#8220;random&#8220;][vc_media_grid element_width=&#8220;3&#8243; gap=&#8220;10&#8243; grid_id=&#8220;vc_gid:1670534681813-db62b568-a4dd-6&#8243; include=&#8220;8219,8146,7935,7906,7822,7865,7806,7802&#8243;][vc_empty_space]<style type=\"text\/css\" data-type=\"the7_shortcodes-inline-css\">#default-btn-a26ed308fff49791d4c0a820f7718363.ico-right-side > i {\n  margin-right: 0px;\n  margin-left: 8px;\n}\n#default-btn-a26ed308fff49791d4c0a820f7718363 > i {\n  margin-right: 8px;\n}\n<\/style><div class=\"btn-align-center\"><a href=\"https:\/\/www.flickr.com\/photos\/196440348@N02\/albums\/with\/72177720301906695\" class=\"default-btn-shortcode dt-btn dt-btn-l link-hover-off \" target=\"_blank\" id=\"default-btn-a26ed308fff49791d4c0a820f7718363\" rel=\"noopener\"><span>Photogallery<\/span><\/a><\/div>[\/vc_column][vc_column width=&#8220;1\/6&#8243;][\/vc_column][\/vc_row]<\/p>\n","protected":false},"excerpt":{"rendered":"<p>[vc_row gap=&#8220;35&#8243;][vc_column width=&#8220;5\/6&#8243;][vc_column_text]Here you will find a selection of responses to this year&#8217;s&nbsp;Jan\u00e1\u010dek Brno Festival, we will gradually add more:[\/vc_column_text][vc_column_text]&#8220;Eternal life for the downtrodden?&#8220; Read a new review about the opera From the House of the Dead and the Glagolitic Mass. Many thanks to Bachtrack and Gianmarco Segato for these beautiful words.[\/vc_column_text][vc_column_text] 06.11 \u2013 From&hellip;<\/p>\n","protected":false},"author":1,"featured_media":0,"parent":0,"menu_order":0,"comment_status":"closed","ping_status":"closed","template":"","meta":{"_expiration-date-status":"","_expiration-date":0,"_expiration-date-type":"","_expiration-date-categories":[],"_expiration-date-options":[]},"yoast_head":"<!-- This site is optimized with the Yoast SEO plugin v20.9 - https:\/\/yoast.com\/wordpress\/plugins\/seo\/ -->\n<title>They wrote about us - Jan\u00e1\u010dek Brno 2023<\/title>\n<meta name=\"robots\" content=\"noindex, follow, max-snippet:-1, max-image-preview:large, max-video-preview:-1\" \/>\n<meta property=\"og:locale\" content=\"de_DE\" \/>\n<meta property=\"og:type\" content=\"article\" \/>\n<meta property=\"og:title\" content=\"They wrote about us - Jan\u00e1\u010dek Brno 2023\" \/>\n<meta property=\"og:description\" content=\"[vc_row gap=&#8220;35&#8243;][vc_column width=&#8220;5\/6&#8243;][vc_column_text]Here you will find a selection of responses to this year&#8217;s&nbsp;Jan\u00e1\u010dek Brno Festival, we will gradually add more:[\/vc_column_text][vc_column_text]&#8220;Eternal life for the downtrodden?&#8220; Read a new review about the opera From the House of the Dead and the Glagolitic Mass. Many thanks to Bachtrack and Gianmarco Segato for these beautiful words.[\/vc_column_text][vc_column_text] 06.11 \u2013 From&hellip;\" \/>\n<meta property=\"og:url\" content=\"https:\/\/2023.janacek-brno.cz\/de\/they-wrote-about-us\/\" \/>\n<meta property=\"og:site_name\" content=\"Jan\u00e1\u010dek Brno 2023\" \/>\n<meta property=\"article:modified_time\" content=\"2022-12-08T21:26:44+00:00\" \/>\n<meta name=\"twitter:card\" content=\"summary_large_image\" \/>\n<meta name=\"twitter:label1\" content=\"Gesch\u00e4tzte Lesezeit\" \/>\n\t<meta name=\"twitter:data1\" content=\"2 Minuten\" \/>\n<script type=\"application\/ld+json\" class=\"yoast-schema-graph\">{\"@context\":\"https:\/\/schema.org\",\"@graph\":[{\"@type\":\"WebPage\",\"@id\":\"https:\/\/2023.janacek-brno.cz\/de\/they-wrote-about-us\/\",\"url\":\"https:\/\/2023.janacek-brno.cz\/de\/they-wrote-about-us\/\",\"name\":\"They wrote about us - Jan\u00e1\u010dek Brno 2023\",\"isPartOf\":{\"@id\":\"https:\/\/2023.janacek-brno.cz\/de\/#website\"},\"datePublished\":\"2022-11-15T14:49:03+00:00\",\"dateModified\":\"2022-12-08T21:26:44+00:00\",\"breadcrumb\":{\"@id\":\"https:\/\/2023.janacek-brno.cz\/de\/they-wrote-about-us\/#breadcrumb\"},\"inLanguage\":\"de-DE\",\"potentialAction\":[{\"@type\":\"ReadAction\",\"target\":[\"https:\/\/2023.janacek-brno.cz\/de\/they-wrote-about-us\/\"]}]},{\"@type\":\"BreadcrumbList\",\"@id\":\"https:\/\/2023.janacek-brno.cz\/de\/they-wrote-about-us\/#breadcrumb\",\"itemListElement\":[{\"@type\":\"ListItem\",\"position\":1,\"name\":\"Home\",\"item\":\"https:\/\/2023.janacek-brno.cz\/de\/\"},{\"@type\":\"ListItem\",\"position\":2,\"name\":\"They wrote about us\"}]},{\"@type\":\"WebSite\",\"@id\":\"https:\/\/2023.janacek-brno.cz\/de\/#website\",\"url\":\"https:\/\/2023.janacek-brno.cz\/de\/\",\"name\":\"Jan\u00e1\u010dek Brno 2023\",\"description\":\"Mezin\u00e1rodn\u00ed opern\u00ed a hudebn\u00ed festival\",\"potentialAction\":[{\"@type\":\"SearchAction\",\"target\":{\"@type\":\"EntryPoint\",\"urlTemplate\":\"https:\/\/2023.janacek-brno.cz\/de\/?s={search_term_string}\"},\"query-input\":\"required name=search_term_string\"}],\"inLanguage\":\"de-DE\"}]}<\/script>\n<!-- \/ Yoast SEO plugin. -->","yoast_head_json":{"title":"They wrote about us - Jan\u00e1\u010dek Brno 2023","robots":{"index":"noindex","follow":"follow","max-snippet":"max-snippet:-1","max-image-preview":"max-image-preview:large","max-video-preview":"max-video-preview:-1"},"og_locale":"de_DE","og_type":"article","og_title":"They wrote about us - Jan\u00e1\u010dek Brno 2023","og_description":"[vc_row gap=&#8220;35&#8243;][vc_column width=&#8220;5\/6&#8243;][vc_column_text]Here you will find a selection of responses to this year&#8217;s&nbsp;Jan\u00e1\u010dek Brno Festival, we will gradually add more:[\/vc_column_text][vc_column_text]&#8220;Eternal life for the downtrodden?&#8220; Read a new review about the opera From the House of the Dead and the Glagolitic Mass. Many thanks to Bachtrack and Gianmarco Segato for these beautiful words.[\/vc_column_text][vc_column_text] 06.11 \u2013 From&hellip;","og_url":"https:\/\/2023.janacek-brno.cz\/de\/they-wrote-about-us\/","og_site_name":"Jan\u00e1\u010dek Brno 2023","article_modified_time":"2022-12-08T21:26:44+00:00","twitter_card":"summary_large_image","twitter_misc":{"Gesch\u00e4tzte Lesezeit":"2 Minuten"},"schema":{"@context":"https:\/\/schema.org","@graph":[{"@type":"WebPage","@id":"https:\/\/2023.janacek-brno.cz\/de\/they-wrote-about-us\/","url":"https:\/\/2023.janacek-brno.cz\/de\/they-wrote-about-us\/","name":"They wrote about us - Jan\u00e1\u010dek Brno 2023","isPartOf":{"@id":"https:\/\/2023.janacek-brno.cz\/de\/#website"},"datePublished":"2022-11-15T14:49:03+00:00","dateModified":"2022-12-08T21:26:44+00:00","breadcrumb":{"@id":"https:\/\/2023.janacek-brno.cz\/de\/they-wrote-about-us\/#breadcrumb"},"inLanguage":"de-DE","potentialAction":[{"@type":"ReadAction","target":["https:\/\/2023.janacek-brno.cz\/de\/they-wrote-about-us\/"]}]},{"@type":"BreadcrumbList","@id":"https:\/\/2023.janacek-brno.cz\/de\/they-wrote-about-us\/#breadcrumb","itemListElement":[{"@type":"ListItem","position":1,"name":"Home","item":"https:\/\/2023.janacek-brno.cz\/de\/"},{"@type":"ListItem","position":2,"name":"They wrote about us"}]},{"@type":"WebSite","@id":"https:\/\/2023.janacek-brno.cz\/de\/#website","url":"https:\/\/2023.janacek-brno.cz\/de\/","name":"Jan\u00e1\u010dek Brno 2023","description":"Mezin\u00e1rodn\u00ed opern\u00ed a hudebn\u00ed festival","potentialAction":[{"@type":"SearchAction","target":{"@type":"EntryPoint","urlTemplate":"https:\/\/2023.janacek-brno.cz\/de\/?s={search_term_string}"},"query-input":"required name=search_term_string"}],"inLanguage":"de-DE"}]}},"_links":{"self":[{"href":"https:\/\/2023.janacek-brno.cz\/de\/wp-json\/wp\/v2\/pages\/8076"}],"collection":[{"href":"https:\/\/2023.janacek-brno.cz\/de\/wp-json\/wp\/v2\/pages"}],"about":[{"href":"https:\/\/2023.janacek-brno.cz\/de\/wp-json\/wp\/v2\/types\/page"}],"author":[{"embeddable":true,"href":"https:\/\/2023.janacek-brno.cz\/de\/wp-json\/wp\/v2\/users\/1"}],"replies":[{"embeddable":true,"href":"https:\/\/2023.janacek-brno.cz\/de\/wp-json\/wp\/v2\/comments?post=8076"}],"version-history":[{"count":4,"href":"https:\/\/2023.janacek-brno.cz\/de\/wp-json\/wp\/v2\/pages\/8076\/revisions"}],"predecessor-version":[{"id":8328,"href":"https:\/\/2023.janacek-brno.cz\/de\/wp-json\/wp\/v2\/pages\/8076\/revisions\/8328"}],"wp:attachment":[{"href":"https:\/\/2023.janacek-brno.cz\/de\/wp-json\/wp\/v2\/media?parent=8076"}],"curies":[{"name":"wp","href":"https:\/\/api.w.org\/{rel}","templated":true}]}}