{"id":7519,"date":"2022-11-03T12:07:28","date_gmt":"2022-11-03T11:07:28","guid":{"rendered":"https:\/\/2023.janacek-brno.cz\/?page_id=7519"},"modified":"2022-11-21T17:15:01","modified_gmt":"2022-11-21T16:15:01","slug":"videobericht-vom-festival","status":"publish","type":"page","link":"https:\/\/2023.janacek-brno.cz\/de\/videobericht-vom-festival\/","title":{"rendered":"Videobericht vom Festival"},"content":{"rendered":"<p>[vc_row gap=&#8220;35&#8243;][vc_column][vc_custom_heading text=&#8220;Festival JB \u2013 10. Teil (20. 11. 2022):&#8220; use_theme_fonts=&#8220;yes&#8220;][vc_raw_html]JTNDZGl2JTIwc3R5bGUlM0QlMjJ3aWR0aCUzQTEwMCUyNSUzQmhlaWdodCUzQTBweCUzQnBvc2l0aW9uJTNBcmVsYXRpdmUlM0JwYWRkaW5nLWJvdHRvbSUzQTU2LjI1MCUyNSUzQiUyMiUzRSUzQ2lmcmFtZSUyMHNyYyUzRCUyMmh0dHBzJTNBJTJGJTJGc3RyZWFtYWJsZS5jb20lMkZlJTJGYW5uemsyJTNGbG9vcCUzRDAlMjIlMjBmcmFtZWJvcmRlciUzRCUyMjAlMjIlMjB3aWR0aCUzRCUyMjEwMCUyNSUyMiUyMGhlaWdodCUzRCUyMjEwMCUyNSUyMiUyMGFsbG93ZnVsbHNjcmVlbiUyMHN0eWxlJTNEJTIyd2lkdGglM0ExMDAlMjUlM0JoZWlnaHQlM0ExMDAlMjUlM0Jwb3NpdGlvbiUzQWFic29sdXRlJTNCbGVmdCUzQTBweCUzQnRvcCUzQTBweCUzQm92ZXJmbG93JTNBaGlkZGVuJTNCJTIyJTNFJTNDJTJGaWZyYW1lJTNFJTNDJTJGZGl2JTNF[\/vc_raw_html][vc_empty_space height=&#8220;50px&#8220;][vc_custom_heading text=&#8220;Festival JB \u2013 9. Teil (19. 11. 2022):&#8220; use_theme_fonts=&#8220;yes&#8220;][vc_raw_html]JTNDZGl2JTIwc3R5bGUlM0QlMjJ3aWR0aCUzQTEwMCUyNSUzQmhlaWdodCUzQTBweCUzQnBvc2l0aW9uJTNBcmVsYXRpdmUlM0JwYWRkaW5nLWJvdHRvbSUzQTU2LjI1MCUyNSUzQiUyMiUzRSUzQ2lmcmFtZSUyMHNyYyUzRCUyMmh0dHBzJTNBJTJGJTJGc3RyZWFtYWJsZS5jb20lMkZlJTJGcmJ3djFoJTNGbG9vcCUzRDAlMjIlMjBmcmFtZWJvcmRlciUzRCUyMjAlMjIlMjB3aWR0aCUzRCUyMjEwMCUyNSUyMiUyMGhlaWdodCUzRCUyMjEwMCUyNSUyMiUyMGFsbG93ZnVsbHNjcmVlbiUyMHN0eWxlJTNEJTIyd2lkdGglM0ExMDAlMjUlM0JoZWlnaHQlM0ExMDAlMjUlM0Jwb3NpdGlvbiUzQWFic29sdXRlJTNCbGVmdCUzQTBweCUzQnRvcCUzQTBweCUzQm92ZXJmbG93JTNBaGlkZGVuJTNCJTIyJTNFJTNDJTJGaWZyYW1lJTNFJTNDJTJGZGl2JTNF[\/vc_raw_html][vc_empty_space height=&#8220;50px&#8220;][vc_custom_heading text=&#8220;Festival JB \u2013 8. Teil (16. 11. 2022):&#8220; use_theme_fonts=&#8220;yes&#8220;][vc_raw_html]JTNDZGl2JTIwc3R5bGUlM0QlMjJ3aWR0aCUzQTEwMCUyNSUzQmhlaWdodCUzQTBweCUzQnBvc2l0aW9uJTNBcmVsYXRpdmUlM0JwYWRkaW5nLWJvdHRvbSUzQTU2LjI1MCUyNSUzQiUyMiUzRSUzQ2lmcmFtZSUyMHNyYyUzRCUyMmh0dHBzJTNBJTJGJTJGc3RyZWFtYWJsZS5jb20lMkZlJTJGYzZmbXh4JTNGbG9vcCUzRDAlMjIlMjBmcmFtZWJvcmRlciUzRCUyMjAlMjIlMjB3aWR0aCUzRCUyMjEwMCUyNSUyMiUyMGhlaWdodCUzRCUyMjEwMCUyNSUyMiUyMGFsbG93ZnVsbHNjcmVlbiUyMHN0eWxlJTNEJTIyd2lkdGglM0ExMDAlMjUlM0JoZWlnaHQlM0ExMDAlMjUlM0Jwb3NpdGlvbiUzQWFic29sdXRlJTNCbGVmdCUzQTBweCUzQnRvcCUzQTBweCUzQm92ZXJmbG93JTNBaGlkZGVuJTNCJTIyJTNFJTNDJTJGaWZyYW1lJTNFJTNDJTJGZGl2JTNF[\/vc_raw_html][vc_empty_space height=&#8220;50px&#8220;][vc_custom_heading text=&#8220;Festival JB \u2013 7. Teil (13. 11. 2022):&#8220; use_theme_fonts=&#8220;yes&#8220;][vc_raw_html]JTNDZGl2JTIwc3R5bGUlM0QlMjJ3aWR0aCUzQTEwMCUyNSUzQmhlaWdodCUzQTBweCUzQnBvc2l0aW9uJTNBcmVsYXRpdmUlM0JwYWRkaW5nLWJvdHRvbSUzQTU2LjI1MCUyNSUzQiUyMiUzRSUzQ2lmcmFtZSUyMHNyYyUzRCUyMmh0dHBzJTNBJTJGJTJGc3RyZWFtYWJsZS5jb20lMkZlJTJGdGlicWxtJTNGbG9vcCUzRDAlMjIlMjBmcmFtZWJvcmRlciUzRCUyMjAlMjIlMjB3aWR0aCUzRCUyMjEwMCUyNSUyMiUyMGhlaWdodCUzRCUyMjEwMCUyNSUyMiUyMGFsbG93ZnVsbHNjcmVlbiUyMHN0eWxlJTNEJTIyd2lkdGglM0ExMDAlMjUlM0JoZWlnaHQlM0ExMDAlMjUlM0Jwb3NpdGlvbiUzQWFic29sdXRlJTNCbGVmdCUzQTBweCUzQnRvcCUzQTBweCUzQm92ZXJmbG93JTNBaGlkZGVuJTNCJTIyJTNFJTNDJTJGaWZyYW1lJTNFJTNDJTJGZGl2JTNF[\/vc_raw_html][vc_empty_space height=&#8220;50px&#8220;][vc_custom_heading text=&#8220;Festival JB \u2013 6. Teil (12. 11. 2022):&#8220; use_theme_fonts=&#8220;yes&#8220;][vc_raw_html]JTNDZGl2JTIwc3R5bGUlM0QlMjJ3aWR0aCUzQTEwMCUyNSUzQmhlaWdodCUzQTBweCUzQnBvc2l0aW9uJTNBcmVsYXRpdmUlM0JwYWRkaW5nLWJvdHRvbSUzQTU2LjI1MCUyNSUzQiUyMiUzRSUzQ2lmcmFtZSUyMHNyYyUzRCUyMmh0dHBzJTNBJTJGJTJGc3RyZWFtYWJsZS5jb20lMkZlJTJGdnliM3FvJTNGbG9vcCUzRDAlMjIlMjBmcmFtZWJvcmRlciUzRCUyMjAlMjIlMjB3aWR0aCUzRCUyMjEwMCUyNSUyMiUyMGhlaWdodCUzRCUyMjEwMCUyNSUyMiUyMGFsbG93ZnVsbHNjcmVlbiUyMHN0eWxlJTNEJTIyd2lkdGglM0ExMDAlMjUlM0JoZWlnaHQlM0ExMDAlMjUlM0Jwb3NpdGlvbiUzQWFic29sdXRlJTNCbGVmdCUzQTBweCUzQnRvcCUzQTBweCUzQm92ZXJmbG93JTNBaGlkZGVuJTNCJTIyJTNFJTNDJTJGaWZyYW1lJTNFJTNDJTJGZGl2JTNF[\/vc_raw_html][vc_empty_space height=&#8220;50px&#8220;][vc_custom_heading text=&#8220;Festival JB \u2013 5. Teil (9. 11. 2022):&#8220; use_theme_fonts=&#8220;yes&#8220;][vc_raw_html]JTNDZGl2JTIwc3R5bGUlM0QlMjJ3aWR0aCUzQTEwMCUyNSUzQmhlaWdodCUzQTBweCUzQnBvc2l0aW9uJTNBcmVsYXRpdmUlM0JwYWRkaW5nLWJvdHRvbSUzQTU2LjI1MCUyNSUzQiUyMiUzRSUzQ2lmcmFtZSUyMHNyYyUzRCUyMmh0dHBzJTNBJTJGJTJGc3RyZWFtYWJsZS5jb20lMkZlJTJGeWV6MW45JTNGbG9vcCUzRDAlMjIlMjBmcmFtZWJvcmRlciUzRCUyMjAlMjIlMjB3aWR0aCUzRCUyMjEwMCUyNSUyMiUyMGhlaWdodCUzRCUyMjEwMCUyNSUyMiUyMGFsbG93ZnVsbHNjcmVlbiUyMHN0eWxlJTNEJTIyd2lkdGglM0ExMDAlMjUlM0JoZWlnaHQlM0ExMDAlMjUlM0Jwb3NpdGlvbiUzQWFic29sdXRlJTNCbGVmdCUzQTBweCUzQnRvcCUzQTBweCUzQm92ZXJmbG93JTNBaGlkZGVuJTNCJTIyJTNFJTNDJTJGaWZyYW1lJTNFJTNDJTJGZGl2JTNF[\/vc_raw_html][vc_empty_space height=&#8220;50px&#8220;][vc_custom_heading text=&#8220;Festival JB \u2013 4. Teil (7. 11. 2022):&#8220; use_theme_fonts=&#8220;yes&#8220;][vc_raw_html]JTNDZGl2JTIwc3R5bGUlM0QlMjJ3aWR0aCUzQTEwMCUyNSUzQmhlaWdodCUzQTBweCUzQnBvc2l0aW9uJTNBcmVsYXRpdmUlM0JwYWRkaW5nLWJvdHRvbSUzQTU2LjI1MCUyNSUzQiUyMiUzRSUzQ2lmcmFtZSUyMHNyYyUzRCUyMmh0dHBzJTNBJTJGJTJGc3RyZWFtYWJsZS5jb20lMkZlJTJGaTgwMXE1JTNGbG9vcCUzRDAlMjIlMjBmcmFtZWJvcmRlciUzRCUyMjAlMjIlMjB3aWR0aCUzRCUyMjEwMCUyNSUyMiUyMGhlaWdodCUzRCUyMjEwMCUyNSUyMiUyMGFsbG93ZnVsbHNjcmVlbiUyMHN0eWxlJTNEJTIyd2lkdGglM0ExMDAlMjUlM0JoZWlnaHQlM0ExMDAlMjUlM0Jwb3NpdGlvbiUzQWFic29sdXRlJTNCbGVmdCUzQTBweCUzQnRvcCUzQTBweCUzQm92ZXJmbG93JTNBaGlkZGVuJTNCJTIyJTNFJTNDJTJGaWZyYW1lJTNFJTNDJTJGZGl2JTNF[\/vc_raw_html][vc_empty_space height=&#8220;50px&#8220;][vc_custom_heading text=&#8220;Festival JB \u2013 3. Teil (5. 11. 2022):&#8220; use_theme_fonts=&#8220;yes&#8220;][vc_raw_html]JTNDZGl2JTIwc3R5bGUlM0QlMjJ3aWR0aCUzQTEwMCUyNSUzQmhlaWdodCUzQTBweCUzQnBvc2l0aW9uJTNBcmVsYXRpdmUlM0JwYWRkaW5nLWJvdHRvbSUzQTU2LjI1MCUyNSUzQiUyMiUzRSUzQ2lmcmFtZSUyMHNyYyUzRCUyMmh0dHBzJTNBJTJGJTJGc3RyZWFtYWJsZS5jb20lMkZlJTJGeWw4cHNmJTNGbG9vcCUzRDAlMjIlMjBmcmFtZWJvcmRlciUzRCUyMjAlMjIlMjB3aWR0aCUzRCUyMjEwMCUyNSUyMiUyMGhlaWdodCUzRCUyMjEwMCUyNSUyMiUyMGFsbG93ZnVsbHNjcmVlbiUyMHN0eWxlJTNEJTIyd2lkdGglM0ExMDAlMjUlM0JoZWlnaHQlM0ExMDAlMjUlM0Jwb3NpdGlvbiUzQWFic29sdXRlJTNCbGVmdCUzQTBweCUzQnRvcCUzQTBweCUzQm92ZXJmbG93JTNBaGlkZGVuJTNCJTIyJTNFJTNDJTJGaWZyYW1lJTNFJTNDJTJGZGl2JTNF[\/vc_raw_html][vc_empty_space height=&#8220;50px&#8220;][vc_custom_heading text=&#8220;Festival JB \u2013 2. Teil (4. 11. 2022):&#8220; use_theme_fonts=&#8220;yes&#8220;][vc_raw_html]JTNDZGl2JTIwc3R5bGUlM0QlMjJ3aWR0aCUzQTEwMCUyNSUzQmhlaWdodCUzQTBweCUzQnBvc2l0aW9uJTNBcmVsYXRpdmUlM0JwYWRkaW5nLWJvdHRvbSUzQTU2LjI1MCUyNSUzQiUyMiUzRSUzQ2lmcmFtZSUyMHNyYyUzRCUyMmh0dHBzJTNBJTJGJTJGc3RyZWFtYWJsZS5jb20lMkZlJTJGYnVnaGVwJTNGbG9vcCUzRDAlMjIlMjBmcmFtZWJvcmRlciUzRCUyMjAlMjIlMjB3aWR0aCUzRCUyMjEwMCUyNSUyMiUyMGhlaWdodCUzRCUyMjEwMCUyNSUyMiUyMGFsbG93ZnVsbHNjcmVlbiUyMHN0eWxlJTNEJTIyd2lkdGglM0ExMDAlMjUlM0JoZWlnaHQlM0ExMDAlMjUlM0Jwb3NpdGlvbiUzQWFic29sdXRlJTNCbGVmdCUzQTBweCUzQnRvcCUzQTBweCUzQm92ZXJmbG93JTNBaGlkZGVuJTNCJTIyJTNFJTNDJTJGaWZyYW1lJTNFJTNDJTJGZGl2JTNF[\/vc_raw_html][vc_empty_space height=&#8220;50px&#8220;][vc_custom_heading text=&#8220;Festival JB \u2013 1. Teil (2. 11. 2022):&#8220; use_theme_fonts=&#8220;yes&#8220;][vc_raw_html]JTNDZGl2JTIwc3R5bGUlM0QlMjJ3aWR0aCUzQTEwMCUyNSUzQmhlaWdodCUzQTBweCUzQnBvc2l0aW9uJTNBcmVsYXRpdmUlM0JwYWRkaW5nLWJvdHRvbSUzQTU2LjI1MCUyNSUzQiUyMiUzRSUzQ2lmcmFtZSUyMHNyYyUzRCUyMmh0dHBzJTNBJTJGJTJGc3RyZWFtYWJsZS5jb20lMkZlJTJGNmJhdnltJTNGbG9vcCUzRDAlMjIlMjBmcmFtZWJvcmRlciUzRCUyMjAlMjIlMjB3aWR0aCUzRCUyMjEwMCUyNSUyMiUyMGhlaWdodCUzRCUyMjEwMCUyNSUyMiUyMGFsbG93ZnVsbHNjcmVlbiUyMHN0eWxlJTNEJTIyd2lkdGglM0ExMDAlMjUlM0JoZWlnaHQlM0ExMDAlMjUlM0Jwb3NpdGlvbiUzQWFic29sdXRlJTNCbGVmdCUzQTBweCUzQnRvcCUzQTBweCUzQm92ZXJmbG93JTNBaGlkZGVuJTNCJTIyJTNFJTNDJTJGaWZyYW1lJTNFJTNDJTJGZGl2JTNF[\/vc_raw_html][vc_empty_space height=&#8220;50px&#8220;][vc_column_text]Wir werden regelm\u00e4\u00dfig weitere Videoinhalte hinzuf\u00fcgen, also folgen Sie uns. Hier auf der Website und auch in den sozialen Medien, danke.[\/vc_column_text][vc_empty_space height=&#8220;50px&#8220;][vc_empty_space height=&#8220;10px&#8220;][\/vc_column][\/vc_row]<\/p>\n","protected":false},"excerpt":{"rendered":"<p>[vc_row gap=&#8220;35&#8243;][vc_column][vc_custom_heading text=&#8220;Festival JB \u2013 10. Teil (20. 11. 2022):&#8220; use_theme_fonts=&#8220;yes&#8220;][vc_raw_html]JTNDZGl2JTIwc3R5bGUlM0QlMjJ3aWR0aCUzQTEwMCUyNSUzQmhlaWdodCUzQTBweCUzQnBvc2l0aW9uJTNBcmVsYXRpdmUlM0JwYWRkaW5nLWJvdHRvbSUzQTU2LjI1MCUyNSUzQiUyMiUzRSUzQ2lmcmFtZSUyMHNyYyUzRCUyMmh0dHBzJTNBJTJGJTJGc3RyZWFtYWJsZS5jb20lMkZlJTJGYW5uemsyJTNGbG9vcCUzRDAlMjIlMjBmcmFtZWJvcmRlciUzRCUyMjAlMjIlMjB3aWR0aCUzRCUyMjEwMCUyNSUyMiUyMGhlaWdodCUzRCUyMjEwMCUyNSUyMiUyMGFsbG93ZnVsbHNjcmVlbiUyMHN0eWxlJTNEJTIyd2lkdGglM0ExMDAlMjUlM0JoZWlnaHQlM0ExMDAlMjUlM0Jwb3NpdGlvbiUzQWFic29sdXRlJTNCbGVmdCUzQTBweCUzQnRvcCUzQTBweCUzQm92ZXJmbG93JTNBaGlkZGVuJTNCJTIyJTNFJTNDJTJGaWZyYW1lJTNFJTNDJTJGZGl2JTNF[\/vc_raw_html][vc_empty_space height=&#8220;50px&#8220;][vc_custom_heading text=&#8220;Festival JB \u2013 9. Teil (19. 11. 2022):&#8220; use_theme_fonts=&#8220;yes&#8220;][vc_raw_html]JTNDZGl2JTIwc3R5bGUlM0QlMjJ3aWR0aCUzQTEwMCUyNSUzQmhlaWdodCUzQTBweCUzQnBvc2l0aW9uJTNBcmVsYXRpdmUlM0JwYWRkaW5nLWJvdHRvbSUzQTU2LjI1MCUyNSUzQiUyMiUzRSUzQ2lmcmFtZSUyMHNyYyUzRCUyMmh0dHBzJTNBJTJGJTJGc3RyZWFtYWJsZS5jb20lMkZlJTJGcmJ3djFoJTNGbG9vcCUzRDAlMjIlMjBmcmFtZWJvcmRlciUzRCUyMjAlMjIlMjB3aWR0aCUzRCUyMjEwMCUyNSUyMiUyMGhlaWdodCUzRCUyMjEwMCUyNSUyMiUyMGFsbG93ZnVsbHNjcmVlbiUyMHN0eWxlJTNEJTIyd2lkdGglM0ExMDAlMjUlM0JoZWlnaHQlM0ExMDAlMjUlM0Jwb3NpdGlvbiUzQWFic29sdXRlJTNCbGVmdCUzQTBweCUzQnRvcCUzQTBweCUzQm92ZXJmbG93JTNBaGlkZGVuJTNCJTIyJTNFJTNDJTJGaWZyYW1lJTNFJTNDJTJGZGl2JTNF[\/vc_raw_html][vc_empty_space height=&#8220;50px&#8220;][vc_custom_heading text=&#8220;Festival JB \u2013 8. Teil (16. 11. 2022):&#8220; use_theme_fonts=&#8220;yes&#8220;][vc_raw_html]JTNDZGl2JTIwc3R5bGUlM0QlMjJ3aWR0aCUzQTEwMCUyNSUzQmhlaWdodCUzQTBweCUzQnBvc2l0aW9uJTNBcmVsYXRpdmUlM0JwYWRkaW5nLWJvdHRvbSUzQTU2LjI1MCUyNSUzQiUyMiUzRSUzQ2lmcmFtZSUyMHNyYyUzRCUyMmh0dHBzJTNBJTJGJTJGc3RyZWFtYWJsZS5jb20lMkZlJTJGYzZmbXh4JTNGbG9vcCUzRDAlMjIlMjBmcmFtZWJvcmRlciUzRCUyMjAlMjIlMjB3aWR0aCUzRCUyMjEwMCUyNSUyMiUyMGhlaWdodCUzRCUyMjEwMCUyNSUyMiUyMGFsbG93ZnVsbHNjcmVlbiUyMHN0eWxlJTNEJTIyd2lkdGglM0ExMDAlMjUlM0JoZWlnaHQlM0ExMDAlMjUlM0Jwb3NpdGlvbiUzQWFic29sdXRlJTNCbGVmdCUzQTBweCUzQnRvcCUzQTBweCUzQm92ZXJmbG93JTNBaGlkZGVuJTNCJTIyJTNFJTNDJTJGaWZyYW1lJTNFJTNDJTJGZGl2JTNF[\/vc_raw_html][vc_empty_space height=&#8220;50px&#8220;][vc_custom_heading text=&#8220;Festival JB \u2013 7. Teil (13. 11. 2022):&#8220; use_theme_fonts=&#8220;yes&#8220;][vc_raw_html]JTNDZGl2JTIwc3R5bGUlM0QlMjJ3aWR0aCUzQTEwMCUyNSUzQmhlaWdodCUzQTBweCUzQnBvc2l0aW9uJTNBcmVsYXRpdmUlM0JwYWRkaW5nLWJvdHRvbSUzQTU2LjI1MCUyNSUzQiUyMiUzRSUzQ2lmcmFtZSUyMHNyYyUzRCUyMmh0dHBzJTNBJTJGJTJGc3RyZWFtYWJsZS5jb20lMkZlJTJGdGlicWxtJTNGbG9vcCUzRDAlMjIlMjBmcmFtZWJvcmRlciUzRCUyMjAlMjIlMjB3aWR0aCUzRCUyMjEwMCUyNSUyMiUyMGhlaWdodCUzRCUyMjEwMCUyNSUyMiUyMGFsbG93ZnVsbHNjcmVlbiUyMHN0eWxlJTNEJTIyd2lkdGglM0ExMDAlMjUlM0JoZWlnaHQlM0ExMDAlMjUlM0Jwb3NpdGlvbiUzQWFic29sdXRlJTNCbGVmdCUzQTBweCUzQnRvcCUzQTBweCUzQm92ZXJmbG93JTNBaGlkZGVuJTNCJTIyJTNFJTNDJTJGaWZyYW1lJTNFJTNDJTJGZGl2JTNF[\/vc_raw_html][vc_empty_space height=&#8220;50px&#8220;][vc_custom_heading text=&#8220;Festival JB \u2013 6. Teil (12. 11. 2022):&#8220; use_theme_fonts=&#8220;yes&#8220;][vc_raw_html]JTNDZGl2JTIwc3R5bGUlM0QlMjJ3aWR0aCUzQTEwMCUyNSUzQmhlaWdodCUzQTBweCUzQnBvc2l0aW9uJTNBcmVsYXRpdmUlM0JwYWRkaW5nLWJvdHRvbSUzQTU2LjI1MCUyNSUzQiUyMiUzRSUzQ2lmcmFtZSUyMHNyYyUzRCUyMmh0dHBzJTNBJTJGJTJGc3RyZWFtYWJsZS5jb20lMkZlJTJGdnliM3FvJTNGbG9vcCUzRDAlMjIlMjBmcmFtZWJvcmRlciUzRCUyMjAlMjIlMjB3aWR0aCUzRCUyMjEwMCUyNSUyMiUyMGhlaWdodCUzRCUyMjEwMCUyNSUyMiUyMGFsbG93ZnVsbHNjcmVlbiUyMHN0eWxlJTNEJTIyd2lkdGglM0ExMDAlMjUlM0JoZWlnaHQlM0ExMDAlMjUlM0Jwb3NpdGlvbiUzQWFic29sdXRlJTNCbGVmdCUzQTBweCUzQnRvcCUzQTBweCUzQm92ZXJmbG93JTNBaGlkZGVuJTNCJTIyJTNFJTNDJTJGaWZyYW1lJTNFJTNDJTJGZGl2JTNF[\/vc_raw_html][vc_empty_space height=&#8220;50px&#8220;][vc_custom_heading text=&#8220;Festival JB \u2013&hellip;<\/p>\n","protected":false},"author":1,"featured_media":0,"parent":0,"menu_order":0,"comment_status":"closed","ping_status":"open","template":"","meta":{"_expiration-date-status":"","_expiration-date":0,"_expiration-date-type":"","_expiration-date-categories":[],"_expiration-date-options":[]},"yoast_head":"<!-- This site is optimized with the Yoast SEO plugin v20.9 - https:\/\/yoast.com\/wordpress\/plugins\/seo\/ -->\n<title>Videobericht vom Festival - Jan\u00e1\u010dek Brno 2023<\/title>\n<meta name=\"robots\" content=\"noindex, follow, max-snippet:-1, max-image-preview:large, max-video-preview:-1\" \/>\n<meta property=\"og:locale\" content=\"de_DE\" \/>\n<meta property=\"og:type\" content=\"article\" \/>\n<meta property=\"og:title\" content=\"Videobericht vom Festival - Jan\u00e1\u010dek Brno 2023\" \/>\n<meta property=\"og:description\" content=\"[vc_row gap=&#8220;35&#8243;][vc_column][vc_custom_heading text=&#8220;Festival JB \u2013 10. Teil (20. 11. 2022):&#8220; use_theme_fonts=&#8220;yes&#8220;][vc_raw_html]JTNDZGl2JTIwc3R5bGUlM0QlMjJ3aWR0aCUzQTEwMCUyNSUzQmhlaWdodCUzQTBweCUzQnBvc2l0aW9uJTNBcmVsYXRpdmUlM0JwYWRkaW5nLWJvdHRvbSUzQTU2LjI1MCUyNSUzQiUyMiUzRSUzQ2lmcmFtZSUyMHNyYyUzRCUyMmh0dHBzJTNBJTJGJTJGc3RyZWFtYWJsZS5jb20lMkZlJTJGYW5uemsyJTNGbG9vcCUzRDAlMjIlMjBmcmFtZWJvcmRlciUzRCUyMjAlMjIlMjB3aWR0aCUzRCUyMjEwMCUyNSUyMiUyMGhlaWdodCUzRCUyMjEwMCUyNSUyMiUyMGFsbG93ZnVsbHNjcmVlbiUyMHN0eWxlJTNEJTIyd2lkdGglM0ExMDAlMjUlM0JoZWlnaHQlM0ExMDAlMjUlM0Jwb3NpdGlvbiUzQWFic29sdXRlJTNCbGVmdCUzQTBweCUzQnRvcCUzQTBweCUzQm92ZXJmbG93JTNBaGlkZGVuJTNCJTIyJTNFJTNDJTJGaWZyYW1lJTNFJTNDJTJGZGl2JTNF[\/vc_raw_html][vc_empty_space height=&#8220;50px&#8220;][vc_custom_heading text=&#8220;Festival JB \u2013 9. Teil (19. 11. 2022):&#8220; use_theme_fonts=&#8220;yes&#8220;][vc_raw_html]JTNDZGl2JTIwc3R5bGUlM0QlMjJ3aWR0aCUzQTEwMCUyNSUzQmhlaWdodCUzQTBweCUzQnBvc2l0aW9uJTNBcmVsYXRpdmUlM0JwYWRkaW5nLWJvdHRvbSUzQTU2LjI1MCUyNSUzQiUyMiUzRSUzQ2lmcmFtZSUyMHNyYyUzRCUyMmh0dHBzJTNBJTJGJTJGc3RyZWFtYWJsZS5jb20lMkZlJTJGcmJ3djFoJTNGbG9vcCUzRDAlMjIlMjBmcmFtZWJvcmRlciUzRCUyMjAlMjIlMjB3aWR0aCUzRCUyMjEwMCUyNSUyMiUyMGhlaWdodCUzRCUyMjEwMCUyNSUyMiUyMGFsbG93ZnVsbHNjcmVlbiUyMHN0eWxlJTNEJTIyd2lkdGglM0ExMDAlMjUlM0JoZWlnaHQlM0ExMDAlMjUlM0Jwb3NpdGlvbiUzQWFic29sdXRlJTNCbGVmdCUzQTBweCUzQnRvcCUzQTBweCUzQm92ZXJmbG93JTNBaGlkZGVuJTNCJTIyJTNFJTNDJTJGaWZyYW1lJTNFJTNDJTJGZGl2JTNF[\/vc_raw_html][vc_empty_space height=&#8220;50px&#8220;][vc_custom_heading text=&#8220;Festival JB \u2013 8. Teil (16. 11. 2022):&#8220; use_theme_fonts=&#8220;yes&#8220;][vc_raw_html]JTNDZGl2JTIwc3R5bGUlM0QlMjJ3aWR0aCUzQTEwMCUyNSUzQmhlaWdodCUzQTBweCUzQnBvc2l0aW9uJTNBcmVsYXRpdmUlM0JwYWRkaW5nLWJvdHRvbSUzQTU2LjI1MCUyNSUzQiUyMiUzRSUzQ2lmcmFtZSUyMHNyYyUzRCUyMmh0dHBzJTNBJTJGJTJGc3RyZWFtYWJsZS5jb20lMkZlJTJGYzZmbXh4JTNGbG9vcCUzRDAlMjIlMjBmcmFtZWJvcmRlciUzRCUyMjAlMjIlMjB3aWR0aCUzRCUyMjEwMCUyNSUyMiUyMGhlaWdodCUzRCUyMjEwMCUyNSUyMiUyMGFsbG93ZnVsbHNjcmVlbiUyMHN0eWxlJTNEJTIyd2lkdGglM0ExMDAlMjUlM0JoZWlnaHQlM0ExMDAlMjUlM0Jwb3NpdGlvbiUzQWFic29sdXRlJTNCbGVmdCUzQTBweCUzQnRvcCUzQTBweCUzQm92ZXJmbG93JTNBaGlkZGVuJTNCJTIyJTNFJTNDJTJGaWZyYW1lJTNFJTNDJTJGZGl2JTNF[\/vc_raw_html][vc_empty_space height=&#8220;50px&#8220;][vc_custom_heading text=&#8220;Festival JB \u2013 7. Teil (13. 11. 2022):&#8220; use_theme_fonts=&#8220;yes&#8220;][vc_raw_html]JTNDZGl2JTIwc3R5bGUlM0QlMjJ3aWR0aCUzQTEwMCUyNSUzQmhlaWdodCUzQTBweCUzQnBvc2l0aW9uJTNBcmVsYXRpdmUlM0JwYWRkaW5nLWJvdHRvbSUzQTU2LjI1MCUyNSUzQiUyMiUzRSUzQ2lmcmFtZSUyMHNyYyUzRCUyMmh0dHBzJTNBJTJGJTJGc3RyZWFtYWJsZS5jb20lMkZlJTJGdGlicWxtJTNGbG9vcCUzRDAlMjIlMjBmcmFtZWJvcmRlciUzRCUyMjAlMjIlMjB3aWR0aCUzRCUyMjEwMCUyNSUyMiUyMGhlaWdodCUzRCUyMjEwMCUyNSUyMiUyMGFsbG93ZnVsbHNjcmVlbiUyMHN0eWxlJTNEJTIyd2lkdGglM0ExMDAlMjUlM0JoZWlnaHQlM0ExMDAlMjUlM0Jwb3NpdGlvbiUzQWFic29sdXRlJTNCbGVmdCUzQTBweCUzQnRvcCUzQTBweCUzQm92ZXJmbG93JTNBaGlkZGVuJTNCJTIyJTNFJTNDJTJGaWZyYW1lJTNFJTNDJTJGZGl2JTNF[\/vc_raw_html][vc_empty_space height=&#8220;50px&#8220;][vc_custom_heading text=&#8220;Festival JB \u2013 6. Teil (12. 11. 2022):&#8220; use_theme_fonts=&#8220;yes&#8220;][vc_raw_html]JTNDZGl2JTIwc3R5bGUlM0QlMjJ3aWR0aCUzQTEwMCUyNSUzQmhlaWdodCUzQTBweCUzQnBvc2l0aW9uJTNBcmVsYXRpdmUlM0JwYWRkaW5nLWJvdHRvbSUzQTU2LjI1MCUyNSUzQiUyMiUzRSUzQ2lmcmFtZSUyMHNyYyUzRCUyMmh0dHBzJTNBJTJGJTJGc3RyZWFtYWJsZS5jb20lMkZlJTJGdnliM3FvJTNGbG9vcCUzRDAlMjIlMjBmcmFtZWJvcmRlciUzRCUyMjAlMjIlMjB3aWR0aCUzRCUyMjEwMCUyNSUyMiUyMGhlaWdodCUzRCUyMjEwMCUyNSUyMiUyMGFsbG93ZnVsbHNjcmVlbiUyMHN0eWxlJTNEJTIyd2lkdGglM0ExMDAlMjUlM0JoZWlnaHQlM0ExMDAlMjUlM0Jwb3NpdGlvbiUzQWFic29sdXRlJTNCbGVmdCUzQTBweCUzQnRvcCUzQTBweCUzQm92ZXJmbG93JTNBaGlkZGVuJTNCJTIyJTNFJTNDJTJGaWZyYW1lJTNFJTNDJTJGZGl2JTNF[\/vc_raw_html][vc_empty_space height=&#8220;50px&#8220;][vc_custom_heading text=&#8220;Festival JB \u2013&hellip;\" \/>\n<meta property=\"og:url\" content=\"https:\/\/2023.janacek-brno.cz\/de\/videobericht-vom-festival\/\" \/>\n<meta property=\"og:site_name\" content=\"Jan\u00e1\u010dek Brno 2023\" \/>\n<meta property=\"article:modified_time\" content=\"2022-11-21T16:15:01+00:00\" \/>\n<meta name=\"twitter:card\" content=\"summary_large_image\" \/>\n<meta name=\"twitter:label1\" content=\"Gesch\u00e4tzte Lesezeit\" \/>\n\t<meta name=\"twitter:data1\" content=\"1 Minute\" \/>\n<script type=\"application\/ld+json\" class=\"yoast-schema-graph\">{\"@context\":\"https:\/\/schema.org\",\"@graph\":[{\"@type\":\"WebPage\",\"@id\":\"https:\/\/2023.janacek-brno.cz\/de\/videobericht-vom-festival\/\",\"url\":\"https:\/\/2023.janacek-brno.cz\/de\/videobericht-vom-festival\/\",\"name\":\"Videobericht vom Festival - Jan\u00e1\u010dek Brno 2023\",\"isPartOf\":{\"@id\":\"https:\/\/2023.janacek-brno.cz\/de\/#website\"},\"datePublished\":\"2022-11-03T11:07:28+00:00\",\"dateModified\":\"2022-11-21T16:15:01+00:00\",\"breadcrumb\":{\"@id\":\"https:\/\/2023.janacek-brno.cz\/de\/videobericht-vom-festival\/#breadcrumb\"},\"inLanguage\":\"de-DE\",\"potentialAction\":[{\"@type\":\"ReadAction\",\"target\":[\"https:\/\/2023.janacek-brno.cz\/de\/videobericht-vom-festival\/\"]}]},{\"@type\":\"BreadcrumbList\",\"@id\":\"https:\/\/2023.janacek-brno.cz\/de\/videobericht-vom-festival\/#breadcrumb\",\"itemListElement\":[{\"@type\":\"ListItem\",\"position\":1,\"name\":\"Home\",\"item\":\"https:\/\/2023.janacek-brno.cz\/de\/\"},{\"@type\":\"ListItem\",\"position\":2,\"name\":\"Videobericht vom Festival\"}]},{\"@type\":\"WebSite\",\"@id\":\"https:\/\/2023.janacek-brno.cz\/de\/#website\",\"url\":\"https:\/\/2023.janacek-brno.cz\/de\/\",\"name\":\"Jan\u00e1\u010dek Brno 2023\",\"description\":\"Mezin\u00e1rodn\u00ed opern\u00ed a hudebn\u00ed festival\",\"potentialAction\":[{\"@type\":\"SearchAction\",\"target\":{\"@type\":\"EntryPoint\",\"urlTemplate\":\"https:\/\/2023.janacek-brno.cz\/de\/?s={search_term_string}\"},\"query-input\":\"required name=search_term_string\"}],\"inLanguage\":\"de-DE\"}]}<\/script>\n<!-- \/ Yoast SEO plugin. -->","yoast_head_json":{"title":"Videobericht vom Festival - Jan\u00e1\u010dek Brno 2023","robots":{"index":"noindex","follow":"follow","max-snippet":"max-snippet:-1","max-image-preview":"max-image-preview:large","max-video-preview":"max-video-preview:-1"},"og_locale":"de_DE","og_type":"article","og_title":"Videobericht vom Festival - Jan\u00e1\u010dek Brno 2023","og_description":"[vc_row gap=&#8220;35&#8243;][vc_column][vc_custom_heading text=&#8220;Festival JB \u2013 10. Teil (20. 11. 2022):&#8220; use_theme_fonts=&#8220;yes&#8220;][vc_raw_html]JTNDZGl2JTIwc3R5bGUlM0QlMjJ3aWR0aCUzQTEwMCUyNSUzQmhlaWdodCUzQTBweCUzQnBvc2l0aW9uJTNBcmVsYXRpdmUlM0JwYWRkaW5nLWJvdHRvbSUzQTU2LjI1MCUyNSUzQiUyMiUzRSUzQ2lmcmFtZSUyMHNyYyUzRCUyMmh0dHBzJTNBJTJGJTJGc3RyZWFtYWJsZS5jb20lMkZlJTJGYW5uemsyJTNGbG9vcCUzRDAlMjIlMjBmcmFtZWJvcmRlciUzRCUyMjAlMjIlMjB3aWR0aCUzRCUyMjEwMCUyNSUyMiUyMGhlaWdodCUzRCUyMjEwMCUyNSUyMiUyMGFsbG93ZnVsbHNjcmVlbiUyMHN0eWxlJTNEJTIyd2lkdGglM0ExMDAlMjUlM0JoZWlnaHQlM0ExMDAlMjUlM0Jwb3NpdGlvbiUzQWFic29sdXRlJTNCbGVmdCUzQTBweCUzQnRvcCUzQTBweCUzQm92ZXJmbG93JTNBaGlkZGVuJTNCJTIyJTNFJTNDJTJGaWZyYW1lJTNFJTNDJTJGZGl2JTNF[\/vc_raw_html][vc_empty_space height=&#8220;50px&#8220;][vc_custom_heading text=&#8220;Festival JB \u2013 9. Teil (19. 11. 2022):&#8220; use_theme_fonts=&#8220;yes&#8220;][vc_raw_html]JTNDZGl2JTIwc3R5bGUlM0QlMjJ3aWR0aCUzQTEwMCUyNSUzQmhlaWdodCUzQTBweCUzQnBvc2l0aW9uJTNBcmVsYXRpdmUlM0JwYWRkaW5nLWJvdHRvbSUzQTU2LjI1MCUyNSUzQiUyMiUzRSUzQ2lmcmFtZSUyMHNyYyUzRCUyMmh0dHBzJTNBJTJGJTJGc3RyZWFtYWJsZS5jb20lMkZlJTJGcmJ3djFoJTNGbG9vcCUzRDAlMjIlMjBmcmFtZWJvcmRlciUzRCUyMjAlMjIlMjB3aWR0aCUzRCUyMjEwMCUyNSUyMiUyMGhlaWdodCUzRCUyMjEwMCUyNSUyMiUyMGFsbG93ZnVsbHNjcmVlbiUyMHN0eWxlJTNEJTIyd2lkdGglM0ExMDAlMjUlM0JoZWlnaHQlM0ExMDAlMjUlM0Jwb3NpdGlvbiUzQWFic29sdXRlJTNCbGVmdCUzQTBweCUzQnRvcCUzQTBweCUzQm92ZXJmbG93JTNBaGlkZGVuJTNCJTIyJTNFJTNDJTJGaWZyYW1lJTNFJTNDJTJGZGl2JTNF[\/vc_raw_html][vc_empty_space height=&#8220;50px&#8220;][vc_custom_heading text=&#8220;Festival JB \u2013 8. Teil (16. 11. 2022):&#8220; use_theme_fonts=&#8220;yes&#8220;][vc_raw_html]JTNDZGl2JTIwc3R5bGUlM0QlMjJ3aWR0aCUzQTEwMCUyNSUzQmhlaWdodCUzQTBweCUzQnBvc2l0aW9uJTNBcmVsYXRpdmUlM0JwYWRkaW5nLWJvdHRvbSUzQTU2LjI1MCUyNSUzQiUyMiUzRSUzQ2lmcmFtZSUyMHNyYyUzRCUyMmh0dHBzJTNBJTJGJTJGc3RyZWFtYWJsZS5jb20lMkZlJTJGYzZmbXh4JTNGbG9vcCUzRDAlMjIlMjBmcmFtZWJvcmRlciUzRCUyMjAlMjIlMjB3aWR0aCUzRCUyMjEwMCUyNSUyMiUyMGhlaWdodCUzRCUyMjEwMCUyNSUyMiUyMGFsbG93ZnVsbHNjcmVlbiUyMHN0eWxlJTNEJTIyd2lkdGglM0ExMDAlMjUlM0JoZWlnaHQlM0ExMDAlMjUlM0Jwb3NpdGlvbiUzQWFic29sdXRlJTNCbGVmdCUzQTBweCUzQnRvcCUzQTBweCUzQm92ZXJmbG93JTNBaGlkZGVuJTNCJTIyJTNFJTNDJTJGaWZyYW1lJTNFJTNDJTJGZGl2JTNF[\/vc_raw_html][vc_empty_space height=&#8220;50px&#8220;][vc_custom_heading text=&#8220;Festival JB \u2013 7. Teil (13. 11. 2022):&#8220; use_theme_fonts=&#8220;yes&#8220;][vc_raw_html]JTNDZGl2JTIwc3R5bGUlM0QlMjJ3aWR0aCUzQTEwMCUyNSUzQmhlaWdodCUzQTBweCUzQnBvc2l0aW9uJTNBcmVsYXRpdmUlM0JwYWRkaW5nLWJvdHRvbSUzQTU2LjI1MCUyNSUzQiUyMiUzRSUzQ2lmcmFtZSUyMHNyYyUzRCUyMmh0dHBzJTNBJTJGJTJGc3RyZWFtYWJsZS5jb20lMkZlJTJGdGlicWxtJTNGbG9vcCUzRDAlMjIlMjBmcmFtZWJvcmRlciUzRCUyMjAlMjIlMjB3aWR0aCUzRCUyMjEwMCUyNSUyMiUyMGhlaWdodCUzRCUyMjEwMCUyNSUyMiUyMGFsbG93ZnVsbHNjcmVlbiUyMHN0eWxlJTNEJTIyd2lkdGglM0ExMDAlMjUlM0JoZWlnaHQlM0ExMDAlMjUlM0Jwb3NpdGlvbiUzQWFic29sdXRlJTNCbGVmdCUzQTBweCUzQnRvcCUzQTBweCUzQm92ZXJmbG93JTNBaGlkZGVuJTNCJTIyJTNFJTNDJTJGaWZyYW1lJTNFJTNDJTJGZGl2JTNF[\/vc_raw_html][vc_empty_space height=&#8220;50px&#8220;][vc_custom_heading text=&#8220;Festival JB \u2013 6. Teil (12. 11. 2022):&#8220; use_theme_fonts=&#8220;yes&#8220;][vc_raw_html]JTNDZGl2JTIwc3R5bGUlM0QlMjJ3aWR0aCUzQTEwMCUyNSUzQmhlaWdodCUzQTBweCUzQnBvc2l0aW9uJTNBcmVsYXRpdmUlM0JwYWRkaW5nLWJvdHRvbSUzQTU2LjI1MCUyNSUzQiUyMiUzRSUzQ2lmcmFtZSUyMHNyYyUzRCUyMmh0dHBzJTNBJTJGJTJGc3RyZWFtYWJsZS5jb20lMkZlJTJGdnliM3FvJTNGbG9vcCUzRDAlMjIlMjBmcmFtZWJvcmRlciUzRCUyMjAlMjIlMjB3aWR0aCUzRCUyMjEwMCUyNSUyMiUyMGhlaWdodCUzRCUyMjEwMCUyNSUyMiUyMGFsbG93ZnVsbHNjcmVlbiUyMHN0eWxlJTNEJTIyd2lkdGglM0ExMDAlMjUlM0JoZWlnaHQlM0ExMDAlMjUlM0Jwb3NpdGlvbiUzQWFic29sdXRlJTNCbGVmdCUzQTBweCUzQnRvcCUzQTBweCUzQm92ZXJmbG93JTNBaGlkZGVuJTNCJTIyJTNFJTNDJTJGaWZyYW1lJTNFJTNDJTJGZGl2JTNF[\/vc_raw_html][vc_empty_space height=&#8220;50px&#8220;][vc_custom_heading text=&#8220;Festival JB \u2013&hellip;","og_url":"https:\/\/2023.janacek-brno.cz\/de\/videobericht-vom-festival\/","og_site_name":"Jan\u00e1\u010dek Brno 2023","article_modified_time":"2022-11-21T16:15:01+00:00","twitter_card":"summary_large_image","twitter_misc":{"Gesch\u00e4tzte Lesezeit":"1 Minute"},"schema":{"@context":"https:\/\/schema.org","@graph":[{"@type":"WebPage","@id":"https:\/\/2023.janacek-brno.cz\/de\/videobericht-vom-festival\/","url":"https:\/\/2023.janacek-brno.cz\/de\/videobericht-vom-festival\/","name":"Videobericht vom Festival - Jan\u00e1\u010dek Brno 2023","isPartOf":{"@id":"https:\/\/2023.janacek-brno.cz\/de\/#website"},"datePublished":"2022-11-03T11:07:28+00:00","dateModified":"2022-11-21T16:15:01+00:00","breadcrumb":{"@id":"https:\/\/2023.janacek-brno.cz\/de\/videobericht-vom-festival\/#breadcrumb"},"inLanguage":"de-DE","potentialAction":[{"@type":"ReadAction","target":["https:\/\/2023.janacek-brno.cz\/de\/videobericht-vom-festival\/"]}]},{"@type":"BreadcrumbList","@id":"https:\/\/2023.janacek-brno.cz\/de\/videobericht-vom-festival\/#breadcrumb","itemListElement":[{"@type":"ListItem","position":1,"name":"Home","item":"https:\/\/2023.janacek-brno.cz\/de\/"},{"@type":"ListItem","position":2,"name":"Videobericht vom Festival"}]},{"@type":"WebSite","@id":"https:\/\/2023.janacek-brno.cz\/de\/#website","url":"https:\/\/2023.janacek-brno.cz\/de\/","name":"Jan\u00e1\u010dek Brno 2023","description":"Mezin\u00e1rodn\u00ed opern\u00ed a hudebn\u00ed festival","potentialAction":[{"@type":"SearchAction","target":{"@type":"EntryPoint","urlTemplate":"https:\/\/2023.janacek-brno.cz\/de\/?s={search_term_string}"},"query-input":"required name=search_term_string"}],"inLanguage":"de-DE"}]}},"_links":{"self":[{"href":"https:\/\/2023.janacek-brno.cz\/de\/wp-json\/wp\/v2\/pages\/7519"}],"collection":[{"href":"https:\/\/2023.janacek-brno.cz\/de\/wp-json\/wp\/v2\/pages"}],"about":[{"href":"https:\/\/2023.janacek-brno.cz\/de\/wp-json\/wp\/v2\/types\/page"}],"author":[{"embeddable":true,"href":"https:\/\/2023.janacek-brno.cz\/de\/wp-json\/wp\/v2\/users\/1"}],"replies":[{"embeddable":true,"href":"https:\/\/2023.janacek-brno.cz\/de\/wp-json\/wp\/v2\/comments?post=7519"}],"version-history":[{"count":12,"href":"https:\/\/2023.janacek-brno.cz\/de\/wp-json\/wp\/v2\/pages\/7519\/revisions"}],"predecessor-version":[{"id":8262,"href":"https:\/\/2023.janacek-brno.cz\/de\/wp-json\/wp\/v2\/pages\/7519\/revisions\/8262"}],"wp:attachment":[{"href":"https:\/\/2023.janacek-brno.cz\/de\/wp-json\/wp\/v2\/media?parent=7519"}],"curies":[{"name":"wp","href":"https:\/\/api.w.org\/{rel}","templated":true}]}}