{"id":5197,"date":"2021-09-01T14:49:15","date_gmt":"2021-09-01T12:49:15","guid":{"rendered":"https:\/\/2023.janacek-brno.cz\/?page_id=5197"},"modified":"2021-12-04T22:42:50","modified_gmt":"2021-12-04T21:42:50","slug":"geschichte-des-festivals","status":"publish","type":"page","link":"https:\/\/2023.janacek-brno.cz\/de\/geschichte-des-festivals\/","title":{"rendered":"Geschichte des Festivals"},"content":{"rendered":"<p>[vc_row gap=&#8220;35&#8243;][vc_column width=&#8220;1\/2&#8243;][vc_custom_heading text=&#8220;Festival Jan\u00e1\u010dek Brno&#8220; font_container=&#8220;tag:h2|text_align:left|color:%23000a31&#8243; use_theme_fonts=&#8220;yes&#8220;][vc_column_text]Das internationale Festival Jan\u00e1\u010dek Brno \u2013 eine Biennale, die als weltweit einzige das Werk Leo\u0161 Jan\u00e1\u010deks gerade an jenen Orten pr\u00e4sentiert, wo er f\u00fcr mehr als f\u00fcnfzig Jahre lebte und arbeitete. Grundlage des Festivals bieten Opernauff\u00fchrungen von Ensembles aus dem In- und Ausland, die Konfrontation der Inszenierungsstile herausragender Regisseure ebenso wie Weltpremieren bislang unver\u00f6ffentlichter Ursprungsversionen von Werken Leo\u0161 Jan\u00e1\u010deks. Das Festival bietet symphonische und Kammerkonzerte, Matineen, Kolloquien, Kinderprogramme, Ausstellungen, alternative Konzerte sowie Theaterauftritte oder Filmvorf\u00fchrungen mit einem Bezug zu Leo\u0161 Jan\u00e1\u010dek.<\/p>\n<p>&nbsp;<\/p>\n<div id=\"gtx-trans\" style=\"position: absolute; left: -9px; top: 209.75px;\">\n<div class=\"gtx-trans-icon\"><\/div>\n<\/div>\n<p>[\/vc_column_text][vc_custom_heading text=&#8220;Aus der Geschichte des Festivals Jan\u00e1\u010dek Brno:&#8220; font_container=&#8220;tag:h2|text_align:left|color:%23000a31&#8243; use_theme_fonts=&#8220;yes&#8220;][vc_column_text]<a href=\"https:\/\/2021.janacek-brno.cz\/de\/\" target=\"_blank\" rel=\"noopener\"><span style=\"color: 000a31;\">2021 \u2013 Herbstliches Finale Jan\u00e1\u010dek Brno 2021<\/span><\/a><\/p>\n<p><a href=\"https:\/\/2020.janacek-brno.cz\/de\/\" target=\"_blank\" rel=\"noopener\"><span style=\"color: 000a31;\"><strong>2020 \u2013 Festival Jan\u00e1\u010dek Brno 2020<\/strong><\/span><\/a><\/p>\n<p><a href=\"http:\/\/2019.janacek-brno.cz\/\" target=\"_blank\" rel=\"noopener\"><span style=\"color: 000a31;\">2019 \u2013 Preview-Konzerte<\/span><\/a><\/p>\n<p><a href=\"http:\/\/2018.janacek-brno.cz\/\" target=\"_blank\" rel=\"noopener\"><span style=\"color: 000a31;\"><b>6. Festival Janacek Brno 2018<\/b><\/span><\/a><\/p>\n<p><a href=\"http:\/\/2017.janacek-brno.cz\/\" target=\"_blank\" rel=\"noopener\"><span style=\"color: 000a31;\">2017 \u2013 Preview-Konzerte<\/span><\/a><br \/>\n<b><\/b><\/p>\n<p><a href=\"http:\/\/2016.janacek-brno.cz\/\" target=\"_blank\" rel=\"noopener\"><span style=\"color: 000a31;\"><b>5. Festival 2016 Erwartungen<\/b><\/span><\/a><br \/>\n<b><\/b><\/p>\n<p><span style=\"color: 000a31;\"><b><a href=\"http:\/\/2014.janacek-brno.cz\/\">4. Festival 2014 Happy<\/a> <a href=\"http:\/\/2014.janacek-brno.cz\/\" target=\"_blank\" rel=\"noopener\">Birthday Leo\u0161!<\/a><\/b><\/span><br \/>\n<b><\/b><\/p>\n<p><b>3. Festival 2012: Genius Loci<\/b>\u00a0(Pavel Haas, Josef Berg, Miloslav I\u0161tvan, Erich Wolfgang Korngold \u2026)<\/p>\n<p><b>2. Festival 2010: Jan\u00e1\u010dek versus Expressionismus<\/b>\u00a0(Arnold Sch\u00f6nberg, Anton Webern, Alban Berg\u2026); in memoriam Sir Charles Mackerras<\/p>\n<p><b>1. Festival 2008<\/b><\/p>\n<p><span data-fusion-font=\"true\">Vorl\u00e4ufer 2004: Auff\u00fchrung aller Opern Jan\u00e1\u010deks<\/span>[\/vc_column_text][\/vc_column][vc_column width=&#8220;1\/2&#8243;][vc_single_image image=&#8220;2838&#8243; img_size=&#8220;full&#8220;][\/vc_column][\/vc_row][vc_row content_placement=&#8220;middle&#8220;][vc_column width=&#8220;1\/3&#8243;][vc_single_image image=&#8220;2855&#8243; img_size=&#8220;medium&#8220;][\/vc_column][vc_column width=&#8220;2\/3&#8243;][vc_custom_heading text=&#8220;The International Opera Awards&#8220; use_theme_fonts=&#8220;yes&#8220;][vc_column_text]Innerhalb von nur sechs Festivaljahrg\u00e4ngen ist die Biennale Jan\u00e1\u010dek Brno zu einem der besten Opernfestivals der Welt aufgestiegen. Als erstes Ereignis seiner Art in Tschechien wurde das Festival Jan\u00e1\u010dek Brno bei den begehrten International Opera Awards zum besten Festival des Jahres 2018 gek\u00fcrt (weitere Informationen unter<span data-fusion-font=\"true\">\u00a0<u><a href=\"http:\/\/www.operaawards.org\/archive\/2019\/\" target=\"_blank\" rel=\"noopener noreferrer\">www.operaawards.org<\/a><\/u>).<\/span><\/p>\n<div id=\"gtx-trans\" style=\"position: absolute; left: -57px; top: -16px;\">\n<div class=\"gtx-trans-icon\"><\/div>\n<\/div>\n<p>[\/vc_column_text][\/vc_column][\/vc_row]<\/p>\n","protected":false},"excerpt":{"rendered":"<p>[vc_row gap=&#8220;35&#8243;][vc_column width=&#8220;1\/2&#8243;][vc_custom_heading text=&#8220;Festival Jan\u00e1\u010dek Brno&#8220; font_container=&#8220;tag:h2|text_align:left|color:%23000a31&#8243; use_theme_fonts=&#8220;yes&#8220;][vc_column_text]Das internationale Festival Jan\u00e1\u010dek Brno \u2013 eine Biennale, die als weltweit einzige das Werk Leo\u0161 Jan\u00e1\u010deks gerade an jenen Orten pr\u00e4sentiert, wo er f\u00fcr mehr als f\u00fcnfzig Jahre lebte und arbeitete. Grundlage des Festivals bieten Opernauff\u00fchrungen von Ensembles aus dem In- und Ausland, die Konfrontation der Inszenierungsstile herausragender&hellip;<\/p>\n","protected":false},"author":1,"featured_media":0,"parent":0,"menu_order":0,"comment_status":"closed","ping_status":"open","template":"","meta":{"_expiration-date-status":"","_expiration-date":0,"_expiration-date-type":"","_expiration-date-categories":[],"_expiration-date-options":[]},"yoast_head":"<!-- This site is optimized with the Yoast SEO plugin v20.9 - https:\/\/yoast.com\/wordpress\/plugins\/seo\/ -->\n<title>Geschichte des Festivals - Jan\u00e1\u010dek Brno 2023<\/title>\n<meta name=\"robots\" content=\"noindex, follow, max-snippet:-1, max-image-preview:large, max-video-preview:-1\" \/>\n<meta property=\"og:locale\" content=\"de_DE\" \/>\n<meta property=\"og:type\" content=\"article\" \/>\n<meta property=\"og:title\" content=\"Geschichte des Festivals - Jan\u00e1\u010dek Brno 2023\" \/>\n<meta property=\"og:description\" content=\"[vc_row gap=&#8220;35&#8243;][vc_column width=&#8220;1\/2&#8243;][vc_custom_heading text=&#8220;Festival Jan\u00e1\u010dek Brno&#8220; font_container=&#8220;tag:h2|text_align:left|color:%23000a31&#8243; use_theme_fonts=&#8220;yes&#8220;][vc_column_text]Das internationale Festival Jan\u00e1\u010dek Brno \u2013 eine Biennale, die als weltweit einzige das Werk Leo\u0161 Jan\u00e1\u010deks gerade an jenen Orten pr\u00e4sentiert, wo er f\u00fcr mehr als f\u00fcnfzig Jahre lebte und arbeitete. Grundlage des Festivals bieten Opernauff\u00fchrungen von Ensembles aus dem In- und Ausland, die Konfrontation der Inszenierungsstile herausragender&hellip;\" \/>\n<meta property=\"og:url\" content=\"https:\/\/2023.janacek-brno.cz\/de\/geschichte-des-festivals\/\" \/>\n<meta property=\"og:site_name\" content=\"Jan\u00e1\u010dek Brno 2023\" \/>\n<meta property=\"article:modified_time\" content=\"2021-12-04T21:42:50+00:00\" \/>\n<meta name=\"twitter:card\" content=\"summary_large_image\" \/>\n<meta name=\"twitter:label1\" content=\"Gesch\u00e4tzte Lesezeit\" \/>\n\t<meta name=\"twitter:data1\" content=\"2 Minuten\" \/>\n<script type=\"application\/ld+json\" class=\"yoast-schema-graph\">{\"@context\":\"https:\/\/schema.org\",\"@graph\":[{\"@type\":\"WebPage\",\"@id\":\"https:\/\/2023.janacek-brno.cz\/de\/geschichte-des-festivals\/\",\"url\":\"https:\/\/2023.janacek-brno.cz\/de\/geschichte-des-festivals\/\",\"name\":\"Geschichte des Festivals - Jan\u00e1\u010dek Brno 2023\",\"isPartOf\":{\"@id\":\"https:\/\/2023.janacek-brno.cz\/de\/#website\"},\"datePublished\":\"2021-09-01T12:49:15+00:00\",\"dateModified\":\"2021-12-04T21:42:50+00:00\",\"breadcrumb\":{\"@id\":\"https:\/\/2023.janacek-brno.cz\/de\/geschichte-des-festivals\/#breadcrumb\"},\"inLanguage\":\"de-DE\",\"potentialAction\":[{\"@type\":\"ReadAction\",\"target\":[\"https:\/\/2023.janacek-brno.cz\/de\/geschichte-des-festivals\/\"]}]},{\"@type\":\"BreadcrumbList\",\"@id\":\"https:\/\/2023.janacek-brno.cz\/de\/geschichte-des-festivals\/#breadcrumb\",\"itemListElement\":[{\"@type\":\"ListItem\",\"position\":1,\"name\":\"Home\",\"item\":\"https:\/\/2023.janacek-brno.cz\/de\/\"},{\"@type\":\"ListItem\",\"position\":2,\"name\":\"Geschichte des Festivals\"}]},{\"@type\":\"WebSite\",\"@id\":\"https:\/\/2023.janacek-brno.cz\/de\/#website\",\"url\":\"https:\/\/2023.janacek-brno.cz\/de\/\",\"name\":\"Jan\u00e1\u010dek Brno 2023\",\"description\":\"Mezin\u00e1rodn\u00ed opern\u00ed a hudebn\u00ed festival\",\"potentialAction\":[{\"@type\":\"SearchAction\",\"target\":{\"@type\":\"EntryPoint\",\"urlTemplate\":\"https:\/\/2023.janacek-brno.cz\/de\/?s={search_term_string}\"},\"query-input\":\"required name=search_term_string\"}],\"inLanguage\":\"de-DE\"}]}<\/script>\n<!-- \/ Yoast SEO plugin. -->","yoast_head_json":{"title":"Geschichte des Festivals - Jan\u00e1\u010dek Brno 2023","robots":{"index":"noindex","follow":"follow","max-snippet":"max-snippet:-1","max-image-preview":"max-image-preview:large","max-video-preview":"max-video-preview:-1"},"og_locale":"de_DE","og_type":"article","og_title":"Geschichte des Festivals - Jan\u00e1\u010dek Brno 2023","og_description":"[vc_row gap=&#8220;35&#8243;][vc_column width=&#8220;1\/2&#8243;][vc_custom_heading text=&#8220;Festival Jan\u00e1\u010dek Brno&#8220; font_container=&#8220;tag:h2|text_align:left|color:%23000a31&#8243; use_theme_fonts=&#8220;yes&#8220;][vc_column_text]Das internationale Festival Jan\u00e1\u010dek Brno \u2013 eine Biennale, die als weltweit einzige das Werk Leo\u0161 Jan\u00e1\u010deks gerade an jenen Orten pr\u00e4sentiert, wo er f\u00fcr mehr als f\u00fcnfzig Jahre lebte und arbeitete. Grundlage des Festivals bieten Opernauff\u00fchrungen von Ensembles aus dem In- und Ausland, die Konfrontation der Inszenierungsstile herausragender&hellip;","og_url":"https:\/\/2023.janacek-brno.cz\/de\/geschichte-des-festivals\/","og_site_name":"Jan\u00e1\u010dek Brno 2023","article_modified_time":"2021-12-04T21:42:50+00:00","twitter_card":"summary_large_image","twitter_misc":{"Gesch\u00e4tzte Lesezeit":"2 Minuten"},"schema":{"@context":"https:\/\/schema.org","@graph":[{"@type":"WebPage","@id":"https:\/\/2023.janacek-brno.cz\/de\/geschichte-des-festivals\/","url":"https:\/\/2023.janacek-brno.cz\/de\/geschichte-des-festivals\/","name":"Geschichte des Festivals - Jan\u00e1\u010dek Brno 2023","isPartOf":{"@id":"https:\/\/2023.janacek-brno.cz\/de\/#website"},"datePublished":"2021-09-01T12:49:15+00:00","dateModified":"2021-12-04T21:42:50+00:00","breadcrumb":{"@id":"https:\/\/2023.janacek-brno.cz\/de\/geschichte-des-festivals\/#breadcrumb"},"inLanguage":"de-DE","potentialAction":[{"@type":"ReadAction","target":["https:\/\/2023.janacek-brno.cz\/de\/geschichte-des-festivals\/"]}]},{"@type":"BreadcrumbList","@id":"https:\/\/2023.janacek-brno.cz\/de\/geschichte-des-festivals\/#breadcrumb","itemListElement":[{"@type":"ListItem","position":1,"name":"Home","item":"https:\/\/2023.janacek-brno.cz\/de\/"},{"@type":"ListItem","position":2,"name":"Geschichte des Festivals"}]},{"@type":"WebSite","@id":"https:\/\/2023.janacek-brno.cz\/de\/#website","url":"https:\/\/2023.janacek-brno.cz\/de\/","name":"Jan\u00e1\u010dek Brno 2023","description":"Mezin\u00e1rodn\u00ed opern\u00ed a hudebn\u00ed festival","potentialAction":[{"@type":"SearchAction","target":{"@type":"EntryPoint","urlTemplate":"https:\/\/2023.janacek-brno.cz\/de\/?s={search_term_string}"},"query-input":"required name=search_term_string"}],"inLanguage":"de-DE"}]}},"_links":{"self":[{"href":"https:\/\/2023.janacek-brno.cz\/de\/wp-json\/wp\/v2\/pages\/5197"}],"collection":[{"href":"https:\/\/2023.janacek-brno.cz\/de\/wp-json\/wp\/v2\/pages"}],"about":[{"href":"https:\/\/2023.janacek-brno.cz\/de\/wp-json\/wp\/v2\/types\/page"}],"author":[{"embeddable":true,"href":"https:\/\/2023.janacek-brno.cz\/de\/wp-json\/wp\/v2\/users\/1"}],"replies":[{"embeddable":true,"href":"https:\/\/2023.janacek-brno.cz\/de\/wp-json\/wp\/v2\/comments?post=5197"}],"version-history":[{"count":6,"href":"https:\/\/2023.janacek-brno.cz\/de\/wp-json\/wp\/v2\/pages\/5197\/revisions"}],"predecessor-version":[{"id":5454,"href":"https:\/\/2023.janacek-brno.cz\/de\/wp-json\/wp\/v2\/pages\/5197\/revisions\/5454"}],"wp:attachment":[{"href":"https:\/\/2023.janacek-brno.cz\/de\/wp-json\/wp\/v2\/media?parent=5197"}],"curies":[{"name":"wp","href":"https:\/\/api.w.org\/{rel}","templated":true}]}}