{"id":5192,"date":"2021-10-18T12:50:07","date_gmt":"2021-10-18T10:50:07","guid":{"rendered":"https:\/\/2023.janacek-brno.cz\/umelecka-rada-festivalu\/"},"modified":"2021-12-03T14:15:02","modified_gmt":"2021-12-03T13:15:02","slug":"kuenstlerischer-beirat-des-festivals","status":"publish","type":"page","link":"https:\/\/2023.janacek-brno.cz\/de\/kuenstlerischer-beirat-des-festivals\/","title":{"rendered":"K\u00fcnstlerischer Beirat des Festivals"},"content":{"rendered":"<p>[vc_row gap=&#8220;35&#8243;][vc_column width=&#8220;1\/2&#8243;][vc_custom_heading text=&#8220;Patricie \u010c\u00e1stkov\u00e1&#8220; font_container=&#8220;tag:h2|font_size:28|text_align:center&#8220; use_theme_fonts=&#8220;yes&#8220;][vc_custom_heading text=&#8220;Dramaturgin des Ensembles der Jan\u00e1\u010dek-Oper&#8220; font_container=&#8220;tag:h2|font_size:17|text_align:center&#8220; use_theme_fonts=&#8220;yes&#8220;][vc_separator el_width=&#8220;50&#8243;][vc_custom_heading text=&#8220;Martin Glaser&#8220; font_container=&#8220;tag:h2|font_size:28|text_align:center&#8220; use_theme_fonts=&#8220;yes&#8220;][vc_custom_heading text=&#8220;Direktor des Nationaltheaters Brno&#8220; font_container=&#8220;tag:h2|font_size:17|text_align:center&#8220; use_theme_fonts=&#8220;yes&#8220;][vc_separator el_width=&#8220;50&#8243;][vc_custom_heading text=&#8220;Ji\u0159\u00ed He\u0159man&#8220; font_container=&#8220;tag:h2|font_size:28|text_align:center&#8220; use_theme_fonts=&#8220;yes&#8220;][vc_custom_heading text=&#8220;K\u00fcnstlerischer Leiter des Ensembles der Jan\u00e1\u010dek-Oper&#8220; font_container=&#8220;tag:h2|font_size:17|text_align:center&#8220; use_theme_fonts=&#8220;yes&#8220;][vc_separator el_width=&#8220;50&#8243;][vc_custom_heading text=&#8220;Marko Ivanovi\u0107&#8220; font_container=&#8220;tag:h2|font_size:28|text_align:center&#8220; use_theme_fonts=&#8220;yes&#8220;][vc_custom_heading text=&#8220;Chefdirigent des Ensembles der Jan\u00e1\u010dek-Oper&#8220; font_container=&#8220;tag:h2|font_size:17|text_align:center&#8220; use_theme_fonts=&#8220;yes&#8220;][vc_separator el_width=&#8220;50&#8243;][vc_custom_heading text=&#8220;Ond\u0159ej Pivoda&#8220; font_container=&#8220;tag:h2|font_size:28|text_align:center&#8220; use_theme_fonts=&#8220;yes&#8220;][vc_custom_heading text=&#8220;Musikologe&#8220; font_container=&#8220;tag:h2|font_size:17|text_align:center&#8220; use_theme_fonts=&#8220;yes&#8220;][vc_separator el_width=&#8220;50&#8243;][vc_custom_heading text=&#8220;Svatava \u0160enkov\u00e1&#8220; font_container=&#8220;tag:h2|font_size:28|text_align:center&#8220; use_theme_fonts=&#8220;yes&#8220;][vc_custom_heading text=&#8220;Leiter des Theaterzentrums TS Brno&#8220; font_container=&#8220;tag:h2|font_size:17|text_align:center&#8220; use_theme_fonts=&#8220;yes&#8220;][vc_separator el_width=&#8220;50&#8243;][vc_custom_heading text=&#8220;Ji\u0159\u00ed Zahr\u00e1dka&#8220; font_container=&#8220;tag:h2|font_size:28|text_align:center&#8220; use_theme_fonts=&#8220;yes&#8220;][vc_custom_heading text=&#8220;Musikologe&#8220; font_container=&#8220;tag:h2|font_size:17|text_align:center&#8220; use_theme_fonts=&#8220;yes&#8220;][vc_empty_space height=&#8220;50px&#8220;][\/vc_column][vc_column width=&#8220;1\/2&#8243;][vc_custom_heading text=&#8220;Marek Fi\u0161er&#8220; font_container=&#8220;tag:h2|font_size:28|text_align:center&#8220; use_theme_fonts=&#8220;yes&#8220;][vc_custom_heading text=&#8220;Mitglied des Rates der Stadt Brno f\u00fcr den Kulturbereich&#8220; font_container=&#8220;tag:h2|font_size:17|text_align:center&#8220; use_theme_fonts=&#8220;yes&#8220;][vc_separator el_width=&#8220;50&#8243;][vc_custom_heading text=&#8220;Josef Herman&#8220; font_container=&#8220;tag:h2|font_size:28|text_align:center&#8220; use_theme_fonts=&#8220;yes&#8220;][vc_custom_heading text=&#8220;Chefredakteur der Divadeln\u00ed noviny&#8220; font_container=&#8220;tag:h2|font_size:17|text_align:center&#8220; use_theme_fonts=&#8220;yes&#8220;][vc_separator el_width=&#8220;50&#8243;][vc_custom_heading text=&#8220;Jan Hlav\u00e1\u010d&#8220; font_container=&#8220;tag:h2|font_size:28|text_align:center&#8220; use_theme_fonts=&#8220;yes&#8220;][vc_custom_heading text=&#8220;Musikredakteur des \u010cesk\u00fd rozhlas&#8220; font_container=&#8220;tag:h2|font_size:17|text_align:center&#8220; use_theme_fonts=&#8220;yes&#8220;][vc_separator el_width=&#8220;50&#8243;][vc_custom_heading text=&#8220;V\u00edt\u011bzslav Mike\u0161&#8220; font_container=&#8220;tag:h2|font_size:28|text_align:center&#8220; use_theme_fonts=&#8220;yes&#8220;][vc_custom_heading text=&#8220;Dramaturg der Philharmonie Brno&#8220; font_container=&#8220;tag:h2|font_size:17|text_align:center&#8220; use_theme_fonts=&#8220;yes&#8220;][vc_separator el_width=&#8220;50&#8243;][vc_custom_heading text=&#8220;Ludmila N\u011bmcov\u00e1&#8220; font_container=&#8220;tag:h2|font_size:28|text_align:center&#8220; use_theme_fonts=&#8220;yes&#8220;][vc_custom_heading text=&#8220;Leiterin der Leo\u0161-Jan\u00e1\u010dek-Stiftung&#8220; font_container=&#8220;tag:h2|font_size:17|text_align:center&#8220; use_theme_fonts=&#8220;yes&#8220;][vc_separator el_width=&#8220;50&#8243;][vc_custom_heading text=&#8220;Barbara Maria Willi&#8220; font_container=&#8220;tag:h2|font_size:28|text_align:center&#8220; use_theme_fonts=&#8220;yes&#8220;][vc_custom_heading text=&#8220;Dekan der Fakult\u00e4t f\u00fcr Musik, JAMU&#8220; font_container=&#8220;tag:h2|font_size:17|text_align:center&#8220; use_theme_fonts=&#8220;yes&#8220;][\/vc_column][\/vc_row]<\/p>\n","protected":false},"excerpt":{"rendered":"<p>[vc_row gap=&#8220;35&#8243;][vc_column width=&#8220;1\/2&#8243;][vc_custom_heading text=&#8220;Patricie \u010c\u00e1stkov\u00e1&#8220; font_container=&#8220;tag:h2|font_size:28|text_align:center&#8220; use_theme_fonts=&#8220;yes&#8220;][vc_custom_heading text=&#8220;Dramaturgin des Ensembles der Jan\u00e1\u010dek-Oper&#8220; font_container=&#8220;tag:h2|font_size:17|text_align:center&#8220; use_theme_fonts=&#8220;yes&#8220;][vc_separator el_width=&#8220;50&#8243;][vc_custom_heading text=&#8220;Martin Glaser&#8220; font_container=&#8220;tag:h2|font_size:28|text_align:center&#8220; use_theme_fonts=&#8220;yes&#8220;][vc_custom_heading text=&#8220;Direktor des Nationaltheaters Brno&#8220; font_container=&#8220;tag:h2|font_size:17|text_align:center&#8220; use_theme_fonts=&#8220;yes&#8220;][vc_separator el_width=&#8220;50&#8243;][vc_custom_heading text=&#8220;Ji\u0159\u00ed He\u0159man&#8220; font_container=&#8220;tag:h2|font_size:28|text_align:center&#8220; use_theme_fonts=&#8220;yes&#8220;][vc_custom_heading text=&#8220;K\u00fcnstlerischer Leiter des Ensembles der Jan\u00e1\u010dek-Oper&#8220; font_container=&#8220;tag:h2|font_size:17|text_align:center&#8220; use_theme_fonts=&#8220;yes&#8220;][vc_separator el_width=&#8220;50&#8243;][vc_custom_heading text=&#8220;Marko Ivanovi\u0107&#8220; font_container=&#8220;tag:h2|font_size:28|text_align:center&#8220; use_theme_fonts=&#8220;yes&#8220;][vc_custom_heading text=&#8220;Chefdirigent des Ensembles der Jan\u00e1\u010dek-Oper&#8220; font_container=&#8220;tag:h2|font_size:17|text_align:center&#8220; use_theme_fonts=&#8220;yes&#8220;][vc_separator el_width=&#8220;50&#8243;][vc_custom_heading text=&#8220;Ond\u0159ej Pivoda&#8220; font_container=&#8220;tag:h2|font_size:28|text_align:center&#8220; use_theme_fonts=&#8220;yes&#8220;][vc_custom_heading&hellip;<\/p>\n","protected":false},"author":1,"featured_media":0,"parent":0,"menu_order":0,"comment_status":"closed","ping_status":"open","template":"","meta":{"_expiration-date-status":"","_expiration-date":0,"_expiration-date-type":"","_expiration-date-categories":[],"_expiration-date-options":[]},"yoast_head":"<!-- This site is optimized with the Yoast SEO plugin v20.9 - https:\/\/yoast.com\/wordpress\/plugins\/seo\/ -->\n<title>K\u00fcnstlerischer Beirat des Festivals - Jan\u00e1\u010dek Brno 2023<\/title>\n<meta name=\"robots\" content=\"noindex, follow, max-snippet:-1, max-image-preview:large, max-video-preview:-1\" \/>\n<meta property=\"og:locale\" content=\"de_DE\" \/>\n<meta property=\"og:type\" content=\"article\" \/>\n<meta property=\"og:title\" content=\"K\u00fcnstlerischer Beirat des Festivals - Jan\u00e1\u010dek Brno 2023\" \/>\n<meta property=\"og:description\" content=\"[vc_row gap=&#8220;35&#8243;][vc_column width=&#8220;1\/2&#8243;][vc_custom_heading text=&#8220;Patricie \u010c\u00e1stkov\u00e1&#8220; font_container=&#8220;tag:h2|font_size:28|text_align:center&#8220; use_theme_fonts=&#8220;yes&#8220;][vc_custom_heading text=&#8220;Dramaturgin des Ensembles der Jan\u00e1\u010dek-Oper&#8220; font_container=&#8220;tag:h2|font_size:17|text_align:center&#8220; use_theme_fonts=&#8220;yes&#8220;][vc_separator el_width=&#8220;50&#8243;][vc_custom_heading text=&#8220;Martin Glaser&#8220; font_container=&#8220;tag:h2|font_size:28|text_align:center&#8220; use_theme_fonts=&#8220;yes&#8220;][vc_custom_heading text=&#8220;Direktor des Nationaltheaters Brno&#8220; font_container=&#8220;tag:h2|font_size:17|text_align:center&#8220; use_theme_fonts=&#8220;yes&#8220;][vc_separator el_width=&#8220;50&#8243;][vc_custom_heading text=&#8220;Ji\u0159\u00ed He\u0159man&#8220; font_container=&#8220;tag:h2|font_size:28|text_align:center&#8220; use_theme_fonts=&#8220;yes&#8220;][vc_custom_heading text=&#8220;K\u00fcnstlerischer Leiter des Ensembles der Jan\u00e1\u010dek-Oper&#8220; font_container=&#8220;tag:h2|font_size:17|text_align:center&#8220; use_theme_fonts=&#8220;yes&#8220;][vc_separator el_width=&#8220;50&#8243;][vc_custom_heading text=&#8220;Marko Ivanovi\u0107&#8220; font_container=&#8220;tag:h2|font_size:28|text_align:center&#8220; use_theme_fonts=&#8220;yes&#8220;][vc_custom_heading text=&#8220;Chefdirigent des Ensembles der Jan\u00e1\u010dek-Oper&#8220; font_container=&#8220;tag:h2|font_size:17|text_align:center&#8220; use_theme_fonts=&#8220;yes&#8220;][vc_separator el_width=&#8220;50&#8243;][vc_custom_heading text=&#8220;Ond\u0159ej Pivoda&#8220; font_container=&#8220;tag:h2|font_size:28|text_align:center&#8220; use_theme_fonts=&#8220;yes&#8220;][vc_custom_heading&hellip;\" \/>\n<meta property=\"og:url\" content=\"https:\/\/2023.janacek-brno.cz\/de\/kuenstlerischer-beirat-des-festivals\/\" \/>\n<meta property=\"og:site_name\" content=\"Jan\u00e1\u010dek Brno 2023\" \/>\n<meta property=\"article:modified_time\" content=\"2021-12-03T13:15:02+00:00\" \/>\n<meta name=\"twitter:card\" content=\"summary_large_image\" \/>\n<meta name=\"twitter:label1\" content=\"Gesch\u00e4tzte Lesezeit\" \/>\n\t<meta name=\"twitter:data1\" content=\"1 Minute\" \/>\n<script type=\"application\/ld+json\" class=\"yoast-schema-graph\">{\"@context\":\"https:\/\/schema.org\",\"@graph\":[{\"@type\":\"WebPage\",\"@id\":\"https:\/\/2023.janacek-brno.cz\/de\/kuenstlerischer-beirat-des-festivals\/\",\"url\":\"https:\/\/2023.janacek-brno.cz\/de\/kuenstlerischer-beirat-des-festivals\/\",\"name\":\"K\u00fcnstlerischer Beirat des Festivals - Jan\u00e1\u010dek Brno 2023\",\"isPartOf\":{\"@id\":\"https:\/\/2023.janacek-brno.cz\/de\/#website\"},\"datePublished\":\"2021-10-18T10:50:07+00:00\",\"dateModified\":\"2021-12-03T13:15:02+00:00\",\"breadcrumb\":{\"@id\":\"https:\/\/2023.janacek-brno.cz\/de\/kuenstlerischer-beirat-des-festivals\/#breadcrumb\"},\"inLanguage\":\"de-DE\",\"potentialAction\":[{\"@type\":\"ReadAction\",\"target\":[\"https:\/\/2023.janacek-brno.cz\/de\/kuenstlerischer-beirat-des-festivals\/\"]}]},{\"@type\":\"BreadcrumbList\",\"@id\":\"https:\/\/2023.janacek-brno.cz\/de\/kuenstlerischer-beirat-des-festivals\/#breadcrumb\",\"itemListElement\":[{\"@type\":\"ListItem\",\"position\":1,\"name\":\"Home\",\"item\":\"https:\/\/2023.janacek-brno.cz\/de\/\"},{\"@type\":\"ListItem\",\"position\":2,\"name\":\"K\u00fcnstlerischer Beirat des Festivals\"}]},{\"@type\":\"WebSite\",\"@id\":\"https:\/\/2023.janacek-brno.cz\/de\/#website\",\"url\":\"https:\/\/2023.janacek-brno.cz\/de\/\",\"name\":\"Jan\u00e1\u010dek Brno 2023\",\"description\":\"Mezin\u00e1rodn\u00ed opern\u00ed a hudebn\u00ed festival\",\"potentialAction\":[{\"@type\":\"SearchAction\",\"target\":{\"@type\":\"EntryPoint\",\"urlTemplate\":\"https:\/\/2023.janacek-brno.cz\/de\/?s={search_term_string}\"},\"query-input\":\"required name=search_term_string\"}],\"inLanguage\":\"de-DE\"}]}<\/script>\n<!-- \/ Yoast SEO plugin. -->","yoast_head_json":{"title":"K\u00fcnstlerischer Beirat des Festivals - Jan\u00e1\u010dek Brno 2023","robots":{"index":"noindex","follow":"follow","max-snippet":"max-snippet:-1","max-image-preview":"max-image-preview:large","max-video-preview":"max-video-preview:-1"},"og_locale":"de_DE","og_type":"article","og_title":"K\u00fcnstlerischer Beirat des Festivals - Jan\u00e1\u010dek Brno 2023","og_description":"[vc_row gap=&#8220;35&#8243;][vc_column width=&#8220;1\/2&#8243;][vc_custom_heading text=&#8220;Patricie \u010c\u00e1stkov\u00e1&#8220; font_container=&#8220;tag:h2|font_size:28|text_align:center&#8220; use_theme_fonts=&#8220;yes&#8220;][vc_custom_heading text=&#8220;Dramaturgin des Ensembles der Jan\u00e1\u010dek-Oper&#8220; font_container=&#8220;tag:h2|font_size:17|text_align:center&#8220; use_theme_fonts=&#8220;yes&#8220;][vc_separator el_width=&#8220;50&#8243;][vc_custom_heading text=&#8220;Martin Glaser&#8220; font_container=&#8220;tag:h2|font_size:28|text_align:center&#8220; use_theme_fonts=&#8220;yes&#8220;][vc_custom_heading text=&#8220;Direktor des Nationaltheaters Brno&#8220; font_container=&#8220;tag:h2|font_size:17|text_align:center&#8220; use_theme_fonts=&#8220;yes&#8220;][vc_separator el_width=&#8220;50&#8243;][vc_custom_heading text=&#8220;Ji\u0159\u00ed He\u0159man&#8220; font_container=&#8220;tag:h2|font_size:28|text_align:center&#8220; use_theme_fonts=&#8220;yes&#8220;][vc_custom_heading text=&#8220;K\u00fcnstlerischer Leiter des Ensembles der Jan\u00e1\u010dek-Oper&#8220; font_container=&#8220;tag:h2|font_size:17|text_align:center&#8220; use_theme_fonts=&#8220;yes&#8220;][vc_separator el_width=&#8220;50&#8243;][vc_custom_heading text=&#8220;Marko Ivanovi\u0107&#8220; font_container=&#8220;tag:h2|font_size:28|text_align:center&#8220; use_theme_fonts=&#8220;yes&#8220;][vc_custom_heading text=&#8220;Chefdirigent des Ensembles der Jan\u00e1\u010dek-Oper&#8220; font_container=&#8220;tag:h2|font_size:17|text_align:center&#8220; use_theme_fonts=&#8220;yes&#8220;][vc_separator el_width=&#8220;50&#8243;][vc_custom_heading text=&#8220;Ond\u0159ej Pivoda&#8220; font_container=&#8220;tag:h2|font_size:28|text_align:center&#8220; use_theme_fonts=&#8220;yes&#8220;][vc_custom_heading&hellip;","og_url":"https:\/\/2023.janacek-brno.cz\/de\/kuenstlerischer-beirat-des-festivals\/","og_site_name":"Jan\u00e1\u010dek Brno 2023","article_modified_time":"2021-12-03T13:15:02+00:00","twitter_card":"summary_large_image","twitter_misc":{"Gesch\u00e4tzte Lesezeit":"1 Minute"},"schema":{"@context":"https:\/\/schema.org","@graph":[{"@type":"WebPage","@id":"https:\/\/2023.janacek-brno.cz\/de\/kuenstlerischer-beirat-des-festivals\/","url":"https:\/\/2023.janacek-brno.cz\/de\/kuenstlerischer-beirat-des-festivals\/","name":"K\u00fcnstlerischer Beirat des Festivals - Jan\u00e1\u010dek Brno 2023","isPartOf":{"@id":"https:\/\/2023.janacek-brno.cz\/de\/#website"},"datePublished":"2021-10-18T10:50:07+00:00","dateModified":"2021-12-03T13:15:02+00:00","breadcrumb":{"@id":"https:\/\/2023.janacek-brno.cz\/de\/kuenstlerischer-beirat-des-festivals\/#breadcrumb"},"inLanguage":"de-DE","potentialAction":[{"@type":"ReadAction","target":["https:\/\/2023.janacek-brno.cz\/de\/kuenstlerischer-beirat-des-festivals\/"]}]},{"@type":"BreadcrumbList","@id":"https:\/\/2023.janacek-brno.cz\/de\/kuenstlerischer-beirat-des-festivals\/#breadcrumb","itemListElement":[{"@type":"ListItem","position":1,"name":"Home","item":"https:\/\/2023.janacek-brno.cz\/de\/"},{"@type":"ListItem","position":2,"name":"K\u00fcnstlerischer Beirat des Festivals"}]},{"@type":"WebSite","@id":"https:\/\/2023.janacek-brno.cz\/de\/#website","url":"https:\/\/2023.janacek-brno.cz\/de\/","name":"Jan\u00e1\u010dek Brno 2023","description":"Mezin\u00e1rodn\u00ed opern\u00ed a hudebn\u00ed festival","potentialAction":[{"@type":"SearchAction","target":{"@type":"EntryPoint","urlTemplate":"https:\/\/2023.janacek-brno.cz\/de\/?s={search_term_string}"},"query-input":"required name=search_term_string"}],"inLanguage":"de-DE"}]}},"_links":{"self":[{"href":"https:\/\/2023.janacek-brno.cz\/de\/wp-json\/wp\/v2\/pages\/5192"}],"collection":[{"href":"https:\/\/2023.janacek-brno.cz\/de\/wp-json\/wp\/v2\/pages"}],"about":[{"href":"https:\/\/2023.janacek-brno.cz\/de\/wp-json\/wp\/v2\/types\/page"}],"author":[{"embeddable":true,"href":"https:\/\/2023.janacek-brno.cz\/de\/wp-json\/wp\/v2\/users\/1"}],"replies":[{"embeddable":true,"href":"https:\/\/2023.janacek-brno.cz\/de\/wp-json\/wp\/v2\/comments?post=5192"}],"version-history":[{"count":4,"href":"https:\/\/2023.janacek-brno.cz\/de\/wp-json\/wp\/v2\/pages\/5192\/revisions"}],"predecessor-version":[{"id":5196,"href":"https:\/\/2023.janacek-brno.cz\/de\/wp-json\/wp\/v2\/pages\/5192\/revisions\/5196"}],"wp:attachment":[{"href":"https:\/\/2023.janacek-brno.cz\/de\/wp-json\/wp\/v2\/media?parent=5192"}],"curies":[{"name":"wp","href":"https:\/\/api.w.org\/{rel}","templated":true}]}}