{"id":4740,"date":"2021-10-18T12:29:29","date_gmt":"2021-10-18T10:29:29","guid":{"rendered":"https:\/\/2023.janacek-brno.cz\/cestna-rada-festivalu\/"},"modified":"2021-11-29T17:55:20","modified_gmt":"2021-11-29T16:55:20","slug":"ehrenausschuss","status":"publish","type":"page","link":"https:\/\/2023.janacek-brno.cz\/de\/ehrenausschuss\/","title":{"rendered":"EHRENAUSSCHUSS"},"content":{"rendered":"<p>[vc_row gap=&#8220;35&#8243;][vc_column][vc_custom_heading text=&#8220;Robert Carsen&#8220; font_container=&#8220;tag:h2|font_size:28|text_align:center&#8220; use_theme_fonts=&#8220;yes&#8220;][vc_custom_heading text=&#8220;Theaterregisseur&#8220; font_container=&#8220;tag:h2|font_size:17|text_align:center&#8220; use_theme_fonts=&#8220;yes&#8220;][vc_separator el_width=&#8220;50&#8243;][vc_custom_heading text=&#8220;Jakub Hr\u016f\u0161a&#8220; font_container=&#8220;tag:h2|font_size:28|text_align:center&#8220; use_theme_fonts=&#8220;yes&#8220;][vc_custom_heading text=&#8220;Dirigent&#8220; font_container=&#8220;tag:h2|font_size:17|text_align:center&#8220; use_theme_fonts=&#8220;yes&#8220;][vc_separator el_width=&#8220;50&#8243;][vc_custom_heading text=&#8220;Astrid Koblanck&#8220; font_container=&#8220;tag:h2|font_size:28|text_align:center&#8220; use_theme_fonts=&#8220;yes&#8220;][vc_custom_heading text=&#8220;Vorstand der Universal Edition Wien&#8220; font_container=&#8220;tag:h2|font_size:17|text_align:center&#8220; use_theme_fonts=&#8220;yes&#8220;][vc_separator el_width=&#8220;50&#8243;][vc_custom_heading text=&#8220;Tom\u00e1\u0161 Netopil&#8220; font_container=&#8220;tag:h2|font_size:28|text_align:center&#8220; use_theme_fonts=&#8220;yes&#8220;][vc_custom_heading text=&#8220;Dirigent&#8220; font_container=&#8220;tag:h2|font_size:17|text_align:center&#8220; use_theme_fonts=&#8220;yes&#8220;][vc_separator el_width=&#8220;50&#8243;][vc_custom_heading text=&#8220;Milo\u0161 \u0160t\u011bdro\u0148&#8220; font_container=&#8220;tag:h2|font_size:28|text_align:center&#8220; use_theme_fonts=&#8220;yes&#8220;][vc_custom_heading text=&#8220;Musikologe&#8220; font_container=&#8220;tag:h2|font_size:17|text_align:center&#8220; use_theme_fonts=&#8220;yes&#8220;][vc_separator el_width=&#8220;50&#8243;][vc_custom_heading text=&#8220;Tom\u00e1\u0161 Hanus&#8220; font_container=&#8220;tag:h2|font_size:28|text_align:center&#8220; use_theme_fonts=&#8220;yes&#8220;][vc_custom_heading text=&#8220;Dirigent&#8220; font_container=&#8220;tag:h2|font_size:17|text_align:center&#8220; use_theme_fonts=&#8220;yes&#8220;][vc_empty_space height=&#8220;50px&#8220;][\/vc_column][\/vc_row][vc_row content_placement=&#8220;middle&#8220;][vc_column width=&#8220;1\/3&#8243;][vc_single_image image=&#8220;2855&#8243; img_size=&#8220;medium&#8220;][\/vc_column][vc_column width=&#8220;2\/3&#8243;][vc_custom_heading text=&#8220;The International Opera Awards&#8220; use_theme_fonts=&#8220;yes&#8220;][vc_column_text]Innerhalb von nur sechs Festivaljahrg\u00e4ngen ist die Biennale Jan\u00e1\u010dek Brno zu einem der besten Opernfestivals der Welt aufgestiegen. Als erstes Ereignis seiner Art in Tschechien wurde das Festival Jan\u00e1\u010dek Brno bei den begehrten International Opera Awards zum besten Festival des Jahres 2018 gek\u00fcrt (weitere Informationen unter<span data-fusion-font=\"true\"> <u><a href=\"http:\/\/www.operaawards.org\/archive\/2019\/\" target=\"_blank\" rel=\"noopener noreferrer\">www.operaawards.org<\/a><\/u>).<\/span>[\/vc_column_text][\/vc_column][\/vc_row]<\/p>\n","protected":false},"excerpt":{"rendered":"<p>[vc_row gap=&#8220;35&#8243;][vc_column][vc_custom_heading text=&#8220;Robert Carsen&#8220; font_container=&#8220;tag:h2|font_size:28|text_align:center&#8220; use_theme_fonts=&#8220;yes&#8220;][vc_custom_heading text=&#8220;Theaterregisseur&#8220; font_container=&#8220;tag:h2|font_size:17|text_align:center&#8220; use_theme_fonts=&#8220;yes&#8220;][vc_separator el_width=&#8220;50&#8243;][vc_custom_heading text=&#8220;Jakub Hr\u016f\u0161a&#8220; font_container=&#8220;tag:h2|font_size:28|text_align:center&#8220; use_theme_fonts=&#8220;yes&#8220;][vc_custom_heading text=&#8220;Dirigent&#8220; font_container=&#8220;tag:h2|font_size:17|text_align:center&#8220; use_theme_fonts=&#8220;yes&#8220;][vc_separator el_width=&#8220;50&#8243;][vc_custom_heading text=&#8220;Astrid Koblanck&#8220; font_container=&#8220;tag:h2|font_size:28|text_align:center&#8220; use_theme_fonts=&#8220;yes&#8220;][vc_custom_heading text=&#8220;Vorstand der Universal Edition Wien&#8220; font_container=&#8220;tag:h2|font_size:17|text_align:center&#8220; use_theme_fonts=&#8220;yes&#8220;][vc_separator el_width=&#8220;50&#8243;][vc_custom_heading text=&#8220;Tom\u00e1\u0161 Netopil&#8220; font_container=&#8220;tag:h2|font_size:28|text_align:center&#8220; use_theme_fonts=&#8220;yes&#8220;][vc_custom_heading text=&#8220;Dirigent&#8220; font_container=&#8220;tag:h2|font_size:17|text_align:center&#8220; use_theme_fonts=&#8220;yes&#8220;][vc_separator el_width=&#8220;50&#8243;][vc_custom_heading text=&#8220;Milo\u0161 \u0160t\u011bdro\u0148&#8220; font_container=&#8220;tag:h2|font_size:28|text_align:center&#8220; use_theme_fonts=&#8220;yes&#8220;][vc_custom_heading text=&#8220;Musikologe&#8220; font_container=&#8220;tag:h2|font_size:17|text_align:center&#8220; use_theme_fonts=&#8220;yes&#8220;][vc_separator el_width=&#8220;50&#8243;][vc_custom_heading text=&#8220;Tom\u00e1\u0161 Hanus&#8220; font_container=&#8220;tag:h2|font_size:28|text_align:center&#8220; use_theme_fonts=&#8220;yes&#8220;][vc_custom_heading text=&#8220;Dirigent&#8220; font_container=&#8220;tag:h2|font_size:17|text_align:center&#8220; use_theme_fonts=&#8220;yes&#8220;][vc_empty_space height=&#8220;50px&#8220;][\/vc_column][\/vc_row][vc_row content_placement=&#8220;middle&#8220;][vc_column&hellip;<\/p>\n","protected":false},"author":1,"featured_media":0,"parent":0,"menu_order":0,"comment_status":"closed","ping_status":"open","template":"","meta":{"_expiration-date-status":"","_expiration-date":0,"_expiration-date-type":"","_expiration-date-categories":[],"_expiration-date-options":[]},"yoast_head":"<!-- This site is optimized with the Yoast SEO plugin v20.9 - https:\/\/yoast.com\/wordpress\/plugins\/seo\/ -->\n<title>EHRENAUSSCHUSS - Jan\u00e1\u010dek Brno 2023<\/title>\n<meta name=\"robots\" content=\"noindex, follow, max-snippet:-1, max-image-preview:large, max-video-preview:-1\" \/>\n<meta property=\"og:locale\" content=\"de_DE\" \/>\n<meta property=\"og:type\" content=\"article\" \/>\n<meta property=\"og:title\" content=\"EHRENAUSSCHUSS - Jan\u00e1\u010dek Brno 2023\" \/>\n<meta property=\"og:description\" content=\"[vc_row gap=&#8220;35&#8243;][vc_column][vc_custom_heading text=&#8220;Robert Carsen&#8220; font_container=&#8220;tag:h2|font_size:28|text_align:center&#8220; use_theme_fonts=&#8220;yes&#8220;][vc_custom_heading text=&#8220;Theaterregisseur&#8220; font_container=&#8220;tag:h2|font_size:17|text_align:center&#8220; use_theme_fonts=&#8220;yes&#8220;][vc_separator el_width=&#8220;50&#8243;][vc_custom_heading text=&#8220;Jakub Hr\u016f\u0161a&#8220; font_container=&#8220;tag:h2|font_size:28|text_align:center&#8220; use_theme_fonts=&#8220;yes&#8220;][vc_custom_heading text=&#8220;Dirigent&#8220; font_container=&#8220;tag:h2|font_size:17|text_align:center&#8220; use_theme_fonts=&#8220;yes&#8220;][vc_separator el_width=&#8220;50&#8243;][vc_custom_heading text=&#8220;Astrid Koblanck&#8220; font_container=&#8220;tag:h2|font_size:28|text_align:center&#8220; use_theme_fonts=&#8220;yes&#8220;][vc_custom_heading text=&#8220;Vorstand der Universal Edition Wien&#8220; font_container=&#8220;tag:h2|font_size:17|text_align:center&#8220; use_theme_fonts=&#8220;yes&#8220;][vc_separator el_width=&#8220;50&#8243;][vc_custom_heading text=&#8220;Tom\u00e1\u0161 Netopil&#8220; font_container=&#8220;tag:h2|font_size:28|text_align:center&#8220; use_theme_fonts=&#8220;yes&#8220;][vc_custom_heading text=&#8220;Dirigent&#8220; font_container=&#8220;tag:h2|font_size:17|text_align:center&#8220; use_theme_fonts=&#8220;yes&#8220;][vc_separator el_width=&#8220;50&#8243;][vc_custom_heading text=&#8220;Milo\u0161 \u0160t\u011bdro\u0148&#8220; font_container=&#8220;tag:h2|font_size:28|text_align:center&#8220; use_theme_fonts=&#8220;yes&#8220;][vc_custom_heading text=&#8220;Musikologe&#8220; font_container=&#8220;tag:h2|font_size:17|text_align:center&#8220; use_theme_fonts=&#8220;yes&#8220;][vc_separator el_width=&#8220;50&#8243;][vc_custom_heading text=&#8220;Tom\u00e1\u0161 Hanus&#8220; font_container=&#8220;tag:h2|font_size:28|text_align:center&#8220; use_theme_fonts=&#8220;yes&#8220;][vc_custom_heading text=&#8220;Dirigent&#8220; font_container=&#8220;tag:h2|font_size:17|text_align:center&#8220; use_theme_fonts=&#8220;yes&#8220;][vc_empty_space height=&#8220;50px&#8220;][\/vc_column][\/vc_row][vc_row content_placement=&#8220;middle&#8220;][vc_column&hellip;\" \/>\n<meta property=\"og:url\" content=\"https:\/\/2023.janacek-brno.cz\/de\/ehrenausschuss\/\" \/>\n<meta property=\"og:site_name\" content=\"Jan\u00e1\u010dek Brno 2023\" \/>\n<meta property=\"article:modified_time\" content=\"2021-11-29T16:55:20+00:00\" \/>\n<meta name=\"twitter:card\" content=\"summary_large_image\" \/>\n<meta name=\"twitter:label1\" content=\"Gesch\u00e4tzte Lesezeit\" \/>\n\t<meta name=\"twitter:data1\" content=\"2 Minuten\" \/>\n<script type=\"application\/ld+json\" class=\"yoast-schema-graph\">{\"@context\":\"https:\/\/schema.org\",\"@graph\":[{\"@type\":\"WebPage\",\"@id\":\"https:\/\/2023.janacek-brno.cz\/de\/ehrenausschuss\/\",\"url\":\"https:\/\/2023.janacek-brno.cz\/de\/ehrenausschuss\/\",\"name\":\"EHRENAUSSCHUSS - Jan\u00e1\u010dek Brno 2023\",\"isPartOf\":{\"@id\":\"https:\/\/2023.janacek-brno.cz\/de\/#website\"},\"datePublished\":\"2021-10-18T10:29:29+00:00\",\"dateModified\":\"2021-11-29T16:55:20+00:00\",\"breadcrumb\":{\"@id\":\"https:\/\/2023.janacek-brno.cz\/de\/ehrenausschuss\/#breadcrumb\"},\"inLanguage\":\"de-DE\",\"potentialAction\":[{\"@type\":\"ReadAction\",\"target\":[\"https:\/\/2023.janacek-brno.cz\/de\/ehrenausschuss\/\"]}]},{\"@type\":\"BreadcrumbList\",\"@id\":\"https:\/\/2023.janacek-brno.cz\/de\/ehrenausschuss\/#breadcrumb\",\"itemListElement\":[{\"@type\":\"ListItem\",\"position\":1,\"name\":\"Home\",\"item\":\"https:\/\/2023.janacek-brno.cz\/de\/\"},{\"@type\":\"ListItem\",\"position\":2,\"name\":\"EHRENAUSSCHUSS\"}]},{\"@type\":\"WebSite\",\"@id\":\"https:\/\/2023.janacek-brno.cz\/de\/#website\",\"url\":\"https:\/\/2023.janacek-brno.cz\/de\/\",\"name\":\"Jan\u00e1\u010dek Brno 2023\",\"description\":\"Mezin\u00e1rodn\u00ed opern\u00ed a hudebn\u00ed festival\",\"potentialAction\":[{\"@type\":\"SearchAction\",\"target\":{\"@type\":\"EntryPoint\",\"urlTemplate\":\"https:\/\/2023.janacek-brno.cz\/de\/?s={search_term_string}\"},\"query-input\":\"required name=search_term_string\"}],\"inLanguage\":\"de-DE\"}]}<\/script>\n<!-- \/ Yoast SEO plugin. -->","yoast_head_json":{"title":"EHRENAUSSCHUSS - Jan\u00e1\u010dek Brno 2023","robots":{"index":"noindex","follow":"follow","max-snippet":"max-snippet:-1","max-image-preview":"max-image-preview:large","max-video-preview":"max-video-preview:-1"},"og_locale":"de_DE","og_type":"article","og_title":"EHRENAUSSCHUSS - Jan\u00e1\u010dek Brno 2023","og_description":"[vc_row gap=&#8220;35&#8243;][vc_column][vc_custom_heading text=&#8220;Robert Carsen&#8220; font_container=&#8220;tag:h2|font_size:28|text_align:center&#8220; use_theme_fonts=&#8220;yes&#8220;][vc_custom_heading text=&#8220;Theaterregisseur&#8220; font_container=&#8220;tag:h2|font_size:17|text_align:center&#8220; use_theme_fonts=&#8220;yes&#8220;][vc_separator el_width=&#8220;50&#8243;][vc_custom_heading text=&#8220;Jakub Hr\u016f\u0161a&#8220; font_container=&#8220;tag:h2|font_size:28|text_align:center&#8220; use_theme_fonts=&#8220;yes&#8220;][vc_custom_heading text=&#8220;Dirigent&#8220; font_container=&#8220;tag:h2|font_size:17|text_align:center&#8220; use_theme_fonts=&#8220;yes&#8220;][vc_separator el_width=&#8220;50&#8243;][vc_custom_heading text=&#8220;Astrid Koblanck&#8220; font_container=&#8220;tag:h2|font_size:28|text_align:center&#8220; use_theme_fonts=&#8220;yes&#8220;][vc_custom_heading text=&#8220;Vorstand der Universal Edition Wien&#8220; font_container=&#8220;tag:h2|font_size:17|text_align:center&#8220; use_theme_fonts=&#8220;yes&#8220;][vc_separator el_width=&#8220;50&#8243;][vc_custom_heading text=&#8220;Tom\u00e1\u0161 Netopil&#8220; font_container=&#8220;tag:h2|font_size:28|text_align:center&#8220; use_theme_fonts=&#8220;yes&#8220;][vc_custom_heading text=&#8220;Dirigent&#8220; font_container=&#8220;tag:h2|font_size:17|text_align:center&#8220; use_theme_fonts=&#8220;yes&#8220;][vc_separator el_width=&#8220;50&#8243;][vc_custom_heading text=&#8220;Milo\u0161 \u0160t\u011bdro\u0148&#8220; font_container=&#8220;tag:h2|font_size:28|text_align:center&#8220; use_theme_fonts=&#8220;yes&#8220;][vc_custom_heading text=&#8220;Musikologe&#8220; font_container=&#8220;tag:h2|font_size:17|text_align:center&#8220; use_theme_fonts=&#8220;yes&#8220;][vc_separator el_width=&#8220;50&#8243;][vc_custom_heading text=&#8220;Tom\u00e1\u0161 Hanus&#8220; font_container=&#8220;tag:h2|font_size:28|text_align:center&#8220; use_theme_fonts=&#8220;yes&#8220;][vc_custom_heading text=&#8220;Dirigent&#8220; font_container=&#8220;tag:h2|font_size:17|text_align:center&#8220; use_theme_fonts=&#8220;yes&#8220;][vc_empty_space height=&#8220;50px&#8220;][\/vc_column][\/vc_row][vc_row content_placement=&#8220;middle&#8220;][vc_column&hellip;","og_url":"https:\/\/2023.janacek-brno.cz\/de\/ehrenausschuss\/","og_site_name":"Jan\u00e1\u010dek Brno 2023","article_modified_time":"2021-11-29T16:55:20+00:00","twitter_card":"summary_large_image","twitter_misc":{"Gesch\u00e4tzte Lesezeit":"2 Minuten"},"schema":{"@context":"https:\/\/schema.org","@graph":[{"@type":"WebPage","@id":"https:\/\/2023.janacek-brno.cz\/de\/ehrenausschuss\/","url":"https:\/\/2023.janacek-brno.cz\/de\/ehrenausschuss\/","name":"EHRENAUSSCHUSS - Jan\u00e1\u010dek Brno 2023","isPartOf":{"@id":"https:\/\/2023.janacek-brno.cz\/de\/#website"},"datePublished":"2021-10-18T10:29:29+00:00","dateModified":"2021-11-29T16:55:20+00:00","breadcrumb":{"@id":"https:\/\/2023.janacek-brno.cz\/de\/ehrenausschuss\/#breadcrumb"},"inLanguage":"de-DE","potentialAction":[{"@type":"ReadAction","target":["https:\/\/2023.janacek-brno.cz\/de\/ehrenausschuss\/"]}]},{"@type":"BreadcrumbList","@id":"https:\/\/2023.janacek-brno.cz\/de\/ehrenausschuss\/#breadcrumb","itemListElement":[{"@type":"ListItem","position":1,"name":"Home","item":"https:\/\/2023.janacek-brno.cz\/de\/"},{"@type":"ListItem","position":2,"name":"EHRENAUSSCHUSS"}]},{"@type":"WebSite","@id":"https:\/\/2023.janacek-brno.cz\/de\/#website","url":"https:\/\/2023.janacek-brno.cz\/de\/","name":"Jan\u00e1\u010dek Brno 2023","description":"Mezin\u00e1rodn\u00ed opern\u00ed a hudebn\u00ed festival","potentialAction":[{"@type":"SearchAction","target":{"@type":"EntryPoint","urlTemplate":"https:\/\/2023.janacek-brno.cz\/de\/?s={search_term_string}"},"query-input":"required name=search_term_string"}],"inLanguage":"de-DE"}]}},"_links":{"self":[{"href":"https:\/\/2023.janacek-brno.cz\/de\/wp-json\/wp\/v2\/pages\/4740"}],"collection":[{"href":"https:\/\/2023.janacek-brno.cz\/de\/wp-json\/wp\/v2\/pages"}],"about":[{"href":"https:\/\/2023.janacek-brno.cz\/de\/wp-json\/wp\/v2\/types\/page"}],"author":[{"embeddable":true,"href":"https:\/\/2023.janacek-brno.cz\/de\/wp-json\/wp\/v2\/users\/1"}],"replies":[{"embeddable":true,"href":"https:\/\/2023.janacek-brno.cz\/de\/wp-json\/wp\/v2\/comments?post=4740"}],"version-history":[{"count":3,"href":"https:\/\/2023.janacek-brno.cz\/de\/wp-json\/wp\/v2\/pages\/4740\/revisions"}],"predecessor-version":[{"id":4742,"href":"https:\/\/2023.janacek-brno.cz\/de\/wp-json\/wp\/v2\/pages\/4740\/revisions\/4742"}],"wp:attachment":[{"href":"https:\/\/2023.janacek-brno.cz\/de\/wp-json\/wp\/v2\/media?parent=4740"}],"curies":[{"name":"wp","href":"https:\/\/api.w.org\/{rel}","templated":true}]}}